{"id":113,"date":"2022-12-22T07:18:51","date_gmt":"2022-12-22T06:18:51","guid":{"rendered":"http:\/\/www.cortesi.ch\/?page_id=113"},"modified":"2026-03-01T15:58:06","modified_gmt":"2026-03-01T14:58:06","slug":"lebensaufgaben","status":"publish","type":"page","link":"http:\/\/www.cortesi.ch\/index.php\/persoenlichkeitsanalysen\/lebensaufgaben\/","title":{"rendered":"Lebensaufgaben"},"content":{"rendered":"\n<h4 class=\"wp-block-heading\">Schriftliche Pers\u00f6nlichkeitsanalyse &#8222;Sinn und Aufgaben Ihres Lebens&#8220;<\/h4>\n\n\n\n<p>Autorin: Anita Cortesi<\/p>\n\n\n\n<p>Eine karmische Pers\u00f6nlichkeits-Analyse ist die ausf\u00fchrliche Deutung der herausfordernden Themen des Geburtshoroskop. Sie beschreibt die schwierigeren Charaktermerkmale und Aufgaben im Leben.<br><br>Die karmische Pers\u00f6nlichkeits-Analyse ist eine Aufforderung zur Arbeit an sich selbst und eine Unterst\u00fctzung in schwierigen Lebenssituationen und Krisen.<br><br>Die karmische Pers\u00f6nlichkeits-Analyse gibt u.a. Antwort auf folgende Fragen:<\/p>\n\n\n\n<ul class=\"wp-block-list\">\n<li>Welches sind die wichtigsten Herausforderungen in Ihrem Leben?<\/li>\n\n\n\n<li>Was k\u00f6nnen Sie zu einem positiven Umgang beitragen?<\/li>\n\n\n\n<li>Wie zeigen sich diese ?<\/li>\n\n\n\n<li>In welchen Bereichen m\u00f6chten Sie sich verwirklichen?<\/li>\n\n\n\n<li>Welche Talente haben Sie und wie k\u00f6nnen Sie diese einsetzen?<\/li>\n\n\n\n<li>Welche Schw\u00e4chen haben Sie und wie k\u00f6nnen Sie ihnen begegnen?<\/li>\n<\/ul>\n\n\n\n<p>Die Pers\u00f6nlichkeits-Analyse gibt keine Antwort auf Fragen wie:<\/p>\n\n\n\n<ul class=\"wp-block-list\">\n<li>Haben Sie Gl\u00fcck oder Ungl\u00fcck im Leben?<\/li>\n\n\n\n<li>Was ist die richtige Entscheidung?<\/li>\n\n\n\n<li>Wann finden Sie den richtigen Partner, Job usw.?<\/li>\n<\/ul>\n\n\n\n<p><a href=\"http:\/\/www.cortesi.ch\/wp-content\/uploads\/2022\/12\/Lebensaufgaben.pdf\" data-type=\"attachment\" data-id=\"85\">Musteranalyse Lebensaufgaben<\/a><\/p>\n\n\n\n<div style=\"height:20px\" aria-hidden=\"true\" class=\"wp-block-spacer\"><\/div>\n\n\n\n<p class=\"form-hintergrund\"><strong>Analyse &#8222;Lebensaufgaben&#8220; bestellen<\/strong><\/p>\n\n\n\n<p>pdf f\u00fcr CHF\/Euro 25.-<\/p>\n\n\n\n<p>Bitte senden Sie uns ein Mail an <a href=\"mailto:web@cortesi.ch\">web@cortesi.ch<\/a><\/p>\n\n\n\n<p>mit den folgenden Daten:<br>Lebensaufgaben f\u00fcr<br>Vorname:<br>Nachname:<br>Mann oder Frau?<br>Geburtsdatum (Tag, Monat, Jahr):<br>Geburtszeit (Stunde, Minute):<br>Geburtsort und Staat:<br>Horoskopzeichnung ja oder nein? (zus\u00e4tzlich CHF\/Euro 5.-)<\/p>\n\n\n\n<p>Ihre Anschrift:<br>Name, Strasse, Ort und Staat<\/p>\n","protected":false},"excerpt":{"rendered":"<p>Schriftliche Pers\u00f6nlichkeitsanalyse &#8222;Sinn und Aufgaben Ihres Lebens&#8220; Autorin: Anita Cortesi Eine karmische Pers\u00f6nlichkeits-Analyse ist die ausf\u00fchrliche Deutung der herausfordernden Themen des Geburtshoroskop. Sie beschreibt die schwierigeren Charaktermerkmale und Aufgaben im Leben. Die karmische Pers\u00f6nlichkeits-Analyse ist eine Aufforderung zur Arbeit an sich selbst und eine Unterst\u00fctzung in schwierigen Lebenssituationen und Krisen. Die karmische Pers\u00f6nlichkeits-Analyse gibt u.a. [&hellip;]<\/p>\n","protected":false},"author":1,"featured_media":0,"parent":41,"menu_order":0,"comment_status":"closed","ping_status":"closed","template":"","meta":{"footnotes":""},"class_list":["post-113","page","type-page","status-publish","hentry"],"_links":{"self":[{"href":"http:\/\/www.cortesi.ch\/index.php\/wp-json\/wp\/v2\/pages\/113","targetHints":{"allow":["GET"]}}],"collection":[{"href":"http:\/\/www.cortesi.ch\/index.php\/wp-json\/wp\/v2\/pages"}],"about":[{"href":"http:\/\/www.cortesi.ch\/index.php\/wp-json\/wp\/v2\/types\/page"}],"author":[{"embeddable":true,"href":"http:\/\/www.cortesi.ch\/index.php\/wp-json\/wp\/v2\/users\/1"}],"replies":[{"embeddable":true,"href":"http:\/\/www.cortesi.ch\/index.php\/wp-json\/wp\/v2\/comments?post=113"}],"version-history":[{"count":6,"href":"http:\/\/www.cortesi.ch\/index.php\/wp-json\/wp\/v2\/pages\/113\/revisions"}],"predecessor-version":[{"id":826,"href":"http:\/\/www.cortesi.ch\/index.php\/wp-json\/wp\/v2\/pages\/113\/revisions\/826"}],"up":[{"embeddable":true,"href":"http:\/\/www.cortesi.ch\/index.php\/wp-json\/wp\/v2\/pages\/41"}],"wp:attachment":[{"href":"http:\/\/www.cortesi.ch\/index.php\/wp-json\/wp\/v2\/media?parent=113"}],"curies":[{"name":"wp","href":"https:\/\/api.w.org\/{rel}","templated":true}]}}