{"id":126,"date":"2022-12-22T08:40:38","date_gmt":"2022-12-22T07:40:38","guid":{"rendered":"http:\/\/www.cortesi.ch\/?page_id=126"},"modified":"2026-03-01T15:53:46","modified_gmt":"2026-03-01T14:53:46","slug":"kinder-persoenlichkeitsanalyse","status":"publish","type":"page","link":"http:\/\/www.cortesi.ch\/index.php\/persoenlichkeitsanalysen\/kinder-persoenlichkeitsanalyse\/","title":{"rendered":"Kinderanalyse"},"content":{"rendered":"\n<p>Autorin: Anita Cortesi<\/p>\n\n\n\n<p>Eine Kinder-Pers\u00f6nlichkeitsanalyse ist die ausf\u00fchrliche Deutung des Geburtshoroskops mit dem psychologischen Hintergrund der Entwicklung des Kindes. Sie beschreibt Charakterz\u00fcge, Anlagen und besondere Herausforderungen im Leben des Kindes.<br><br>Die Kinder-Pers\u00f6nlichkeitsanalyse hilft Eltern und Erziehern, die individuelle Eigenart des Kindes zu verstehen und das Kind entsprechend zu f\u00f6rdern.<br><br>Die Kinder-Pers\u00f6nlichkeitsanalyse gibt u.a. Antwort auf folgende Fragen:<\/p>\n\n\n\n<ul class=\"wp-block-list\">\n<li>Wie zeigt sich Ihr Kind? Wie f\u00fchlt es?<\/li>\n\n\n\n<li>Wie gestalten Sie das Umfeld Ihres Kindes, damit es sich wohl f\u00fchlt?<\/li>\n\n\n\n<li>Was braucht Ihr Kind, um optimal lernen zu k\u00f6nnen?<\/li>\n\n\n\n<li>In welchen Bereichen braucht es Ihr spezielles Verst\u00e4ndnis und Ihre Hilfe, um seinen Weg zu finden?<\/li>\n\n\n\n<li>Wie k\u00f6nnen Sie es in der Entwicklung seiner Talente bestm\u00f6glich unterst\u00fctzen?<\/li>\n<\/ul>\n\n\n\n<p>Die Kinder-Pers\u00f6nlichkeitsanalyse gibt keine Antwort auf folgende Fragen:<\/p>\n\n\n\n<ul class=\"wp-block-list\">\n<li>Was wird aus Ihrem Kind?<\/li>\n\n\n\n<li>Wie gl\u00fccklich verl\u00e4uft seine Kindheit?<\/li>\n\n\n\n<li>Wie intelligent ist Ihr Kind?<\/li>\n\n\n\n<li><\/li>\n<\/ul>\n\n\n\n<p><a href=\"http:\/\/www.cortesi.ch\/wp-content\/uploads\/2022\/12\/Kinderpersoenlichkeitsanalyse.pdf\" data-type=\"attachment\" data-id=\"84\">Beispiel einer Kinder-Pers\u00f6nlichkeitsanalyse<\/a><\/p>\n\n\n\n<div style=\"height:2px\" aria-hidden=\"true\" class=\"wp-block-spacer\"><\/div>\n\n\n\n<div style=\"height:2px\" aria-hidden=\"true\" class=\"wp-block-spacer\"><\/div>\n\n\n\n<p class=\"form-hintergrund\"><strong>Kinderpers\u00f6nlichkeitsanalyse bestellen<\/strong><\/p>\n\n\n\n<p>pdf f\u00fcr CHF\/Euro 17.50<\/p>\n\n\n\n<p>Bitte senden Sie uns ein Mail an <a href=\"mailto:web@cortesi.ch\">web@cortesi.ch<\/a><\/p>\n\n\n\n<p>mit den folgenden Daten:<br>Kinderanalyse f\u00fcr<br>Vorname:<br>Nachname:<br>Junge oder M\u00e4dchen?<br>Geburtsdatum (Tag, Monat, Jahr):<br>Geburtszeit (Stunde, Minute):<br>Geburtsort und Staat:<br>Horoskopzeichnung ja oder nein? (zus\u00e4tzlich CHF\/Euro 5.-)<\/p>\n\n\n\n<p>Ihre Anschrift:<br>Name, Strasse, Ort und Staat<\/p>\n","protected":false},"excerpt":{"rendered":"<p>Autorin: Anita Cortesi Eine Kinder-Pers\u00f6nlichkeitsanalyse ist die ausf\u00fchrliche Deutung des Geburtshoroskops mit dem psychologischen Hintergrund der Entwicklung des Kindes. Sie beschreibt Charakterz\u00fcge, Anlagen und besondere Herausforderungen im Leben des Kindes. Die Kinder-Pers\u00f6nlichkeitsanalyse hilft Eltern und Erziehern, die individuelle Eigenart des Kindes zu verstehen und das Kind entsprechend zu f\u00f6rdern. Die Kinder-Pers\u00f6nlichkeitsanalyse gibt u.a. Antwort auf [&hellip;]<\/p>\n","protected":false},"author":1,"featured_media":0,"parent":41,"menu_order":0,"comment_status":"closed","ping_status":"closed","template":"","meta":{"footnotes":""},"class_list":["post-126","page","type-page","status-publish","hentry"],"_links":{"self":[{"href":"http:\/\/www.cortesi.ch\/index.php\/wp-json\/wp\/v2\/pages\/126","targetHints":{"allow":["GET"]}}],"collection":[{"href":"http:\/\/www.cortesi.ch\/index.php\/wp-json\/wp\/v2\/pages"}],"about":[{"href":"http:\/\/www.cortesi.ch\/index.php\/wp-json\/wp\/v2\/types\/page"}],"author":[{"embeddable":true,"href":"http:\/\/www.cortesi.ch\/index.php\/wp-json\/wp\/v2\/users\/1"}],"replies":[{"embeddable":true,"href":"http:\/\/www.cortesi.ch\/index.php\/wp-json\/wp\/v2\/comments?post=126"}],"version-history":[{"count":20,"href":"http:\/\/www.cortesi.ch\/index.php\/wp-json\/wp\/v2\/pages\/126\/revisions"}],"predecessor-version":[{"id":823,"href":"http:\/\/www.cortesi.ch\/index.php\/wp-json\/wp\/v2\/pages\/126\/revisions\/823"}],"up":[{"embeddable":true,"href":"http:\/\/www.cortesi.ch\/index.php\/wp-json\/wp\/v2\/pages\/41"}],"wp:attachment":[{"href":"http:\/\/www.cortesi.ch\/index.php\/wp-json\/wp\/v2\/media?parent=126"}],"curies":[{"name":"wp","href":"https:\/\/api.w.org\/{rel}","templated":true}]}}