{"id":141,"date":"2022-12-24T08:38:17","date_gmt":"2022-12-24T07:38:17","guid":{"rendered":"http:\/\/www.cortesi.ch\/?page_id=141"},"modified":"2026-03-01T16:41:24","modified_gmt":"2026-03-01T15:41:24","slug":"partnerschaftsanalyse","status":"publish","type":"page","link":"http:\/\/www.cortesi.ch\/index.php\/persoenlichkeitsanalysen\/partnerschaftsanalyse\/","title":{"rendered":"Partnerschaftsanalyse"},"content":{"rendered":"\n<p>Autorin: Anita Cortesi<\/p>\n\n\n\n<p><br>Eine Partner-Analyse ist der Vergleich von zwei Geburtshoroskopen. Sie beschreibt die Themen, die f\u00fcr ein Paar wichtig sind und beim Zusammenleben mit gro\u00dfer Wahrscheinlichkeit zum Vorschein kommen.<br><br>Die Partner-Analyse kann ein Wegweiser zu einer bewu\u00dften und aktiven Partnerschafts-Gestaltung sein.<\/p>\n\n\n\n<p>Diese Analyse eignet sich nicht f\u00fcr gleichgeschlechtliche Paare.<br><br>Die Partner-Analyse gibt Antwort auf folgende Fragen:<\/p>\n\n\n\n<ul class=\"wp-block-list\">\n<li>Was erwarten Sie von einer Partnerschaft?<\/li>\n\n\n\n<li>Welche Voraussetzungen mu\u00df ein Mann \/ eine Frau erf\u00fcllen, damit Sie sich verlieben?<\/li>\n\n\n\n<li>Was haben Sie mit einem Partner \/ einer Partnerin gemeinsam?<\/li>\n\n\n\n<li>In welchen Bereichen unterscheiden Sie sich?<\/li>\n\n\n\n<li>Wo erg\u00e4nzen Sie sich?<\/li>\n\n\n\n<li>Was sind die Reibungspunkte \/ Konfliktherde? Wie k\u00f6nnen Sie auf eine positive Weise damit umgehen?<\/li>\n<\/ul>\n\n\n\n<p>Die Partner-Analyse gibt keine Antwort auf folgende Fragen:<\/p>\n\n\n\n<ul class=\"wp-block-list\">\n<li>Liebt er\/sie mich wirklich oder nicht?<\/li>\n\n\n\n<li>Wie gut ist meine Partnerschaft?<\/li>\n\n\n\n<li>Hat die Partnerschaft eine Zukunft?<\/li>\n\n\n\n<li>Wie lange wird sie dauern?<\/li>\n\n\n\n<li>Soll ich diesen Partner heiraten?<\/li>\n\n\n\n<li>Gibt es einen besseren Partner f\u00fcr mich?<\/li>\n<\/ul>\n\n\n\n<p><a href=\"http:\/\/www.cortesi.ch\/wp-content\/uploads\/2022\/12\/Partnerschaftsanalyse.pdf\" data-type=\"attachment\" data-id=\"87\">Beispiel einer Partnerschaftsanalyse<\/a><\/p>\n\n\n\n<div style=\"height:10px\" aria-hidden=\"true\" class=\"wp-block-spacer\"><\/div>\n\n\n\n<p class=\"form-hintergrund\"><strong>Partnerschaftsanalyse bestellen<\/strong><\/p>\n\n\n\n<p>pdf f\u00fcr CHF\/Euro 29.-<\/p>\n\n\n\n<p>Diese Analyse ist nicht f\u00fcr gleichgeschlechtliche Partner geeignet.<\/p>\n\n\n\n<p>Bitte senden Sie uns ein Mail an <a href=\"mailto:web@cortesi.ch\">web@cortesi.ch<\/a><\/p>\n\n\n\n<p>mit den folgenden Daten:<br>Partnerschaftsanalyse f\u00fcr<\/p>\n\n\n\n<p>Partner A:<br>&#8211; Vorname:<br>&#8211; Nachname:<br>&#8211; Mann oder Frau?<br>&#8211; Geburtsdatum (Tag, Monat, Jahr):<br>&#8211; Geburtszeit (Stunde, Minute):<br>&#8211; Geburtsort und Staat:<br>Partner B:<br>&#8211; Vorname:<br>&#8211; Nachname:<br>&#8211; Mann oder Frau?<br>&#8211; Geburtsdatum (Tag, Monat, Jahr):<br>&#8211; Geburtszeit (Stunde, Minute):<br>&#8211; Geburtsort und Staat:<br>Horoskopzeichnung ja oder nein? (zus\u00e4tzlich CHF\/Euro 5.-)<\/p>\n\n\n\n<p>Ihre Anschrift:<br>Name, Strasse, Ort und Staat<\/p>\n","protected":false},"excerpt":{"rendered":"<p>Autorin: Anita Cortesi Eine Partner-Analyse ist der Vergleich von zwei Geburtshoroskopen. Sie beschreibt die Themen, die f\u00fcr ein Paar wichtig sind und beim Zusammenleben mit gro\u00dfer Wahrscheinlichkeit zum Vorschein kommen. Die Partner-Analyse kann ein Wegweiser zu einer bewu\u00dften und aktiven Partnerschafts-Gestaltung sein. Diese Analyse eignet sich nicht f\u00fcr gleichgeschlechtliche Paare. Die Partner-Analyse gibt Antwort auf [&hellip;]<\/p>\n","protected":false},"author":1,"featured_media":0,"parent":41,"menu_order":0,"comment_status":"closed","ping_status":"closed","template":"","meta":{"footnotes":""},"class_list":["post-141","page","type-page","status-publish","hentry"],"_links":{"self":[{"href":"http:\/\/www.cortesi.ch\/index.php\/wp-json\/wp\/v2\/pages\/141","targetHints":{"allow":["GET"]}}],"collection":[{"href":"http:\/\/www.cortesi.ch\/index.php\/wp-json\/wp\/v2\/pages"}],"about":[{"href":"http:\/\/www.cortesi.ch\/index.php\/wp-json\/wp\/v2\/types\/page"}],"author":[{"embeddable":true,"href":"http:\/\/www.cortesi.ch\/index.php\/wp-json\/wp\/v2\/users\/1"}],"replies":[{"embeddable":true,"href":"http:\/\/www.cortesi.ch\/index.php\/wp-json\/wp\/v2\/comments?post=141"}],"version-history":[{"count":5,"href":"http:\/\/www.cortesi.ch\/index.php\/wp-json\/wp\/v2\/pages\/141\/revisions"}],"predecessor-version":[{"id":836,"href":"http:\/\/www.cortesi.ch\/index.php\/wp-json\/wp\/v2\/pages\/141\/revisions\/836"}],"up":[{"embeddable":true,"href":"http:\/\/www.cortesi.ch\/index.php\/wp-json\/wp\/v2\/pages\/41"}],"wp:attachment":[{"href":"http:\/\/www.cortesi.ch\/index.php\/wp-json\/wp\/v2\/media?parent=141"}],"curies":[{"name":"wp","href":"https:\/\/api.w.org\/{rel}","templated":true}]}}