{"id":150,"date":"2022-12-26T08:06:20","date_gmt":"2022-12-26T07:06:20","guid":{"rendered":"http:\/\/www.cortesi.ch\/?page_id=150"},"modified":"2026-03-01T16:25:20","modified_gmt":"2026-03-01T15:25:20","slug":"jahresanalyse","status":"publish","type":"page","link":"http:\/\/www.cortesi.ch\/index.php\/persoenlichkeitsanalysen\/jahresanalyse\/","title":{"rendered":"Jahresanalyse"},"content":{"rendered":"\n<p>Transithoroskop, &nbsp;Autorin: Anita Cortesi<\/p>\n\n\n\n<p>ab beliebigem Datum f\u00fcr ein Jahr<br><br>Im Jahreshoroskop werden die Themen beschrieben, die innerhalb eines von Ihnen gew\u00fcnschten Jahres aktuell sind oder sein werden. Durch bessere Kenntnis der eigenen Veranlagung, der wechselnden Vorlieben, Impulse und Hemmschwellen treten Sie der Umwelt innerlich vorbereitet gegen\u00fcber und k\u00f6nnen Ihre Chancen besser nutzen. Das Jahreshoroskop hilft Ihnen, Ihre Gegenwart und Zukunft bewusst zu gestalten.<br><br>Die Jahresanalyse gibt unter anderem Antwort auf folgende Fragen:<\/p>\n\n\n\n<ul class=\"wp-block-list\">\n<li>Steht in diesem Jahr Ihre Beziehung im Zentrum Ihrer Aufmerksamkeit, geht es haupts\u00e4chlich um Wohlbefinden und Privatleben oder mehr um eine aktive Phase in Beruf und Aussenwelt?<\/li>\n\n\n\n<li>Welche Lebenserfahrungen und Grundstimmungen werden f\u00fcr Sie zu welcher Zeit wichtig?<\/li>\n\n\n\n<li>Verf\u00fcgen Sie \u00fcber gen\u00fcgend Energie, um eine berufliche Herausforderung anzunehmen, oder stehen Sie in einer ruhigeren Lebensphase?<\/li>\n\n\n\n<li>Sind Ver\u00e4nderungen in Ihrem Leben angesagt oder geht es mehr darum, dass Sie das Bestehende weiterf\u00fchren?<\/li>\n\n\n\n<li>Werden Sie \u00fcberwiegend in konkreten Bereichen wie Alltag, Partnerschaft, Beruf usw. gefordert oder bringt Ihnen diese Zeit eine Auseinandersetzung mit inneren Werten, mit Ihren Idealen, Ihrer Weltanschauung, Ihren Hoffnungen und Zielen?<\/li>\n<\/ul>\n\n\n\n<p>Die Jahresanalyse gibt keine Antwort auf Fragen wie:<\/p>\n\n\n\n<ul class=\"wp-block-list\">\n<li>Wann treffen Sie den richtigen Partner?<\/li>\n\n\n\n<li>Wie gesund sind Sie in diesem Jahr?<\/li>\n\n\n\n<li>Werden Sie den Job, die Gehaltserh\u00f6hung, das Haus usw. erhalten?<\/li>\n<\/ul>\n\n\n\n<p>Das Jahreshoroskop ist keine Prognose von konkreten Ereignissen, die in dieser Zeitperiode auf Sie warten. W\u00fcrde das tats\u00e4chliche Geschehen in den Sternen stehen, w\u00e4ren Sie nichts weiter als ein Spielball des Schicksals. Gl\u00fccklicherweise hat die Astrologie Grenzen. Sie vermag Stimmungen und Erfahrungen zu beschreiben, aber keine konkreten Vorkommnisse vorauszusagen. Ihr Leben gestalten Sie mit Ihrem freien Willen.<\/p>\n\n\n\n<p>Das Jahreshoroskop beschreibt \u00e4hnlich wie&nbsp;Solarhoroskop&nbsp;und&nbsp;Monatshoroskop&nbsp;die aktuellen Themen. Der Unterschied:<\/p>\n\n\n\n<ul class=\"wp-block-list\">\n<li>Das Solarhoroskop beschreibt tendenziell mehr die Lebensb\u00fchne. Es beschr\u00e4nkt sich auf die wichtigsten, das ganze Jahr aktuelle Themen.<\/li>\n\n\n\n<li>Das Jahreshoroskop beschreibt tendenziell mehr das innere Erleben. Es beschreibt auch Themen, die nur k\u00fcrzere Zeit aktuell sind.<\/li>\n\n\n\n<li>Das Monatshoroskop ist gleich aufgebaut wie das Jahreshoroskop, geht aber weit mehr ins Detail und beschreibt neben den lange anhaltenden Themen auch Stimmungen und Vorlieben einzelner Tage.<\/li>\n<\/ul>\n\n\n\n<p>Das Jahreshoroskop ist in zwei verschiedenen Versionen erh\u00e4ltlich:<\/p>\n\n\n\n<ul class=\"wp-block-list\">\n<li>Standard-Jahresanalyse: beschreibt die Themen des Jahres nach Lebensbereichen wie Beruf, Partnerschaft usw. Astrologisch: Schwerpunkt auf Transiten \u00fcber pers\u00f6nliche Planeten<\/li>\n\n\n\n<li>Karmische Jahresanalyse: beschreibt die Themen des Jahres als Aufgaben dieser Zeit, die es zu l\u00f6sen gilt. Astrologisch: Transite von Jupiter bis Pluto, inkl. Mondknoten und Chiron<\/li>\n<\/ul>\n\n\n\n<p><a href=\"http:\/\/www.cortesi.ch\/wp-content\/uploads\/2022\/12\/Jahresanalyse-standard-2008.pdf\" data-type=\"attachment\" data-id=\"83\">Beispiel einer Standard Jahresanalyse<\/a><\/p>\n\n\n\n<p><a href=\"http:\/\/www.cortesi.ch\/wp-content\/uploads\/2022\/12\/Jahresanalyse-karmisch-2004.pdf\" data-type=\"attachment\" data-id=\"81\">Beispiel einer karmischen Jahresanalyse (Herausforderungen)<\/a><\/p>\n\n\n\n<div style=\"height:10px\" aria-hidden=\"true\" class=\"wp-block-spacer\"><\/div>\n\n\n\n<p class=\"form-hintergrund\"><strong>Jahresanalyse bestellen<\/strong><\/p>\n\n\n\n<p>pdf f\u00fcr CHF\/Euro 29.-<\/p>\n\n\n\n<p>Bitte senden Sie uns ein Mail an <a href=\"mailto:web@cortesi.ch\">web@cortesi.ch<\/a><\/p>\n\n\n\n<p>mit den folgenden Daten:<br>Jahresanalyse f\u00fcr<br>Vorname:<br>Nachname:<br>Mann oder Frau?<br>Geburtsdatum (Tag, Monat, Jahr):<br>Geburtszeit (Stunde, Minute):<br>Geburtsort und Staat:<br>Jahreshoroskop ab (Tag, Monat, Jahr)<br>Standard-Jahresanalyse oder karmische Jahresanalyse (Herausforderungen)?<br>Horoskopzeichnung ja oder nein? (zus\u00e4tzlich CHF\/Euro 5.-)<\/p>\n\n\n\n<p>Ihre Anschrift:<br>Name, Strasse, Ort und Staat<\/p>\n","protected":false},"excerpt":{"rendered":"<p>Transithoroskop, &nbsp;Autorin: Anita Cortesi ab beliebigem Datum f\u00fcr ein Jahr Im Jahreshoroskop werden die Themen beschrieben, die innerhalb eines von Ihnen gew\u00fcnschten Jahres aktuell sind oder sein werden. Durch bessere Kenntnis der eigenen Veranlagung, der wechselnden Vorlieben, Impulse und Hemmschwellen treten Sie der Umwelt innerlich vorbereitet gegen\u00fcber und k\u00f6nnen Ihre Chancen besser nutzen. Das Jahreshoroskop [&hellip;]<\/p>\n","protected":false},"author":1,"featured_media":0,"parent":41,"menu_order":0,"comment_status":"closed","ping_status":"closed","template":"","meta":{"footnotes":""},"class_list":["post-150","page","type-page","status-publish","hentry"],"_links":{"self":[{"href":"http:\/\/www.cortesi.ch\/index.php\/wp-json\/wp\/v2\/pages\/150","targetHints":{"allow":["GET"]}}],"collection":[{"href":"http:\/\/www.cortesi.ch\/index.php\/wp-json\/wp\/v2\/pages"}],"about":[{"href":"http:\/\/www.cortesi.ch\/index.php\/wp-json\/wp\/v2\/types\/page"}],"author":[{"embeddable":true,"href":"http:\/\/www.cortesi.ch\/index.php\/wp-json\/wp\/v2\/users\/1"}],"replies":[{"embeddable":true,"href":"http:\/\/www.cortesi.ch\/index.php\/wp-json\/wp\/v2\/comments?post=150"}],"version-history":[{"count":6,"href":"http:\/\/www.cortesi.ch\/index.php\/wp-json\/wp\/v2\/pages\/150\/revisions"}],"predecessor-version":[{"id":833,"href":"http:\/\/www.cortesi.ch\/index.php\/wp-json\/wp\/v2\/pages\/150\/revisions\/833"}],"up":[{"embeddable":true,"href":"http:\/\/www.cortesi.ch\/index.php\/wp-json\/wp\/v2\/pages\/41"}],"wp:attachment":[{"href":"http:\/\/www.cortesi.ch\/index.php\/wp-json\/wp\/v2\/media?parent=150"}],"curies":[{"name":"wp","href":"https:\/\/api.w.org\/{rel}","templated":true}]}}