{"id":154,"date":"2022-12-26T08:27:20","date_gmt":"2022-12-26T07:27:20","guid":{"rendered":"http:\/\/www.cortesi.ch\/?page_id=154"},"modified":"2026-03-01T16:08:22","modified_gmt":"2026-03-01T15:08:22","slug":"solar","status":"publish","type":"page","link":"http:\/\/www.cortesi.ch\/index.php\/persoenlichkeitsanalysen\/solar\/","title":{"rendered":"Solar"},"content":{"rendered":"\n<p>Geburtstagshoroskop mit aktuellen Themen des n\u00e4chsten Lebensjahres<\/p>\n\n\n\n<p>Autorin: Anita Cortesi<\/p>\n\n\n\n<p>Das Solarhoroskop ist ein Geburtstagshoroskop, das die wichtigsten Themen des kommenden Jahres beschreibt. Sie umspannt einen Zeitraum von Geburtstag zu Geburtstag und beinhaltet ca. 20 Seiten.<br><br>Das Solarhoroskop zeigt, wie Sie im kommenden Jahr Ihr Potential am besten zum Ausdruck bringen k\u00f6nnen. Es zeigt, welche Lebensbereiche besonders im Brennpunkt stehen. Dieses Wissen erm\u00f6glicht es Ihnen, sich vorzubereiten und Ihr Leben entsprechend zu planen. Sie k\u00f6nnen den angesagten Themen kaum ausweichen, aber Sie k\u00f6nnen aus einer breiten Palette von M\u00f6glichkeiten w\u00e4hlen, wie Sie die kommenden Herausforderungen in Ihr Leben integrieren m\u00f6chten.<br><br>Die Solar-Analyse ist in f\u00fcnf Abschnitte gegliedert:<\/p>\n\n\n\n<ol start=\"1\" style=\"list-style-type:1\" class=\"wp-block-list\">\n<li>Pers\u00f6nliche Ausdrucksformen in diesem Jahr<\/li>\n\n\n\n<li>Soziale, berufliche und gesellschaftliche Tendenzen in diesem Jahr<\/li>\n\n\n\n<li>Der Bereich, der sich in diesem Jahr f\u00fcr Ihre Selbstverwirklichung anbietet<\/li>\n\n\n\n<li>Wichtige Themen, die die Stimmung in diesem Jahr vorgeben<\/li>\n\n\n\n<li>Die Lernaufgabe dieses Jahres<\/li>\n<\/ol>\n\n\n\n<p>Die Solaranalyse gibt keine Antwort auf Fragen wie:<\/p>\n\n\n\n<ul class=\"wp-block-list\">\n<li>Wann treffen Sie den richtigen Partner?<\/li>\n\n\n\n<li>Wie gesund sind Sie in diesem Jahr?<\/li>\n\n\n\n<li>Werden Sie den Job, die Gehaltserh\u00f6hung, das Haus usw. erhalten?<\/li>\n<\/ul>\n\n\n\n<p>Das Jahreshoroskop ist keine Prognose von konkreten Ereignissen, die in dieser Zeitperiode auf Sie warten. W\u00fcrde das tats\u00e4chliche Geschehen in den Sternen stehen, w\u00e4ren Sie nichts weiter als ein Spielball des Schicksals. Gl\u00fccklicherweise hat die Astrologie Grenzen. Sie vermag Stimmungen und Erfahrungen zu beschreiben, aber keine konkreten Vorkommnisse vorauszusagen. Ihr Leben gestalten Sie mit Ihrem freien Willen.<\/p>\n\n\n\n<p>Das Solarhoroskop beschreibt \u00e4hnlich wie&nbsp;Jahreshoroskop&nbsp;und&nbsp;Monatshoroskop&nbsp;die aktuellen Themen. Der Unterschied:<\/p>\n\n\n\n<ul class=\"wp-block-list\">\n<li>Das Solarhoroskop beschreibt tendenziell mehr die Lebensb\u00fchne. Es beschr\u00e4nkt sich auf die wichtigsten, das ganze Jahr aktuelle Themen.<\/li>\n\n\n\n<li>Das Jahreshoroskop beschreibt tendenziell mehr das innere Erleben. Es beschreibt auch Themen, die nur k\u00fcrzere Zeit aktuell sind.<\/li>\n\n\n\n<li>Das Monatshoroskop ist gleich aufgebaut wie das Jahreshoroskop, geht aber weit mehr ins Detail und beschreibt neben den lange anhaltenden Themen auch Stimmungen und Vorlieben einzelner Tage.<\/li>\n<\/ul>\n\n\n\n<p><a href=\"http:\/\/www.cortesi.ch\/wp-content\/uploads\/2022\/12\/Solar.pdf\" data-type=\"attachment\" data-id=\"89\">Beispiel einer Solaranalyse<\/a><\/p>\n\n\n\n<div style=\"height:10px\" aria-hidden=\"true\" class=\"wp-block-spacer\"><\/div>\n\n\n\n<p class=\"form-hintergrund\"><strong>Solar bestellen<\/strong><\/p>\n\n\n\n<p>pdf f\u00fcr CHF\/Euro 25.-<\/p>\n\n\n\n<p>Bitte senden Sie uns ein Mail an <a href=\"mailto:web@cortesi.ch\">web@cortesi.ch<\/a><\/p>\n\n\n\n<p>mit den folgenden Daten:<br>Solar f\u00fcr<br>Vorname:<br>Nachname:<br>Mann oder Frau?<br>Geburtsdatum (Tag, Monat, Jahr):<br>Geburtszeit (Stunde, Minute):<br>Geburtsort und Staat:<br>Solarhoroskop f\u00fcr ein Jahr ab dem Geburtstag im Jahr\u00a020 . .<br>Aufenthaltsort am Geburtstag?<br>Horoskopzeichnung ja oder nein? (zus\u00e4tzlich CHF\/Euro 5.-)<\/p>\n\n\n\n<p>Ihre Anschrift:<br>Name, Strasse, Ort und Staat<\/p>\n","protected":false},"excerpt":{"rendered":"<p>Geburtstagshoroskop mit aktuellen Themen des n\u00e4chsten Lebensjahres Autorin: Anita Cortesi Das Solarhoroskop ist ein Geburtstagshoroskop, das die wichtigsten Themen des kommenden Jahres beschreibt. Sie umspannt einen Zeitraum von Geburtstag zu Geburtstag und beinhaltet ca. 20 Seiten. Das Solarhoroskop zeigt, wie Sie im kommenden Jahr Ihr Potential am besten zum Ausdruck bringen k\u00f6nnen. Es zeigt, welche [&hellip;]<\/p>\n","protected":false},"author":1,"featured_media":0,"parent":41,"menu_order":0,"comment_status":"closed","ping_status":"closed","template":"","meta":{"footnotes":""},"class_list":["post-154","page","type-page","status-publish","hentry"],"_links":{"self":[{"href":"http:\/\/www.cortesi.ch\/index.php\/wp-json\/wp\/v2\/pages\/154","targetHints":{"allow":["GET"]}}],"collection":[{"href":"http:\/\/www.cortesi.ch\/index.php\/wp-json\/wp\/v2\/pages"}],"about":[{"href":"http:\/\/www.cortesi.ch\/index.php\/wp-json\/wp\/v2\/types\/page"}],"author":[{"embeddable":true,"href":"http:\/\/www.cortesi.ch\/index.php\/wp-json\/wp\/v2\/users\/1"}],"replies":[{"embeddable":true,"href":"http:\/\/www.cortesi.ch\/index.php\/wp-json\/wp\/v2\/comments?post=154"}],"version-history":[{"count":4,"href":"http:\/\/www.cortesi.ch\/index.php\/wp-json\/wp\/v2\/pages\/154\/revisions"}],"predecessor-version":[{"id":828,"href":"http:\/\/www.cortesi.ch\/index.php\/wp-json\/wp\/v2\/pages\/154\/revisions\/828"}],"up":[{"embeddable":true,"href":"http:\/\/www.cortesi.ch\/index.php\/wp-json\/wp\/v2\/pages\/41"}],"wp:attachment":[{"href":"http:\/\/www.cortesi.ch\/index.php\/wp-json\/wp\/v2\/media?parent=154"}],"curies":[{"name":"wp","href":"https:\/\/api.w.org\/{rel}","templated":true}]}}