{"id":251,"date":"2023-02-24T15:44:26","date_gmt":"2023-02-24T14:44:26","guid":{"rendered":"http:\/\/www.cortesi.ch\/?page_id=251"},"modified":"2023-02-25T12:32:11","modified_gmt":"2023-02-25T11:32:11","slug":"grundsaetzliches-zur-astrologie","status":"publish","type":"page","link":"http:\/\/www.cortesi.ch\/index.php\/astrologisches\/grundsaetzliches-zur-astrologie\/","title":{"rendered":"Grunds\u00e4tzliches"},"content":{"rendered":"\n<div style=\"height:10px\" aria-hidden=\"true\" class=\"wp-block-spacer\"><\/div>\n\n\n\n<h4 class=\"wp-block-heading\">Was ist Astrologie?<\/h4>\n\n\n\n<p>Astrologie ist das uralte Wissen um die Zusammenh\u00e4nge zwischen unserem Sonnensystem und dem Verhalten der Menschen. Das Wort Astrologie leitet sich aus dem Griechischen ab: &#8222;astron&#8220; bedeutet der &#8222;Stern&#8220; und &#8222;logos&#8220; bezeichnet den &#8222;Geist&#8220;. Die Astrologie untersucht die Positionen von Sonne, Mond und Planeten zum Zeitpunkt der Geburt und betrachtet die Konstellationen am Himmel aus der Perspektive des Geburtsortes eines Menschen.<\/p>\n\n\n\n<p>Aber nicht alle Sterne des unendlichen Universums lassen R\u00fcckschl\u00fcsse auf den Menschen zu. Neben Sonne und Mond werden die Stellungen der acht erdnahen Planeten unseres Sonnensystem ber\u00fccksichtigt. Das sind: Merkur, Venus, Mars, Jupiter, Saturn Uranus, Neptun und Pluto.<\/p>\n\n\n\n<figure class=\"wp-block-image aligncenter size-full\"><img loading=\"lazy\" decoding=\"async\" width=\"300\" height=\"144\" src=\"http:\/\/www.cortesi.ch\/wp-content\/uploads\/2023\/02\/wi_planbahnen.gif\" alt=\"\" class=\"wp-image-273\"\/><figcaption class=\"wp-element-caption\">\u00a9 FIREBALL Astro-Guide<\/figcaption><\/figure>\n\n\n\n<p>Aus der Konstellation dieser Planeten zur Geburtszeit l\u00e4\u00dft sich die Grundstruktur der Pers\u00f6nlichkeit eines Menschen ablesen.<\/p>\n\n\n\n<p>Zun\u00e4chst besteht ein astrologisches Geburtsbild aus Symbolen. Um diese Symbole in Sprache und konkrete Beispiele zu \u00fcbersetzen, bedient man sich des Wissens der Psychologie (psychologische Astrologie).<\/p>\n\n\n\n<p>Anders als viele Laien glauben, geht die Astrologie jedoch nicht davon aus, da\u00df die Sterne einen Mensch bei seiner Geburt &#8222;pr\u00e4gen&#8220;. Genau umgekehrt nehmen Astrologen an, da\u00df jeder Mensch mit seinem pers\u00f6nlichen Charakter genau zu dem Zeitpunkt geboren wird, an dem die zu ihm passenden Planetenkonstellation herrscht.<\/p>\n\n\n\n<p>Wissenschaftlich bewiesen werden konnte die Astrologie bisher noch nicht. Trotzdem helfen astrologische Deutungen den Menschen bereits seit mehreren tausend Jahren.<\/p>\n\n\n\n<hr class=\"wp-block-separator has-alpha-channel-opacity is-style-wide\"\/>\n\n\n\n<h4 class=\"wp-block-heading\">Astrologie &#8211; Wegweiser f\u00fcr ein bewussteres Leben<\/h4>\n\n\n\n<p>Astrologie ist ein uraltes Wissen um die Zusammenh\u00e4nge zwischen dem Sonnensystem und dem Verhalten der Menschen. Man untersucht die Positionen von Sonne, Mond und Planeten zum Zeitpunkt und aus der Sicht des Geburtsortes eines Menschen. Daraus l\u00e4sst sich die Grundstruktur der Pers\u00f6nlichkeit dieses Menschen ablesen. Erkenntnisse aus der humanistischen Psychologie, z.B. die Archetypenlehre von C.G.Jung, sowie neuste Computertechnik erg\u00e4nzen die Astrologie, so dass immer detailliertere Beschreibungen der Pers\u00f6nlichkeitsstruktur eines Menschen m\u00f6glich werden.<\/p>\n\n\n\n<p>Dabei geht die Astrologie nicht davon aus, dass ein Mensch bei seiner Geburt von den Sternen &#8222;gepr\u00e4gt&#8220; wird. Es scheint vielmehr ein Ph\u00e4nomen zu geben &#8211; C.G.Jung nannte es Synchronizit\u00e4t &#8211; wonach gleichzeitig an verschiedenen Orten Situationen mit demselben Symbolgehalt ablaufen. Das w\u00fcrde heissen: ein Mensch mit einem bestimmten Charakter wird zu einem ihm gem\u00e4ssen Zeitpunkt mit einer zu ihm passenden Planetenkonstellation geboren.<\/p>\n\n\n\n<p>Ein astrologisches Geburtsbild besteht aus Symbolen. Um diese Symbole in Sprache und konkrete Beispiele zu \u00fcbersetzen, bedarf es der Psychologie. Diese bietet ein allgemeines Grundwissen \u00fcber Entwicklung und Verhalten des Menschen, \u00fcber die Pr\u00e4gung durch die Umwelt und \u00fcber das Unbewusste, \u00fcber \u00c4ngste und Tr\u00e4ume. Die Astrologie erm\u00f6glicht es, die individuellen Schwerpunkte zu erkennen. M\u00f6chte jemand mehr \u00fcber sich, seine Pr\u00e4gungen aus der Kindheit und seine unbewussten Motivationen wissen, so kann eine astrologische Beratung Zusammenh\u00e4nge aufdecken und bewusst machen. Sie zeigt L\u00f6sungswege auf. Fixfertige Rezepte bietet sie jedoch nicht.<\/p>\n\n\n\n<p>Die Aussagem\u00f6glichkeiten der Astrologie k\u00f6nnen an einem Beispiel erkl\u00e4rt werden. Jeder entwickelt im Laufe der ersten Lebensjahre verschiedene Pers\u00f6nlichkeitsteile wie Wille, Gef\u00fchle, Verstand etc. Diese Teilpers\u00f6nlichkeiten kann man sich als einzelne Schauspieler vorstellen, die miteinander das B\u00fchnenst\u00fcck &#8222;Leben&#8220; dieses Menschen spielen. Die Astrologie beschreibt die Schauspieler, ihre Qualit\u00e4ten und Schw\u00e4chen und ihre Beziehungen zueinander. \u00dcber das St\u00fcck, das der Regisseur daraus macht, kann die Astrologie nicht viel aussagen. Es entspricht dem freien Willen des Menschen.<\/p>\n\n\n\n<p>Leben ist Entwicklung. Etwas in unserer Seele dr\u00e4ngt zum Ausdruck. Die Psychologische Astrologie kann uns helfen, dieses Etwas klarer zu erkennen, z.B. mit\u00a0<a href=\"http:\/\/www.cortesi.ch\/index.php\/persoenlichkeitsanalysen\/\" data-type=\"page\" data-id=\"41\">astrologischenPers\u00f6nlichkeitsanalysen<\/a>. Sie zeigt M\u00f6glichkeiten, mit den eigenen St\u00e4rken und Schw\u00e4chen besser umzugehen. Sie ver\u00e4ndert jedoch nichts im Leben; sie zeigt nur den Weg.<\/p>\n\n\n\n<p>Anita Cortesi<\/p>\n\n\n\n<hr class=\"wp-block-separator has-alpha-channel-opacity is-style-wide\"\/>\n\n\n\n<h4 class=\"wp-block-heading\">Beeinflussen die Sterne unser Leben?<\/h4>\n\n\n\n<p>Astrologen glauben nicht daran, da\u00df die Sterne unser Leben beeinflussen! Sie sehen jedoch t\u00e4glich von Neuem, da\u00df Astrologie funktioniert. Sie ist ein ausgezeichnetes Werkzeug, um pers\u00f6nliche Charaktermerkmale zu beschreiben.<\/p>\n\n\n\n<p>Der Sternenhimmel ist vergleichbar mit einem Barometer, auf dem man die Wetterlage ablesen kann. Aus dem Sternenhimmel l\u00e4\u00dft sich die &#8222;Stimmung&#8220; im Kosmos und auf Erden erkennen. Es gibt sehr harmonische Zeiten, aber auch spannungsgeladene.<\/p>\n\n\n\n<p>Genauso wie ein Barometer das Wetter nicht beeinflu\u00dft, sondern es lediglich anzeigt, so sind die Gestirne nur &#8222;Anzeiger&#8220; f\u00fcr Stimmungen, in der Menschen mit bestimmten Charaktereigenschaften geboren werden. Einen direkten Einflu\u00df auf unser Leben haben Sterne nicht.<\/p>\n\n\n\n<p>Die Astrologie kann zwar sehr wohl etwas \u00fcber die Charaktereigenschaften der Menschen aussagen, nicht jedoch \u00fcber konkrete Ereignisse.<\/p>\n\n\n\n<hr class=\"wp-block-separator has-alpha-channel-opacity is-style-wide\"\/>\n\n\n\n<h4 class=\"wp-block-heading\">Was ist Astrologie? &#8211; Ein Vergleich<\/h4>\n\n\n\n<p>Wenn am Morgen der Wecker losgeht, so wissen Sie, wie sp\u00e4t es ist und dass Sie jetzt aufstehen sollten. Die Zeit ist jedoch nicht vom Wecker abh\u00e4ngig, sie geht auch ohne ihn weiter. Auch Sie sind nicht vom Wecker abh\u00e4ngig. Es ist dem Wecker gleich, ob Sie aufstehen oder nicht.<\/p>\n\n\n\n<p>Der Wecker l\u00e4sst sich mit einem Horoskop vergleichen. Dieses zeigt eine Art &#8222;Zeitf\u00e4rbung&#8220; oder Stimmung an. Man kann sie lesen und weiss dann, was die Botschaft bedeutet. Dann kann man abw\u00e4gen, ob man darauf h\u00f6ren will oder nicht. Den Planeten ist es ebenso egal wie dem Wecker.<\/p>\n\n\n\n<p>Sie kennen bestimmt eine innere Stimme, die Ihnen manchmal sagt, was richtig f\u00fcr Sie ist, die Sie z.B. motiviert, den Kontakt zu einem Menschen zu suchen, etwas bestimmtes zu tun, einen Beruf zu ergreifen usw. Die Astrologie sagt \u00c4hnliches aus wie diese innere Stimmen. Sie kann als Best\u00e4tigung f\u00fcr diese oft sehr leisen oder widerspr\u00fcchlichen inneren Stimmen dienen, so dass Sie sich selbst, Ihre W\u00fcnsche und \u00c4ngste und alles, was Sie tun und erleben, besser verstehen k\u00f6nnen.<\/p>\n\n\n\n<p>Der Wecker soll nochmals als Vergleich herangezogen werden. Vielleicht erwachen Sie von allein, doch der Wecker gibt Ihnen die klare Best\u00e4tigung, dass es jetzt Zeit zum Aufstehen ist. Sie sp\u00fcren auch ohne Astrologie, was Ihre innere Stimme von Ihnen will, die Astrologie kann es Ihnen ganz klar machen.<\/p>\n\n\n\n<p>Wenn Sie den Wecker ignorieren und im Bett bleiben, hat dies Konsequenzen. Sie kommen z.B. zu sp\u00e4t zur Arbeit. Auch wenn Sie Ihre innere Stimme, bzw. die von den Planeten angezeigte &#8222;Zeitf\u00e4rbung&#8220; nicht wahrhaben wollen, m\u00fcssen Sie die Konsequenzen tragen. Sie f\u00fchlen sich dann unzufrieden und nicht im Gleichgewicht.<\/p>\n\n\n\n<hr class=\"wp-block-separator has-alpha-channel-opacity is-style-wide\"\/>\n\n\n\n<h4 class=\"wp-block-heading\">Was ist ein Horoskop?<\/h4>\n\n\n\n<p>Ein Horoskop oder Horoskopbild ist zun\u00e4chst einmal die graphische Darstellung der Planetenkonstellation zu einem bestimmten Zeitpunkt. Das Wort &#8222;Horoskop&#8220; bedeutet &#8222;Stundenschau&#8220;.<\/p>\n\n\n\n<p>Ein Geburtshoroskop zeigt die Stellungen der Sonne, des Mondes und \u00fcblicherweise der acht erdnahen Planeten zur Geburtszeit und aus der Sicht des Geburtsortes. Ein Horoskopbild ist meistens kreisf\u00f6rmig dargestellt und besteht aus verschiedenen Symbolen.<\/p>\n\n\n\n<p>Auf Grund eines Horoskopbildes deutet ein Astrologe nicht nur den Charakter, die Triebe und Neigungen eines Menschen, sondern zieht auch R\u00fcckschl\u00fcsse auf seine Talente und sein entwicklungsf\u00e4higes Potential.<\/p>\n\n\n\n<hr class=\"wp-block-separator has-alpha-channel-opacity is-style-wide\"\/>\n\n\n\n<h4 class=\"wp-block-heading\">Aufbau eines Horoskops in f\u00fcnf Schritten<\/h4>\n\n\n\n<p>Am Beispiel des Horoskops von Albert Einstein wird der Aufbau schrittweise gezeigt:<\/p>\n\n\n\n<h5 class=\"wp-block-heading\">1. Die Planeten<\/h5>\n\n\n\n<figure class=\"wp-block-image aligncenter size-full\"><img loading=\"lazy\" decoding=\"async\" width=\"300\" height=\"206\" src=\"http:\/\/www.cortesi.ch\/wp-content\/uploads\/2023\/02\/wi_stepPlan.gif\" alt=\"\" class=\"wp-image-275\"\/><figcaption class=\"wp-element-caption\">\u00a9 FIREBALL Astro-Guide<\/figcaption><\/figure>\n\n\n\n<p>Zur Geburtsstunde eines Menschen herrscht eine ganz bestimmte Gestirns-Konstellation vor. Das Bild zeigt den &#8222;Sternenhimmel&#8220; \u00fcber Ulm, am 14.3.1879, um 11 30 Uhr zur Zeit der Geburt von Albert Einstein. Acht der zehn astrologisch bedeutenden Gestirne stehen am Himmel, unter ihnen die Sonne. Die restlichen zwei, darunter der Mond, sind &#8222;auf der andern Seite&#8220; der Erde.<\/p>\n\n\n\n<p>Gestirne am Himmel entsprechen tendenziell bewussten Charaktermerkmalen. Gestirne &#8222;auf der anderen Seite&#8220; der Erde deuten auf Eigenschaften, die erst im Laufe des Lebens ins Bewusstsein treten.<\/p>\n\n\n\n<p><a href=\"http:\/\/www.cortesi.ch\/index.php\/astrologisches\/die-planeten\/\" data-type=\"page\" data-id=\"409\">mehr \u00fcber Planeten<\/a><\/p>\n\n\n\n<div style=\"height:10px\" aria-hidden=\"true\" class=\"wp-block-spacer\"><\/div>\n\n\n\n<h5 class=\"wp-block-heading\">2. der Tierkreis<\/h5>\n\n\n\n<figure class=\"wp-block-image aligncenter size-full\"><img loading=\"lazy\" decoding=\"async\" width=\"300\" height=\"310\" src=\"http:\/\/www.cortesi.ch\/wp-content\/uploads\/2023\/02\/wi_stepTK.gif\" alt=\"\" class=\"wp-image-276\"\/><figcaption class=\"wp-element-caption\">\u00a9 FIREBALL Astro-Guide<\/figcaption><\/figure>\n\n\n\n<p>Die Planeten liegen auf der Ekliptik oder dem Tierkreis. Jeder Planet steht vor dem Hintergrund eines bestimmten Tierkreiszeichens. F\u00fcr Einsteins Horoskop hei\u00dft dies:<\/p>\n\n\n\n<ul class=\"wp-block-list\">\n<li>Die Sonne stand im Tierkreiszeichen Fische<br>=&gt; intuitiver, feinf\u00fchliger, phantasievoller Charakter<br>Ausf\u00fchrliche Deutung f\u00fcr <a href=\"http:\/\/www.cortesi.ch\/index.php\/sonne-im-tierkreiszeichen-fische\/\" data-type=\"page\" data-id=\"298\">Sonne in Fische<\/a><\/li>\n\n\n\n<li>Der Mond stand im Tierkreiszeichen Sch\u00fctze<br>=&gt; optimistisches, begeisterungsf\u00e4higes Naturell<br>Ausf\u00fchrliche Deutung f\u00fcr <a href=\"http:\/\/www.cortesi.ch\/index.php\/mond-im-tierkreiszeichen-schuetze\/\" data-type=\"page\" data-id=\"302\">Mond in Sch\u00fctze<\/a><\/li>\n\n\n\n<li>Der Merkur stand im Tierkreiszeichen Widder<br>=&gt; ein Pionier im Denken<br>Ausf\u00fchrliche Deutung f\u00fcr <a href=\"http:\/\/www.cortesi.ch\/index.php\/merkur-im-tierkreiszeichen-widder\/\" data-type=\"page\" data-id=\"304\">Merkur in Widder<\/a><\/li>\n<\/ul>\n\n\n\n<p><a href=\"http:\/\/www.cortesi.ch\/index.php\/astrologisches\/der-tierkreis\/\" data-type=\"page\" data-id=\"309\">mehr \u00fcber den Tierkreis<\/a><\/p>\n\n\n\n<div style=\"height:10px\" aria-hidden=\"true\" class=\"wp-block-spacer\"><\/div>\n\n\n\n<h5 class=\"wp-block-heading\">3. der aszendent<\/h5>\n\n\n\n<figure class=\"wp-block-image aligncenter size-full\"><img loading=\"lazy\" decoding=\"async\" width=\"300\" height=\"310\" src=\"http:\/\/www.cortesi.ch\/wp-content\/uploads\/2023\/02\/wi_stepac.gif\" alt=\"\" class=\"wp-image-277\"\/><figcaption class=\"wp-element-caption\">\u00a9 FIREBALL Astro-Guide<\/figcaption><\/figure>\n\n\n\n<p>Der Aszendent ist das Tierkreiszeichen, das am \u00f6stlichen Horizont zur Geburtsstunde &#8222;aufsteigt&#8220;.<\/p>\n\n\n\n<ul class=\"wp-block-list\">\n<li>Einsteins Aszendent war im Zeichen Krebs<br>=&gt; zeigt sich f\u00fcrsorglich und einf\u00fchlsam, lehnt gerne an<br>Ausf\u00fchrliche Deutung f\u00fcr <a href=\"http:\/\/www.cortesi.ch\/index.php\/aszendent-im-tierkreiszeichen-krebs\/\" data-type=\"page\" data-id=\"306\">Aszendent in Krebs<\/a><\/li>\n<\/ul>\n\n\n\n<p><a href=\"http:\/\/www.cortesi.ch\/index.php\/astrologisches\/der-aszendent\/\" data-type=\"page\" data-id=\"361\">mehr \u00fcber den Aszendenten<\/a><\/p>\n\n\n\n<div style=\"height:10px\" aria-hidden=\"true\" class=\"wp-block-spacer\"><\/div>\n\n\n\n<h5 class=\"wp-block-heading\">4. Die Zw\u00f6lf H\u00e4user<\/h5>\n\n\n\n<figure class=\"wp-block-image aligncenter size-full\"><img loading=\"lazy\" decoding=\"async\" width=\"300\" height=\"310\" src=\"http:\/\/www.cortesi.ch\/wp-content\/uploads\/2023\/02\/wi_stepHaus.gif\" alt=\"\" class=\"wp-image-279\"\/><figcaption class=\"wp-element-caption\">\u00a9 FIREBALL Astro-Guide<\/figcaption><\/figure>\n\n\n\n<p>Der n\u00e4chste wichtige Baustein eines Horoskops ist das H\u00e4usersystem. Dies ist eine weitere Einteilung des Horoskopkreises in zw\u00f6lf Bereiche. Der Halbkreis \u00fcber dem Horizont wird in sechs Bereiche oder H\u00e4user unterteilt, die je nach Jahreszeit, Tageszeit und geographischer Breite unterschiedlich gross sind, analog dazu der Halbkreis unter dem Horizont.<\/p>\n\n\n\n<p>Jedes Haus entspricht einem bestimmten Lebensbereich.<\/p>\n\n\n\n<ul class=\"wp-block-list\">\n<li>In Einsteins Horoskop stehen die Sonne und drei weitere Planeten im zehnten Haus, dem Lebensbereich &#8222;Beruf und \u00d6ffentlichkeit&#8220;. F\u00fcr ihn war dieser Bereich von zentraler Wichtigkeit.<br>Ausf\u00fchrliche Deutung f\u00fcr:<br><a href=\"http:\/\/www.cortesi.ch\/index.php\/sonne-im-10-haus\/\" data-type=\"page\" data-id=\"285\">Sonne im zehnten Haus<\/a><br><a href=\"http:\/\/www.cortesi.ch\/index.php\/merkur-im-10-haus\/\" data-type=\"page\" data-id=\"287\">Merkur im zehnten Haus<\/a><br><a href=\"http:\/\/www.cortesi.ch\/index.php\/saturn-im-10-haus\/\" data-type=\"page\" data-id=\"289\">Saturn im zehnten Haus<\/a><br><a href=\"http:\/\/www.cortesi.ch\/index.php\/venus-im-10-haus\/\" data-type=\"page\" data-id=\"293\">Venus im zehnten Haus<\/a><\/li>\n<\/ul>\n\n\n\n<p><a href=\"http:\/\/www.cortesi.ch\/index.php\/astrologisches\/die-haeuser\/\" data-type=\"page\" data-id=\"406\">mehr \u00fcber H\u00e4user<\/a><\/p>\n\n\n\n<div style=\"height:10px\" aria-hidden=\"true\" class=\"wp-block-spacer\"><\/div>\n\n\n\n<h5 class=\"wp-block-heading\">5. Die aspekte<\/h5>\n\n\n\n<figure class=\"wp-block-image aligncenter size-full is-resized\"><img loading=\"lazy\" decoding=\"async\" src=\"http:\/\/www.cortesi.ch\/wp-content\/uploads\/2023\/02\/wi_stepAsp.gif\" alt=\"\" class=\"wp-image-280\" width=\"300\" height=\"310\"\/><figcaption class=\"wp-element-caption\">\u00a9 FIREBALL Astro-Guide<\/figcaption><\/figure>\n\n\n\n<p>Planeten stehen in Beziehungen zu einander. Sie stehen nahe beieinander, sich gegen\u00fcber oder in ganz bestimmten Winkelbeziehungen.<\/p>\n\n\n\n<ul class=\"wp-block-list\">\n<li>Im Horoskop von Einstein stehen Merkur und Saturn eng beisammen. Merkur, der Repr\u00e4sentant f\u00fcr Denken ist eng verbunden mit Saturn, dem Symbol f\u00fcr Klarheit, Struktur und Ausdauer.<br>Ausf\u00fchrliche Deutung f\u00fcr&nbsp;<a href=\"http:\/\/www.cortesi.ch\/index.php\/merkur-saturn-in-konjunktion\/\" data-type=\"page\" data-id=\"282\">Merkur Konjunktion Saturn<\/a><\/li>\n<\/ul>\n\n\n\n<p><a href=\"http:\/\/www.cortesi.ch\/index.php\/astrologisches\/aspekte\/\" data-type=\"page\" data-id=\"451\">Mehr \u00fcber Aspekte<\/a><\/p>\n","protected":false},"excerpt":{"rendered":"<p>Was ist Astrologie? Astrologie ist das uralte Wissen um die Zusammenh\u00e4nge zwischen unserem Sonnensystem und dem Verhalten der Menschen. Das Wort Astrologie leitet sich aus dem Griechischen ab: &#8222;astron&#8220; bedeutet der &#8222;Stern&#8220; und &#8222;logos&#8220; bezeichnet den &#8222;Geist&#8220;. Die Astrologie untersucht die Positionen von Sonne, Mond und Planeten zum Zeitpunkt der Geburt und betrachtet die Konstellationen [&hellip;]<\/p>\n","protected":false},"author":1,"featured_media":0,"parent":39,"menu_order":0,"comment_status":"closed","ping_status":"closed","template":"","meta":{"footnotes":""},"class_list":["post-251","page","type-page","status-publish","hentry"],"_links":{"self":[{"href":"http:\/\/www.cortesi.ch\/index.php\/wp-json\/wp\/v2\/pages\/251","targetHints":{"allow":["GET"]}}],"collection":[{"href":"http:\/\/www.cortesi.ch\/index.php\/wp-json\/wp\/v2\/pages"}],"about":[{"href":"http:\/\/www.cortesi.ch\/index.php\/wp-json\/wp\/v2\/types\/page"}],"author":[{"embeddable":true,"href":"http:\/\/www.cortesi.ch\/index.php\/wp-json\/wp\/v2\/users\/1"}],"replies":[{"embeddable":true,"href":"http:\/\/www.cortesi.ch\/index.php\/wp-json\/wp\/v2\/comments?post=251"}],"version-history":[{"count":17,"href":"http:\/\/www.cortesi.ch\/index.php\/wp-json\/wp\/v2\/pages\/251\/revisions"}],"predecessor-version":[{"id":518,"href":"http:\/\/www.cortesi.ch\/index.php\/wp-json\/wp\/v2\/pages\/251\/revisions\/518"}],"up":[{"embeddable":true,"href":"http:\/\/www.cortesi.ch\/index.php\/wp-json\/wp\/v2\/pages\/39"}],"wp:attachment":[{"href":"http:\/\/www.cortesi.ch\/index.php\/wp-json\/wp\/v2\/media?parent=251"}],"curies":[{"name":"wp","href":"https:\/\/api.w.org\/{rel}","templated":true}]}}