{"id":282,"date":"2023-02-15T08:24:04","date_gmt":"2023-02-15T07:24:04","guid":{"rendered":"http:\/\/www.cortesi.ch\/?page_id=282"},"modified":"2023-02-15T08:24:04","modified_gmt":"2023-02-15T07:24:04","slug":"merkur-saturn-in-konjunktion","status":"publish","type":"page","link":"http:\/\/www.cortesi.ch\/index.php\/merkur-saturn-in-konjunktion\/","title":{"rendered":"Merkur Saturn in Konjunktion"},"content":{"rendered":"\n<h4 class=\"wp-block-heading\">Hohe Anforderung an Denken und Sprechen<\/h4>\n\n\n\n<p>Sie stellen einen hohen Anspruch an Ihr Denken und Wissen und werden es sich kaum gestatten, etwas Falsches zu sagen. &#8222;Erst denken, dann reden!&#8220; k\u00f6nnte Ihre Devise lauten; und so sind Sie im Gespr\u00e4ch eher zur\u00fcckhaltend. In einer kritischen und sachlichen Haltung pr\u00fcfen Sie auch, was andere sagen. Von sich wie von anderen verlangen Sie klare, strukturierte Kommunikation. Sie sind kein spontaner Redner, doch Sie haben eine beachtliche rhetorische F\u00e4higkeit: Sie k\u00f6nnen eine Idee so formulieren, dass der andere dem Gesagten auch folgen und Sie verstehen kann.<\/p>\n\n\n\n<p>Sie lernen systematisch und gr\u00fcndlich, langsam zwar, daf\u00fcr sitzt jedoch das Gelernte. Dieser innere Perfektionsanspruch kann Sie entweder v\u00f6llig l\u00e4hmen, nach dem Motto: &#8222;Das kann ich ja doch nie!&#8220; oder Sie zu enormen Leistungen anspornen. Die Forderung, nichts Falsches zu sagen, l\u00e4sst Sie die Dinge beharrlich durchdenken und \u00f6ffnet Ihnen dadurch den Weg zu einer fachlichen Autorit\u00e4t. Ihre Interessen sind eher traditionell und konservativ. Sie neigen dazu, an einmal gefassten Ideen und Konzepten festzuhalten, was im Positiven Ausdauer und grosses Fachwissen und im Negativen ein unflexibles Beharren auf dem einmal Gelernten bedeuten kann.<\/p>\n","protected":false},"excerpt":{"rendered":"<p>Hohe Anforderung an Denken und Sprechen Sie stellen einen hohen Anspruch an Ihr Denken und Wissen und werden es sich kaum gestatten, etwas Falsches zu sagen. &#8222;Erst denken, dann reden!&#8220; k\u00f6nnte Ihre Devise lauten; und so sind Sie im Gespr\u00e4ch eher zur\u00fcckhaltend. In einer kritischen und sachlichen Haltung pr\u00fcfen Sie auch, was andere sagen. Von [&hellip;]<\/p>\n","protected":false},"author":1,"featured_media":0,"parent":0,"menu_order":0,"comment_status":"closed","ping_status":"closed","template":"","meta":{"footnotes":""},"class_list":["post-282","page","type-page","status-publish","hentry"],"_links":{"self":[{"href":"http:\/\/www.cortesi.ch\/index.php\/wp-json\/wp\/v2\/pages\/282","targetHints":{"allow":["GET"]}}],"collection":[{"href":"http:\/\/www.cortesi.ch\/index.php\/wp-json\/wp\/v2\/pages"}],"about":[{"href":"http:\/\/www.cortesi.ch\/index.php\/wp-json\/wp\/v2\/types\/page"}],"author":[{"embeddable":true,"href":"http:\/\/www.cortesi.ch\/index.php\/wp-json\/wp\/v2\/users\/1"}],"replies":[{"embeddable":true,"href":"http:\/\/www.cortesi.ch\/index.php\/wp-json\/wp\/v2\/comments?post=282"}],"version-history":[{"count":1,"href":"http:\/\/www.cortesi.ch\/index.php\/wp-json\/wp\/v2\/pages\/282\/revisions"}],"predecessor-version":[{"id":283,"href":"http:\/\/www.cortesi.ch\/index.php\/wp-json\/wp\/v2\/pages\/282\/revisions\/283"}],"wp:attachment":[{"href":"http:\/\/www.cortesi.ch\/index.php\/wp-json\/wp\/v2\/media?parent=282"}],"curies":[{"name":"wp","href":"https:\/\/api.w.org\/{rel}","templated":true}]}}