{"id":285,"date":"2023-02-15T08:29:38","date_gmt":"2023-02-15T07:29:38","guid":{"rendered":"http:\/\/www.cortesi.ch\/?page_id=285"},"modified":"2023-02-15T08:29:38","modified_gmt":"2023-02-15T07:29:38","slug":"sonne-im-10-haus","status":"publish","type":"page","link":"http:\/\/www.cortesi.ch\/index.php\/sonne-im-10-haus\/","title":{"rendered":"Sonne im 10. Haus"},"content":{"rendered":"\n<h4 class=\"wp-block-heading\">Die Wichtigkeit der gesellschaftlichen Stellung<\/h4>\n\n\n\n<p>Die Qualit\u00e4ten des Sonnezeichens wollen vor allem im Beruf und an der \u00d6ffentlichkeit zum Ausdruck gebracht werden. Sie brauchen ein klar definiertes Ziel, Struktur und Verantwortung, und Sie m\u00f6chten diszipliniert und mit viel Ausdauer daf\u00fcr arbeiten k\u00f6nnen. Ein gewisses Mass an Ehrgeiz ist durchaus positiv zu werten, und Sie sollten dem Bed\u00fcrfnis, etwas zu erreichen und daf\u00fcr Anerkennung zu ernten, m\u00f6glichst ungehindert Ausdruck geben.<\/p>\n\n\n\n<p>Beruf und gesellschaftliche Stellung sind f\u00fcr Sie zentrale Lebensthemen, die wesentlich dazu beitragen, Ihre Identit\u00e4t und Ich-Wahrnehmung zu st\u00e4rken und sich selbst zu verwirklichen. Dabei ist es wichtig, zu unterscheiden, was Ihnen entspricht und was Sie nur tun, um gesellschaftliche Beachtung zu erhalten. Es geht darum, Priorit\u00e4ten zu setzen, eine eigene Autorit\u00e4t zu werden und f\u00fcr Ihr Leben sowohl die Verantwortung wie die Konsequenzen zu \u00fcbernehmen.<\/p>\n","protected":false},"excerpt":{"rendered":"<p>Die Wichtigkeit der gesellschaftlichen Stellung Die Qualit\u00e4ten des Sonnezeichens wollen vor allem im Beruf und an der \u00d6ffentlichkeit zum Ausdruck gebracht werden. Sie brauchen ein klar definiertes Ziel, Struktur und Verantwortung, und Sie m\u00f6chten diszipliniert und mit viel Ausdauer daf\u00fcr arbeiten k\u00f6nnen. Ein gewisses Mass an Ehrgeiz ist durchaus positiv zu werten, und Sie sollten [&hellip;]<\/p>\n","protected":false},"author":1,"featured_media":0,"parent":0,"menu_order":0,"comment_status":"closed","ping_status":"closed","template":"","meta":{"footnotes":""},"class_list":["post-285","page","type-page","status-publish","hentry"],"_links":{"self":[{"href":"http:\/\/www.cortesi.ch\/index.php\/wp-json\/wp\/v2\/pages\/285","targetHints":{"allow":["GET"]}}],"collection":[{"href":"http:\/\/www.cortesi.ch\/index.php\/wp-json\/wp\/v2\/pages"}],"about":[{"href":"http:\/\/www.cortesi.ch\/index.php\/wp-json\/wp\/v2\/types\/page"}],"author":[{"embeddable":true,"href":"http:\/\/www.cortesi.ch\/index.php\/wp-json\/wp\/v2\/users\/1"}],"replies":[{"embeddable":true,"href":"http:\/\/www.cortesi.ch\/index.php\/wp-json\/wp\/v2\/comments?post=285"}],"version-history":[{"count":1,"href":"http:\/\/www.cortesi.ch\/index.php\/wp-json\/wp\/v2\/pages\/285\/revisions"}],"predecessor-version":[{"id":286,"href":"http:\/\/www.cortesi.ch\/index.php\/wp-json\/wp\/v2\/pages\/285\/revisions\/286"}],"wp:attachment":[{"href":"http:\/\/www.cortesi.ch\/index.php\/wp-json\/wp\/v2\/media?parent=285"}],"curies":[{"name":"wp","href":"https:\/\/api.w.org\/{rel}","templated":true}]}}