{"id":287,"date":"2023-02-15T08:33:14","date_gmt":"2023-02-15T07:33:14","guid":{"rendered":"http:\/\/www.cortesi.ch\/?page_id=287"},"modified":"2023-02-15T08:33:14","modified_gmt":"2023-02-15T07:33:14","slug":"merkur-im-10-haus","status":"publish","type":"page","link":"http:\/\/www.cortesi.ch\/index.php\/merkur-im-10-haus\/","title":{"rendered":"Merkur im 10. Haus"},"content":{"rendered":"\n<h4 class=\"wp-block-heading\">Zu einer fachlichen Autorit\u00e4t berufen<\/h4>\n\n\n\n<p>Sie wollen einen Beruf oder eine Stellung in der Gesellschaft, wo Sie Ihr Wissen und Denken und Ihre sprachlichen F\u00e4higkeiten anbringen k\u00f6nnen. Kommunikation, Austausch, Handel oder Wissens- und Informationsvermittlung sind f\u00fcr Sie zentrale Berufsthemen. Sie verf\u00fcgen \u00fcber gen\u00fcgend Selbstdisziplin, sich das daf\u00fcr notwendige Wissen anzueignen. Sie lernen zielgerichtet und gr\u00fcndlich und haben gute Anlagen, zu einer fachlichen Autorit\u00e4t zu werden. Sie sind bereit, Verantwortung zu \u00fcbernehmen f\u00fcr das, was Sie sagen. Im Gespr\u00e4ch eignen Sie sich Struktur und Gr\u00fcndlichkeit an, eventuell auch F\u00fchrungsqualit\u00e4ten.<\/p>\n\n\n\n<p>Ihre Interessen sind auf \u00f6ffentliche Bereiche, Politik, Management, Gesetzgebung und F\u00fchrung gerichtet. Autorit\u00e4ten interessieren Sie und lassen in Ihnen den Wunsch aufkommen, die eigene fachliche Kompetenz zu steigern.<\/p>\n","protected":false},"excerpt":{"rendered":"<p>Zu einer fachlichen Autorit\u00e4t berufen Sie wollen einen Beruf oder eine Stellung in der Gesellschaft, wo Sie Ihr Wissen und Denken und Ihre sprachlichen F\u00e4higkeiten anbringen k\u00f6nnen. Kommunikation, Austausch, Handel oder Wissens- und Informationsvermittlung sind f\u00fcr Sie zentrale Berufsthemen. Sie verf\u00fcgen \u00fcber gen\u00fcgend Selbstdisziplin, sich das daf\u00fcr notwendige Wissen anzueignen. Sie lernen zielgerichtet und gr\u00fcndlich [&hellip;]<\/p>\n","protected":false},"author":1,"featured_media":0,"parent":0,"menu_order":0,"comment_status":"closed","ping_status":"closed","template":"","meta":{"footnotes":""},"class_list":["post-287","page","type-page","status-publish","hentry"],"_links":{"self":[{"href":"http:\/\/www.cortesi.ch\/index.php\/wp-json\/wp\/v2\/pages\/287","targetHints":{"allow":["GET"]}}],"collection":[{"href":"http:\/\/www.cortesi.ch\/index.php\/wp-json\/wp\/v2\/pages"}],"about":[{"href":"http:\/\/www.cortesi.ch\/index.php\/wp-json\/wp\/v2\/types\/page"}],"author":[{"embeddable":true,"href":"http:\/\/www.cortesi.ch\/index.php\/wp-json\/wp\/v2\/users\/1"}],"replies":[{"embeddable":true,"href":"http:\/\/www.cortesi.ch\/index.php\/wp-json\/wp\/v2\/comments?post=287"}],"version-history":[{"count":1,"href":"http:\/\/www.cortesi.ch\/index.php\/wp-json\/wp\/v2\/pages\/287\/revisions"}],"predecessor-version":[{"id":288,"href":"http:\/\/www.cortesi.ch\/index.php\/wp-json\/wp\/v2\/pages\/287\/revisions\/288"}],"wp:attachment":[{"href":"http:\/\/www.cortesi.ch\/index.php\/wp-json\/wp\/v2\/media?parent=287"}],"curies":[{"name":"wp","href":"https:\/\/api.w.org\/{rel}","templated":true}]}}