{"id":289,"date":"2023-02-15T08:36:18","date_gmt":"2023-02-15T07:36:18","guid":{"rendered":"http:\/\/www.cortesi.ch\/?page_id=289"},"modified":"2023-02-15T08:36:18","modified_gmt":"2023-02-15T07:36:18","slug":"saturn-im-10-haus","status":"publish","type":"page","link":"http:\/\/www.cortesi.ch\/index.php\/saturn-im-10-haus\/","title":{"rendered":"Saturn im 10. Haus"},"content":{"rendered":"\n<h4 class=\"wp-block-heading\">Die Aufforderung, eine Autorit\u00e4t zu sein<\/h4>\n\n\n\n<p>Sie wollen als Autorit\u00e4t anerkannt werden und bem\u00fchen sich sehr, perfekte Leistungen zu vollbringen. Immer wieder kommen Ihnen Zweifel, ob Ihre Arbeit gen\u00fcgt oder ob Sie noch mehr tun m\u00fcssen, um ein einmal gestecktes Ziel zu erreichen. Verantwortung und Struktur in Beruf und \u00d6ffentlichkeit sind f\u00fcr Sie keine Fremdworte. Vermutlich f\u00e4llt es Ihnen nicht leicht, im Rampenlicht zu stehen. Bef\u00fcrchtungen, nicht gen\u00fcgend zu leisten, k\u00f6nnen Sie stark hemmen, k\u00f6nnen aber auch zur Motivation werden, das Beste aus sich herauszuholen. Wenn Sie die Verantwortung f\u00fcr etwas \u00fcbernehmen, werden Sie sich, so gut es geht, absichern, damit nichts schief l\u00e4uft. Sie bereiten sich auf eine Unternehmung seri\u00f6s und strukturiert vor und wirken entsprechend klar und fachkundig.<\/p>\n\n\n\n<p>Auch wenn Sie Fehler nach bestem K\u00f6nnen vermeiden, so schleichen sich doch immer wieder solche ein, so sehr Sie sich auch anstrengen m\u00f6gen. Erst wenn Sie die eigene Fehlbarkeit akzeptieren, l\u00e4sst der Leistungsdruck nach, und Sie erleben, dass Ihnen nichts passiert, auch wenn Ihnen ein Missgeschick unterl\u00e4uft. So werden Sie f\u00e4hig, Kritik anzunehmen und Ihre Grenzen zu erkennen. Dies, zusammen mit der Gabe, strukturiert und zielgerichtet vorzugehen, erm\u00f6glicht Ihnen eine gehobene berufliche Stellung mit viel Verantwortung.<\/p>\n","protected":false},"excerpt":{"rendered":"<p>Die Aufforderung, eine Autorit\u00e4t zu sein Sie wollen als Autorit\u00e4t anerkannt werden und bem\u00fchen sich sehr, perfekte Leistungen zu vollbringen. Immer wieder kommen Ihnen Zweifel, ob Ihre Arbeit gen\u00fcgt oder ob Sie noch mehr tun m\u00fcssen, um ein einmal gestecktes Ziel zu erreichen. Verantwortung und Struktur in Beruf und \u00d6ffentlichkeit sind f\u00fcr Sie keine Fremdworte. [&hellip;]<\/p>\n","protected":false},"author":1,"featured_media":0,"parent":0,"menu_order":0,"comment_status":"closed","ping_status":"closed","template":"","meta":{"footnotes":""},"class_list":["post-289","page","type-page","status-publish","hentry"],"_links":{"self":[{"href":"http:\/\/www.cortesi.ch\/index.php\/wp-json\/wp\/v2\/pages\/289","targetHints":{"allow":["GET"]}}],"collection":[{"href":"http:\/\/www.cortesi.ch\/index.php\/wp-json\/wp\/v2\/pages"}],"about":[{"href":"http:\/\/www.cortesi.ch\/index.php\/wp-json\/wp\/v2\/types\/page"}],"author":[{"embeddable":true,"href":"http:\/\/www.cortesi.ch\/index.php\/wp-json\/wp\/v2\/users\/1"}],"replies":[{"embeddable":true,"href":"http:\/\/www.cortesi.ch\/index.php\/wp-json\/wp\/v2\/comments?post=289"}],"version-history":[{"count":1,"href":"http:\/\/www.cortesi.ch\/index.php\/wp-json\/wp\/v2\/pages\/289\/revisions"}],"predecessor-version":[{"id":290,"href":"http:\/\/www.cortesi.ch\/index.php\/wp-json\/wp\/v2\/pages\/289\/revisions\/290"}],"wp:attachment":[{"href":"http:\/\/www.cortesi.ch\/index.php\/wp-json\/wp\/v2\/media?parent=289"}],"curies":[{"name":"wp","href":"https:\/\/api.w.org\/{rel}","templated":true}]}}