{"id":293,"date":"2023-02-15T08:44:43","date_gmt":"2023-02-15T07:44:43","guid":{"rendered":"http:\/\/www.cortesi.ch\/?page_id=293"},"modified":"2023-02-15T08:44:43","modified_gmt":"2023-02-15T07:44:43","slug":"venus-im-10-haus","status":"publish","type":"page","link":"http:\/\/www.cortesi.ch\/index.php\/venus-im-10-haus\/","title":{"rendered":"Venus im 10. Haus"},"content":{"rendered":"\n<h4 class=\"wp-block-heading\">Partnerschaft soll sich auch in der \u00d6ffentlichkeit bew\u00e4hren<\/h4>\n\n\n\n<p>Sie wollen die harmonie- und beziehungsorientierte Seite Ihres Wesens in Beruf und \u00d6ffentlichkeit leben. Dies kann bedeuten, dass in Ihrem Berufsleben pers\u00f6nliche Beziehungen eine wichtige Stellung einnehmen oder dass Sie einen Beruf aus\u00fcben, der viel mit \u00c4sthetik und Harmonie zu tun hat. Dabei zeigen Sie sich von der taktvollen und liebensw\u00fcrdigen Seite. Diplomatie und Fairness sind Ihnen wichtig.<\/p>\n\n\n\n<p>Mit grosser Wahrscheinlichkeit verk\u00f6rpert der Typ Frau, der Sie fasziniert, viel von diesen Eigenschaften. So gefallen Ihnen sachliche, verantwortungsbewusste und gesch\u00e4ftst\u00fcchtige Frauen, die sich an der \u00d6ffentlichkeit zeigen und ihren Beitrag in der Gesellschaft leisten. Eine Liebesbeziehung, die gleichzeitig auch eine berufliche Zusammenarbeit erm\u00f6glicht, d\u00fcrfte Sie in besonderem Masse ansprechen.<\/p>\n\n\n\n<h4 class=\"wp-block-heading\"> <\/h4>\n","protected":false},"excerpt":{"rendered":"<p>Partnerschaft soll sich auch in der \u00d6ffentlichkeit bew\u00e4hren Sie wollen die harmonie- und beziehungsorientierte Seite Ihres Wesens in Beruf und \u00d6ffentlichkeit leben. Dies kann bedeuten, dass in Ihrem Berufsleben pers\u00f6nliche Beziehungen eine wichtige Stellung einnehmen oder dass Sie einen Beruf aus\u00fcben, der viel mit \u00c4sthetik und Harmonie zu tun hat. Dabei zeigen Sie sich von [&hellip;]<\/p>\n","protected":false},"author":1,"featured_media":0,"parent":0,"menu_order":0,"comment_status":"closed","ping_status":"closed","template":"","meta":{"footnotes":""},"class_list":["post-293","page","type-page","status-publish","hentry"],"_links":{"self":[{"href":"http:\/\/www.cortesi.ch\/index.php\/wp-json\/wp\/v2\/pages\/293","targetHints":{"allow":["GET"]}}],"collection":[{"href":"http:\/\/www.cortesi.ch\/index.php\/wp-json\/wp\/v2\/pages"}],"about":[{"href":"http:\/\/www.cortesi.ch\/index.php\/wp-json\/wp\/v2\/types\/page"}],"author":[{"embeddable":true,"href":"http:\/\/www.cortesi.ch\/index.php\/wp-json\/wp\/v2\/users\/1"}],"replies":[{"embeddable":true,"href":"http:\/\/www.cortesi.ch\/index.php\/wp-json\/wp\/v2\/comments?post=293"}],"version-history":[{"count":1,"href":"http:\/\/www.cortesi.ch\/index.php\/wp-json\/wp\/v2\/pages\/293\/revisions"}],"predecessor-version":[{"id":294,"href":"http:\/\/www.cortesi.ch\/index.php\/wp-json\/wp\/v2\/pages\/293\/revisions\/294"}],"wp:attachment":[{"href":"http:\/\/www.cortesi.ch\/index.php\/wp-json\/wp\/v2\/media?parent=293"}],"curies":[{"name":"wp","href":"https:\/\/api.w.org\/{rel}","templated":true}]}}