{"id":302,"date":"2023-02-16T07:23:49","date_gmt":"2023-02-16T06:23:49","guid":{"rendered":"http:\/\/www.cortesi.ch\/?page_id=302"},"modified":"2023-02-16T07:23:49","modified_gmt":"2023-02-16T06:23:49","slug":"mond-im-tierkreiszeichen-schuetze","status":"publish","type":"page","link":"http:\/\/www.cortesi.ch\/index.php\/mond-im-tierkreiszeichen-schuetze\/","title":{"rendered":"Mond im Tierkreiszeichen Sch\u00fctze"},"content":{"rendered":"\n<h4 class=\"wp-block-heading\">Grossz\u00fcgig und begeisterungsf\u00e4hig<\/h4>\n\n\n\n<p>Sie verf\u00fcgen \u00fcber viel Idealismus, Optimismus und die gef\u00fchlsm\u00e4ssige \u00dcberzeugung: &#8222;Ich schaffe das schon! &#8211; Das geht schon gut!&#8220; Ein Teil von Ihnen str\u00e4ubt sich gegen sture Disziplin und harte Arbeit und hat etwas Beschwingtes und Begeisterndes an sich. Er m\u00f6chte \u00fcber alle Schwierigkeiten hinauswachsen und Sinn und Zusammenh\u00e4nge erkennen. Sie haben vermutlich viele Vorstellungen, was das Leben bieten k\u00f6nnte. Und vielleicht haben Sie manchmal gar keine Lust, die konkreten Schritte zu unternehmen, die n\u00f6tig w\u00e4ren, um die Vision in die Realit\u00e4t umzusetzen. Irgendwie erwarten Sie, dass Ihnen alles von alleine zuf\u00e4llt, und wissen doch, dass Sie daf\u00fcr arbeiten m\u00fcssen.<\/p>\n\n\n\n<p>Ihr spontanes und positiv eingestelltes Naturell erleichtert Ihnen einerseits vieles im Leben, kann Sie jedoch auch allzu leichtfertig an der Wirklichkeit vorbeigehen lassen. So neigen Sie dazu, Gef\u00fchle grossz\u00fcgig zu \u00fcberspielen und sich mit einer Rolle zu identifizieren, die Sie in Beruf und Familie zur Schau stellen, weil Sie vielleicht glauben, damit vor sich selbst und vor anderen besser dazustehen. Je mehr Sie darauf verzichten, anderen zu imponieren, und statt dessen ganz sich selbst sind, desto mehr Lebensfreude finden Sie durch den spontanen Ausdruck Ihrer Gef\u00fchle. Ihr Bed\u00fcrfnis, edel und gerecht zu sein, k\u00f6nnen Sie nicht stillen, indem Sie sich \u00fcber jede Kritik erhaben f\u00fchlen, sondern nur, wenn Sie sich selbst auch einige &#8211; durchaus menschliche &#8211; Makel zugestehen.<\/p>\n","protected":false},"excerpt":{"rendered":"<p>Grossz\u00fcgig und begeisterungsf\u00e4hig Sie verf\u00fcgen \u00fcber viel Idealismus, Optimismus und die gef\u00fchlsm\u00e4ssige \u00dcberzeugung: &#8222;Ich schaffe das schon! &#8211; Das geht schon gut!&#8220; Ein Teil von Ihnen str\u00e4ubt sich gegen sture Disziplin und harte Arbeit und hat etwas Beschwingtes und Begeisterndes an sich. Er m\u00f6chte \u00fcber alle Schwierigkeiten hinauswachsen und Sinn und Zusammenh\u00e4nge erkennen. Sie haben [&hellip;]<\/p>\n","protected":false},"author":1,"featured_media":0,"parent":0,"menu_order":0,"comment_status":"closed","ping_status":"closed","template":"","meta":{"footnotes":""},"class_list":["post-302","page","type-page","status-publish","hentry"],"_links":{"self":[{"href":"http:\/\/www.cortesi.ch\/index.php\/wp-json\/wp\/v2\/pages\/302","targetHints":{"allow":["GET"]}}],"collection":[{"href":"http:\/\/www.cortesi.ch\/index.php\/wp-json\/wp\/v2\/pages"}],"about":[{"href":"http:\/\/www.cortesi.ch\/index.php\/wp-json\/wp\/v2\/types\/page"}],"author":[{"embeddable":true,"href":"http:\/\/www.cortesi.ch\/index.php\/wp-json\/wp\/v2\/users\/1"}],"replies":[{"embeddable":true,"href":"http:\/\/www.cortesi.ch\/index.php\/wp-json\/wp\/v2\/comments?post=302"}],"version-history":[{"count":1,"href":"http:\/\/www.cortesi.ch\/index.php\/wp-json\/wp\/v2\/pages\/302\/revisions"}],"predecessor-version":[{"id":303,"href":"http:\/\/www.cortesi.ch\/index.php\/wp-json\/wp\/v2\/pages\/302\/revisions\/303"}],"wp:attachment":[{"href":"http:\/\/www.cortesi.ch\/index.php\/wp-json\/wp\/v2\/media?parent=302"}],"curies":[{"name":"wp","href":"https:\/\/api.w.org\/{rel}","templated":true}]}}