{"id":304,"date":"2023-02-16T07:27:32","date_gmt":"2023-02-16T06:27:32","guid":{"rendered":"http:\/\/www.cortesi.ch\/?page_id=304"},"modified":"2023-02-16T07:27:32","modified_gmt":"2023-02-16T06:27:32","slug":"merkur-im-tierkreiszeichen-widder","status":"publish","type":"page","link":"http:\/\/www.cortesi.ch\/index.php\/merkur-im-tierkreiszeichen-widder\/","title":{"rendered":"Merkur im Tierkreiszeichen Widder"},"content":{"rendered":"\n<h4 class=\"wp-block-heading\">Spontanes, impulsives Denken<\/h4>\n\n\n\n<p>Sie denken schnell, impulsiv und entscheidungsfreudig. Vermutlich m\u00f6gen Sie hitzige Diskussionen und eine kraftvolle Sprache. Sie sch\u00e4len im Gespr\u00e4ch vor allem die Unterschiede heraus. Entscheidungen, auch wenn sich diese im nachhinein als un\u00fcberlegt herausstellen, treffen Sie gerne und schnell.<\/p>\n\n\n\n<p>Ihre Interessen sind vielseitig. Sie lieben Abwechslung und sind stets bereit, etwas Neues auszuprobieren. Allf\u00e4llige Hindernisse erh\u00f6hen den Reiz. So brauchen Sie immer wieder neue geistige Herausforderungen, die Sie in Gedanken, mit Sprache und Intellekt angehen k\u00f6nnen. Etwas \u00fcbertrieben k\u00f6nnte man sagen, dass Sie Wissen und Informationen nicht sammeln oder sich aneignen, sondern erobern. Auch wenn Sie \u00fcber etwas nachdenken, so tun Sie dies auf eine k\u00e4mpferische Weise, als ob es einen Wettkampf nach dem anderen auszutragen g\u00e4be.<\/p>\n","protected":false},"excerpt":{"rendered":"<p>Spontanes, impulsives Denken Sie denken schnell, impulsiv und entscheidungsfreudig. Vermutlich m\u00f6gen Sie hitzige Diskussionen und eine kraftvolle Sprache. Sie sch\u00e4len im Gespr\u00e4ch vor allem die Unterschiede heraus. Entscheidungen, auch wenn sich diese im nachhinein als un\u00fcberlegt herausstellen, treffen Sie gerne und schnell. Ihre Interessen sind vielseitig. Sie lieben Abwechslung und sind stets bereit, etwas Neues [&hellip;]<\/p>\n","protected":false},"author":1,"featured_media":0,"parent":0,"menu_order":0,"comment_status":"closed","ping_status":"closed","template":"","meta":{"footnotes":""},"class_list":["post-304","page","type-page","status-publish","hentry"],"_links":{"self":[{"href":"http:\/\/www.cortesi.ch\/index.php\/wp-json\/wp\/v2\/pages\/304","targetHints":{"allow":["GET"]}}],"collection":[{"href":"http:\/\/www.cortesi.ch\/index.php\/wp-json\/wp\/v2\/pages"}],"about":[{"href":"http:\/\/www.cortesi.ch\/index.php\/wp-json\/wp\/v2\/types\/page"}],"author":[{"embeddable":true,"href":"http:\/\/www.cortesi.ch\/index.php\/wp-json\/wp\/v2\/users\/1"}],"replies":[{"embeddable":true,"href":"http:\/\/www.cortesi.ch\/index.php\/wp-json\/wp\/v2\/comments?post=304"}],"version-history":[{"count":1,"href":"http:\/\/www.cortesi.ch\/index.php\/wp-json\/wp\/v2\/pages\/304\/revisions"}],"predecessor-version":[{"id":305,"href":"http:\/\/www.cortesi.ch\/index.php\/wp-json\/wp\/v2\/pages\/304\/revisions\/305"}],"wp:attachment":[{"href":"http:\/\/www.cortesi.ch\/index.php\/wp-json\/wp\/v2\/media?parent=304"}],"curies":[{"name":"wp","href":"https:\/\/api.w.org\/{rel}","templated":true}]}}