{"id":347,"date":"2023-02-24T15:24:31","date_gmt":"2023-02-24T14:24:31","guid":{"rendered":"http:\/\/www.cortesi.ch\/?page_id=347"},"modified":"2023-02-27T11:49:03","modified_gmt":"2023-02-27T10:49:03","slug":"das-tierkreiszeichen-jungfrau","status":"publish","type":"page","link":"http:\/\/www.cortesi.ch\/index.php\/das-tierkreiszeichen-jungfrau\/","title":{"rendered":"Das Tierkreiszeichen Jungfrau"},"content":{"rendered":"\n<figure class=\"wp-block-image size-full\"><img loading=\"lazy\" decoding=\"async\" width=\"49\" height=\"49\" src=\"http:\/\/www.cortesi.ch\/wp-content\/uploads\/2023\/02\/Jungfrau_f.gif\" alt=\"\" class=\"wp-image-327\"\/><\/figure>\n\n\n\n<p><strong>&#8222;Ich und meine Arbeit! Ich und mein Alltag!<br>Ich und meine physische Existenz!&#8220;<\/strong><\/p>\n\n\n\n<p><strong>Positive Eigenschaften eines Jungfrau-Typs:<\/strong><br>Ordnungsliebend, sachbezogen, analysierend, realistisch, praktisch, pflichtbewu\u00dft, logisch, methodisch, rationell, objektiv, sparsam, zuverl\u00e4ssig, exakt, flei\u00dfig, bescheiden, zur\u00fcckhaltend, vorsichtig, \u00fcberlegt.<\/p>\n\n\n\n<p>Jungfrau-Betonte haben einen starken Bezug zum K\u00f6rper. Physische Existenz, Alltag und Detail sind wichtig. Sie glauben an die Vernunft, lieben Ordnung, Methode und System, sind gute Beobachter und oft Spezialisten. Sie tun Dinge um der Dinge willen, weniger f\u00fcr Lohn und Anerkennung. Befriedigung bringt ihnen die erledigte Arbeit, nicht das Lob daf\u00fcr. Sie stellen hohe Perfektionsanspr\u00fcche, alles soll genau, vern\u00fcnftig und zu etwas n\u00fctzlich sein. Verschwendung m\u00f6gen sie nicht.<\/p>\n\n\n\n<p><strong>Negative Entsprechungen:<\/strong><br>Pedantisch, n\u00fcchtern, k\u00fchl, \u00e4ngstlich, unzufrieden, n\u00f6rgelnd, mi\u00dftrauisch, intolerant, perfektionistisch, am Detail h\u00e4ngend, kleinlich, N\u00fctzlichkeits- und Zweckm\u00e4ssigkeitsfanatiker.<\/p>\n\n\n\n<p>Ein Jungfrau-Typ neigt dazu, sich im Detail zu verlieren und in seinem Suchen nach Garantien, Regeln und Prinzipien steckenzubleiben. Er lebt gleichsam nur in &#8222;rationierten&#8220; Dosierungen. &#8222;Alte Jungfer&#8220; oder &#8222;Schulmeister&#8220; sind weitere Zerrformen des Jungfrauprinzips.<\/p>\n\n\n\n<p>Dem Jungfrau-Zeichen werden der\u00a0<a href=\"http:\/\/www.cortesi.ch\/index.php\/merkur\/\" data-type=\"page\" data-id=\"425\">Merkur\u00a0<\/a>und das\u00a0<a href=\"http:\/\/www.cortesi.ch\/index.php\/das-sechste-haus\/\" data-type=\"page\" data-id=\"384\">sechste Haus\u00a0<\/a>zugeordnet.<\/p>\n\n\n\n<p><a href=\"http:\/\/www.cortesi.ch\/index.php\/verwandtschaften-zwischen-zeichen-planeten-und-haeusern\/\" data-type=\"page\" data-id=\"494\">\u00dcbersicht\u00a0<\/a>\u00fcber Tierkreiszeichen, Planeten und H\u00e4user<\/p>\n","protected":false},"excerpt":{"rendered":"<p>&#8222;Ich und meine Arbeit! Ich und mein Alltag!Ich und meine physische Existenz!&#8220; Positive Eigenschaften eines Jungfrau-Typs:Ordnungsliebend, sachbezogen, analysierend, realistisch, praktisch, pflichtbewu\u00dft, logisch, methodisch, rationell, objektiv, sparsam, zuverl\u00e4ssig, exakt, flei\u00dfig, bescheiden, zur\u00fcckhaltend, vorsichtig, \u00fcberlegt. Jungfrau-Betonte haben einen starken Bezug zum K\u00f6rper. Physische Existenz, Alltag und Detail sind wichtig. Sie glauben an die Vernunft, lieben Ordnung, Methode [&hellip;]<\/p>\n","protected":false},"author":1,"featured_media":0,"parent":0,"menu_order":0,"comment_status":"closed","ping_status":"closed","template":"","meta":{"footnotes":""},"class_list":["post-347","page","type-page","status-publish","hentry"],"_links":{"self":[{"href":"http:\/\/www.cortesi.ch\/index.php\/wp-json\/wp\/v2\/pages\/347","targetHints":{"allow":["GET"]}}],"collection":[{"href":"http:\/\/www.cortesi.ch\/index.php\/wp-json\/wp\/v2\/pages"}],"about":[{"href":"http:\/\/www.cortesi.ch\/index.php\/wp-json\/wp\/v2\/types\/page"}],"author":[{"embeddable":true,"href":"http:\/\/www.cortesi.ch\/index.php\/wp-json\/wp\/v2\/users\/1"}],"replies":[{"embeddable":true,"href":"http:\/\/www.cortesi.ch\/index.php\/wp-json\/wp\/v2\/comments?post=347"}],"version-history":[{"count":3,"href":"http:\/\/www.cortesi.ch\/index.php\/wp-json\/wp\/v2\/pages\/347\/revisions"}],"predecessor-version":[{"id":562,"href":"http:\/\/www.cortesi.ch\/index.php\/wp-json\/wp\/v2\/pages\/347\/revisions\/562"}],"wp:attachment":[{"href":"http:\/\/www.cortesi.ch\/index.php\/wp-json\/wp\/v2\/media?parent=347"}],"curies":[{"name":"wp","href":"https:\/\/api.w.org\/{rel}","templated":true}]}}