{"id":349,"date":"2023-02-24T15:28:31","date_gmt":"2023-02-24T14:28:31","guid":{"rendered":"http:\/\/www.cortesi.ch\/?page_id=349"},"modified":"2023-02-27T11:51:16","modified_gmt":"2023-02-27T10:51:16","slug":"das-tierkreiszeichen-waage","status":"publish","type":"page","link":"http:\/\/www.cortesi.ch\/index.php\/das-tierkreiszeichen-waage\/","title":{"rendered":"Das Tierkreiszeichen Waage"},"content":{"rendered":"\n<figure class=\"wp-block-image size-full\"><img loading=\"lazy\" decoding=\"async\" width=\"49\" height=\"49\" src=\"http:\/\/www.cortesi.ch\/wp-content\/uploads\/2023\/02\/waage_f.gif\" alt=\"\" class=\"wp-image-328\"\/><\/figure>\n\n\n\n<p><strong>&#8222;Ich und Du!<br>Ich gleiche aus, vermittle und suche das Verbindende!&#8220;<\/strong><\/p>\n\n\n\n<p><strong>Positive Eigenschaften eines Waage-Typs:<\/strong><br>Kontaktf\u00e4hig, vermittelnd, ausgleichend, harmonisierend, h\u00f6flich, taktvoll, Du-orientiert, diplomatisch, friedfertig, r\u00fccksichtsvoll, werbend<\/p>\n\n\n\n<p>Der Waage-Betonte liebt das Sch\u00f6ne, die Kunst und Kultur. Er braucht und schafft eine sch\u00f6ne harmonische Umgebung, will es allen recht machen, geht auf andere zu und betont das Gemeinsame und Verbindende. Ein Beispiel: Willst du Kaffee? Wenn du einen nimmst, nehme ich auch einen. (Ein Widder w\u00fcrde sagen: Ich will Kaffee! Willst du auch einen?)<\/p>\n\n\n\n<p>Er ist ein Vermittler, der Verbindung schafft, Gegens\u00e4tze \u00fcberbr\u00fcckt und Konflikte ablehnt in der manchmal richtigen und manchmal falschen Meinung, da\u00df sich der Konflikt von selbst l\u00f6st, wenn man abwartet. Waage gilt als &#8222;Ehezeichen&#8220;, mit Hilfe eines Partners soll ein Gleichgewicht erlangt werden gem\u00e4\u00df dem Motto &#8222;Du bist alles, was mir fehlt&#8220;. Erst \u00fcber das Du erf\u00e4hrt ein Waage-Typ sich selbst; der andere ist f\u00fcr ihn wie ein Spiegel.<\/p>\n\n\n\n<p><strong>Negative Entsprechungen:<\/strong><br>Unentschlossen, vage, heuchlerisch, \u00fcberangepasst, konfliktscheu, schmeichelnd, bequem, lau, arrogant, eitel, &#8222;Windfahne&#8220;, oberfl\u00e4chlich<\/p>\n\n\n\n<p>Der Waage-Typ bleibt in einer sch\u00f6ngeistigen Oberfl\u00e4che stecken, meidet die Tiefen des Lebens, weicht allen H\u00e4rten aus und glaubt schlie\u00dflich an eine eigene Schein\u00fcberlegenheit. Er zeigt sich nicht aus Angst vor Sympathieverlust, gef\u00e4lliger Ja-Sager ohne Charakter, eitler Snob, \u00c4sthet und Sch\u00f6ngeist, der alles durch eine rosarote Brille sieht.<\/p>\n\n\n\n<p>Dem Waage-Zeichen werden die\u00a0<a href=\"http:\/\/www.cortesi.ch\/index.php\/venus\/\" data-type=\"page\" data-id=\"427\">Venus\u00a0<\/a>und das\u00a0<a href=\"http:\/\/www.cortesi.ch\/index.php\/das-siebte-haus\/\" data-type=\"page\" data-id=\"388\">siebte Haus\u00a0<\/a>zugeordnet.<\/p>\n\n\n\n<p><a href=\"http:\/\/www.cortesi.ch\/index.php\/verwandtschaften-zwischen-zeichen-planeten-und-haeusern\/\" data-type=\"page\" data-id=\"494\">\u00dcbersicht\u00a0<\/a>\u00fcber Tierkreiszeichen, Planeten und H\u00e4user<\/p>\n","protected":false},"excerpt":{"rendered":"<p>&#8222;Ich und Du!Ich gleiche aus, vermittle und suche das Verbindende!&#8220; Positive Eigenschaften eines Waage-Typs:Kontaktf\u00e4hig, vermittelnd, ausgleichend, harmonisierend, h\u00f6flich, taktvoll, Du-orientiert, diplomatisch, friedfertig, r\u00fccksichtsvoll, werbend Der Waage-Betonte liebt das Sch\u00f6ne, die Kunst und Kultur. Er braucht und schafft eine sch\u00f6ne harmonische Umgebung, will es allen recht machen, geht auf andere zu und betont das Gemeinsame und [&hellip;]<\/p>\n","protected":false},"author":1,"featured_media":0,"parent":0,"menu_order":0,"comment_status":"closed","ping_status":"closed","template":"","meta":{"footnotes":""},"class_list":["post-349","page","type-page","status-publish","hentry"],"_links":{"self":[{"href":"http:\/\/www.cortesi.ch\/index.php\/wp-json\/wp\/v2\/pages\/349","targetHints":{"allow":["GET"]}}],"collection":[{"href":"http:\/\/www.cortesi.ch\/index.php\/wp-json\/wp\/v2\/pages"}],"about":[{"href":"http:\/\/www.cortesi.ch\/index.php\/wp-json\/wp\/v2\/types\/page"}],"author":[{"embeddable":true,"href":"http:\/\/www.cortesi.ch\/index.php\/wp-json\/wp\/v2\/users\/1"}],"replies":[{"embeddable":true,"href":"http:\/\/www.cortesi.ch\/index.php\/wp-json\/wp\/v2\/comments?post=349"}],"version-history":[{"count":3,"href":"http:\/\/www.cortesi.ch\/index.php\/wp-json\/wp\/v2\/pages\/349\/revisions"}],"predecessor-version":[{"id":564,"href":"http:\/\/www.cortesi.ch\/index.php\/wp-json\/wp\/v2\/pages\/349\/revisions\/564"}],"wp:attachment":[{"href":"http:\/\/www.cortesi.ch\/index.php\/wp-json\/wp\/v2\/media?parent=349"}],"curies":[{"name":"wp","href":"https:\/\/api.w.org\/{rel}","templated":true}]}}