{"id":357,"date":"2023-02-24T15:28:58","date_gmt":"2023-02-24T14:28:58","guid":{"rendered":"http:\/\/www.cortesi.ch\/?page_id=357"},"modified":"2023-02-27T12:00:14","modified_gmt":"2023-02-27T11:00:14","slug":"das-tierkreiszeichen-wassermann","status":"publish","type":"page","link":"http:\/\/www.cortesi.ch\/index.php\/das-tierkreiszeichen-wassermann\/","title":{"rendered":"Das Tierkreiszeichen Wassermann"},"content":{"rendered":"\n<figure class=\"wp-block-image size-full\"><img loading=\"lazy\" decoding=\"async\" width=\"49\" height=\"49\" src=\"http:\/\/www.cortesi.ch\/wp-content\/uploads\/2023\/02\/Wassermann_f.gif\" alt=\"\" class=\"wp-image-332\"\/><\/figure>\n\n\n\n<p><strong>&#8222;Ich bin ein einmaliges Individuum und als solches Teil eines Kollektivs!&#8220;<\/strong><\/p>\n\n\n\n<p><strong>Positive Eigenschaften eines Wassermann-Typs:<\/strong><br>speziell, originell, vorurteilslos, individualistisch, erfinderisch, fortschrittlich, reformerisch, unkonventionell, exzentrisch, freiheitsliebend, unverbindlich, unabh\u00e4ngig, sozial gesinnt, gesellig<\/p>\n\n\n\n<p>Der Wassermann-Betonte ist steckt voller Ideen und will Zusammenh\u00e4nge erkennen. Er hat Teamgeist und guten \u00dcberblick und ist auf Zukunft und Neuerungen ausgerichtet. Individuelle Eigenart und pers\u00f6nliche Freiheit sind ihm sehr wichtig, ebenso gleiches Recht f\u00fcr alle. Er geht seinen eigenen Weg und schert sich nicht um gesellschaftliche Normen und Verhaltensregeln.<\/p>\n\n\n\n<p>Er f\u00fchlt sich als einmaliges Individuum und gleichzeitig als Teil einer grossen menschlichen Familie, vergleichbar einer Zelle in einem Organ. Selbstgew\u00e4hlte Freunde sind oft wichtiger als die eigene Familie.<\/p>\n\n\n\n<p><strong>Negative Entsprechungen:<\/strong><br>distanziert, k\u00fchl, unverbindlich, unnahbar, eigenbr\u00f6tlerisch, rebellisch, revolution\u00e4r, wechselhaft, ungeduldig, antiautorit\u00e4r, snobistisch, utopisch, extravagant<\/p>\n\n\n\n<p>Der Wassermann-Betonte spricht \u00fcber pr\u00e4chtige Visionen und Ideale, ohne auch nur zu versuchen, diese zu verwirklichen. Er ist ein Rebell und Sonderling, der auf eine dogmatische Art an seinem Speziell-Sein und seinen Ideen festh\u00e4lt. Er kommt, sich gleichsam als verkanntes Genie vorkommt und zieht sich in einen Elfenbeinturm von Herablassung, Arroganz und emotionaler Distanziertheit zur\u00fcckzieht. Sein Bed\u00fcrfnis nach Unabh\u00e4ngigkeit verunm\u00f6glicht es ihm oft, sich auf etwas einzulassen, und er bleibt gleichsam Zaungast des Lebens.<\/p>\n\n\n\n<p>Dem Wassermann-Zeichen werden der\u00a0<a href=\"http:\/\/www.cortesi.ch\/index.php\/uranus\/\" data-type=\"page\" data-id=\"435\">Uranus\u00a0<\/a>und das\u00a0<a href=\"http:\/\/www.cortesi.ch\/index.php\/das-elfte-haus\/\" data-type=\"page\" data-id=\"400\">elfte Haus\u00a0<\/a>zugeordnet.<\/p>\n\n\n\n<p><a href=\"http:\/\/www.cortesi.ch\/index.php\/verwandtschaften-zwischen-zeichen-planeten-und-haeusern\/\" data-type=\"page\" data-id=\"494\">\u00dcbersicht\u00a0<\/a>\u00fcber Tierkreiszeichen, Planeten und H\u00e4user<\/p>\n","protected":false},"excerpt":{"rendered":"<p>&#8222;Ich bin ein einmaliges Individuum und als solches Teil eines Kollektivs!&#8220; Positive Eigenschaften eines Wassermann-Typs:speziell, originell, vorurteilslos, individualistisch, erfinderisch, fortschrittlich, reformerisch, unkonventionell, exzentrisch, freiheitsliebend, unverbindlich, unabh\u00e4ngig, sozial gesinnt, gesellig Der Wassermann-Betonte ist steckt voller Ideen und will Zusammenh\u00e4nge erkennen. Er hat Teamgeist und guten \u00dcberblick und ist auf Zukunft und Neuerungen ausgerichtet. Individuelle Eigenart und [&hellip;]<\/p>\n","protected":false},"author":1,"featured_media":0,"parent":0,"menu_order":0,"comment_status":"closed","ping_status":"closed","template":"","meta":{"footnotes":""},"class_list":["post-357","page","type-page","status-publish","hentry"],"_links":{"self":[{"href":"http:\/\/www.cortesi.ch\/index.php\/wp-json\/wp\/v2\/pages\/357","targetHints":{"allow":["GET"]}}],"collection":[{"href":"http:\/\/www.cortesi.ch\/index.php\/wp-json\/wp\/v2\/pages"}],"about":[{"href":"http:\/\/www.cortesi.ch\/index.php\/wp-json\/wp\/v2\/types\/page"}],"author":[{"embeddable":true,"href":"http:\/\/www.cortesi.ch\/index.php\/wp-json\/wp\/v2\/users\/1"}],"replies":[{"embeddable":true,"href":"http:\/\/www.cortesi.ch\/index.php\/wp-json\/wp\/v2\/comments?post=357"}],"version-history":[{"count":2,"href":"http:\/\/www.cortesi.ch\/index.php\/wp-json\/wp\/v2\/pages\/357\/revisions"}],"predecessor-version":[{"id":572,"href":"http:\/\/www.cortesi.ch\/index.php\/wp-json\/wp\/v2\/pages\/357\/revisions\/572"}],"wp:attachment":[{"href":"http:\/\/www.cortesi.ch\/index.php\/wp-json\/wp\/v2\/media?parent=357"}],"curies":[{"name":"wp","href":"https:\/\/api.w.org\/{rel}","templated":true}]}}