{"id":364,"date":"2023-02-24T15:20:30","date_gmt":"2023-02-24T14:20:30","guid":{"rendered":"http:\/\/www.cortesi.ch\/?page_id=364"},"modified":"2023-02-28T08:20:29","modified_gmt":"2023-02-28T07:20:29","slug":"das-erste-haus","status":"publish","type":"page","link":"http:\/\/www.cortesi.ch\/index.php\/das-erste-haus\/","title":{"rendered":"Das erste Haus"},"content":{"rendered":"\n<h4 class=\"wp-block-heading\">Pers\u00f6nlichkeit und Lebensgef\u00fchl<\/h4>\n\n\n\n<figure class=\"wp-block-image size-full\"><img loading=\"lazy\" decoding=\"async\" width=\"300\" height=\"310\" src=\"http:\/\/www.cortesi.ch\/wp-content\/uploads\/2023\/02\/sk_Haus01.gif\" alt=\"\" class=\"wp-image-365\"\/><figcaption class=\"wp-element-caption\">\u00a9 FIREBALL Astro-Guide<\/figcaption><\/figure>\n\n\n\n<p>Der\u00a0<a href=\"http:\/\/www.cortesi.ch\/index.php\/astrologisches\/der-aszendent\/\" data-type=\"page\" data-id=\"361\">Aszendent\u00a0<\/a>(AC) ist die Spitze des ersten Hauses und entspricht dem Punkt des Sonnenaufgangs. Er symbolisiert das &#8222;Schaufenster&#8220; oder die &#8222;Maske&#8220; einer Pers\u00f6nlichkeit, die Eigenschaften, die jemand prim\u00e4r nach au\u00dfen zeigt und die ein anderer zuerst an einem wahrnimmt.<\/p>\n\n\n\n<p>Das erste Haus entspricht dem lebensbejahenden und abenteuerlustigen\u00a0<a href=\"http:\/\/www.cortesi.ch\/index.php\/das-tierkreiszeichen-widder\/\" data-type=\"page\" data-id=\"335\">Widderzeichen<\/a>. Es symbolisiert den spontanen &#8222;Ich-Ausdruck&#8220; und das Bed\u00fcrfnis, aktiv auf die Umwelt zuzugehen und sich durch Handeln lebendig zu f\u00fchlen.<\/p>\n\n\n\n<div style=\"height:10px\" aria-hidden=\"true\" class=\"wp-block-spacer\"><\/div>\n\n\n\n<p><strong>Mit Planeten im ersten Haus werden folgende Lebensbereiche wichtig:<\/strong><\/p>\n\n\n\n<ul class=\"wp-block-list\">\n<li>Man wird von der Umwelt aufgefordert oder versp\u00fcrt in sich das Bed\u00fcrfnis, aktiv zu sein und uneingeschr\u00e4nkt zu handeln.<\/li>\n\n\n\n<li>Die Herausforderungen des Lebens m\u00f6chte man tatkr\u00e4ftig anpacken, ohne sich durch lange \u00dcberlegungen, R\u00fccksichten oder andere Hindernisse einschr\u00e4nken zu m\u00fcssen.<\/li>\n\n\n\n<li>Die eigenen F\u00e4higkeiten wollen eingesetzt und gezeigt werden.<\/li>\n\n\n\n<li>Man m\u00f6chte sich selbstsicher, mutig und stark zeigen, Initiative aufbringen und auch schwierigen Situationen die Stirn bieten.<\/li>\n<\/ul>\n\n\n\n<p><a href=\"http:\/\/www.cortesi.ch\/index.php\/verwandtschaften-zwischen-zeichen-planeten-und-haeusern\/\" data-type=\"page\" data-id=\"494\">\u00dcbersicht\u00a0<\/a>\u00fcber Tierkreiszeichen, Planeten und H\u00e4user<\/p>\n","protected":false},"excerpt":{"rendered":"<p>Pers\u00f6nlichkeit und Lebensgef\u00fchl Der\u00a0Aszendent\u00a0(AC) ist die Spitze des ersten Hauses und entspricht dem Punkt des Sonnenaufgangs. Er symbolisiert das &#8222;Schaufenster&#8220; oder die &#8222;Maske&#8220; einer Pers\u00f6nlichkeit, die Eigenschaften, die jemand prim\u00e4r nach au\u00dfen zeigt und die ein anderer zuerst an einem wahrnimmt. Das erste Haus entspricht dem lebensbejahenden und abenteuerlustigen\u00a0Widderzeichen. Es symbolisiert den spontanen &#8222;Ich-Ausdruck&#8220; und [&hellip;]<\/p>\n","protected":false},"author":1,"featured_media":0,"parent":0,"menu_order":0,"comment_status":"closed","ping_status":"closed","template":"","meta":{"footnotes":""},"class_list":["post-364","page","type-page","status-publish","hentry"],"_links":{"self":[{"href":"http:\/\/www.cortesi.ch\/index.php\/wp-json\/wp\/v2\/pages\/364","targetHints":{"allow":["GET"]}}],"collection":[{"href":"http:\/\/www.cortesi.ch\/index.php\/wp-json\/wp\/v2\/pages"}],"about":[{"href":"http:\/\/www.cortesi.ch\/index.php\/wp-json\/wp\/v2\/types\/page"}],"author":[{"embeddable":true,"href":"http:\/\/www.cortesi.ch\/index.php\/wp-json\/wp\/v2\/users\/1"}],"replies":[{"embeddable":true,"href":"http:\/\/www.cortesi.ch\/index.php\/wp-json\/wp\/v2\/comments?post=364"}],"version-history":[{"count":5,"href":"http:\/\/www.cortesi.ch\/index.php\/wp-json\/wp\/v2\/pages\/364\/revisions"}],"predecessor-version":[{"id":581,"href":"http:\/\/www.cortesi.ch\/index.php\/wp-json\/wp\/v2\/pages\/364\/revisions\/581"}],"wp:attachment":[{"href":"http:\/\/www.cortesi.ch\/index.php\/wp-json\/wp\/v2\/media?parent=364"}],"curies":[{"name":"wp","href":"https:\/\/api.w.org\/{rel}","templated":true}]}}