{"id":381,"date":"2023-02-24T15:22:22","date_gmt":"2023-02-24T14:22:22","guid":{"rendered":"http:\/\/www.cortesi.ch\/?page_id=381"},"modified":"2023-02-28T08:27:54","modified_gmt":"2023-02-28T07:27:54","slug":"das-fuenfte-haus","status":"publish","type":"page","link":"http:\/\/www.cortesi.ch\/index.php\/das-fuenfte-haus\/","title":{"rendered":"Das f\u00fcnfte Haus"},"content":{"rendered":"\n<h4 class=\"wp-block-heading\">Kreativit\u00e4t und Vergn\u00fcgen<\/h4>\n\n\n\n<figure class=\"wp-block-image size-full\"><img loading=\"lazy\" decoding=\"async\" width=\"300\" height=\"310\" src=\"http:\/\/www.cortesi.ch\/wp-content\/uploads\/2023\/02\/sk_Haus05.gif\" alt=\"\" class=\"wp-image-382\"\/><figcaption class=\"wp-element-caption\">\u00a9 FIREBALL Astro-Guide<\/figcaption><\/figure>\n\n\n\n<p>Das f\u00fcnfte Haus entspricht dem\u00a0<a href=\"http:\/\/www.cortesi.ch\/index.php\/das-tierkreiszeichen-loewe\/\" data-type=\"page\" data-id=\"345\">L\u00f6wezeichen<\/a>.<br>Es symbolisiert das Bed\u00fcrfnis nach kreativem Ausdruck und nach Aktivit\u00e4ten, bei denen man durch keinerlei Hindernisse gehemmt wird, also Spiel, Sport, Vergn\u00fcgungen, Abenteuer, ein Hobby, eine Liebesaff\u00e4re oder Kinder.<\/p>\n\n\n\n<div style=\"height:10px\" aria-hidden=\"true\" class=\"wp-block-spacer\"><\/div>\n\n\n\n<p><strong>Mit Planeten im f\u00fcnften Haus werden folgende Lebensbereiche wichtig:<\/strong><\/p>\n\n\n\n<ul class=\"wp-block-list\">\n<li>Man m\u00f6chte sich spontan so geben, wie man ist, ohne sich um Zukunft oder Vergangenheit zu k\u00fcmmern oder nach der Meinung der anderen zu fragen. Man will von innen heraus etwas schaffen, um so die eigene Identit\u00e4t besser zu begreifen.<\/li>\n\n\n\n<li>Es besteht ein Bed\u00fcrfnis, auf der B\u00fchne des Lebens sein ganz pers\u00f6nliches Schauspiel vorzuzeigen, d.h. seine Talente und F\u00e4higkeiten zu entwickeln und ihnen sch\u00f6pferisch Ausdruck zu verleihen.<\/li>\n\n\n\n<li>Man wird immer wieder aufgefordert, sich zu zeigen und die spielerische Seite des eigenen Wesens zum Zuge kommen zu lassen. Man stellt sich die Frage, was man tun w\u00fcrde, wenn man den Mut dazu h\u00e4tte, und f\u00fchlt sich aufgefordert, den Sprung zu wagen.<\/li>\n\n\n\n<li>Liebschaften und das Spiel zwischen den Geschlechtern sowie der Umgang mit Kindern und Jugendlichen sind weitere Beispiele f\u00fcr das Bed\u00fcrfnis nach sch\u00f6pferischem Ausdruck.<\/li>\n<\/ul>\n\n\n\n<p><a href=\"http:\/\/www.cortesi.ch\/index.php\/verwandtschaften-zwischen-zeichen-planeten-und-haeusern\/\" data-type=\"page\" data-id=\"494\">\u00dcbersicht\u00a0<\/a>\u00fcber Tierkreiszeichen, Planeten und H\u00e4user<\/p>\n","protected":false},"excerpt":{"rendered":"<p>Kreativit\u00e4t und Vergn\u00fcgen Das f\u00fcnfte Haus entspricht dem\u00a0L\u00f6wezeichen.Es symbolisiert das Bed\u00fcrfnis nach kreativem Ausdruck und nach Aktivit\u00e4ten, bei denen man durch keinerlei Hindernisse gehemmt wird, also Spiel, Sport, Vergn\u00fcgungen, Abenteuer, ein Hobby, eine Liebesaff\u00e4re oder Kinder. Mit Planeten im f\u00fcnften Haus werden folgende Lebensbereiche wichtig: \u00dcbersicht\u00a0\u00fcber Tierkreiszeichen, Planeten und H\u00e4user<\/p>\n","protected":false},"author":1,"featured_media":0,"parent":0,"menu_order":0,"comment_status":"closed","ping_status":"closed","template":"","meta":{"footnotes":""},"class_list":["post-381","page","type-page","status-publish","hentry"],"_links":{"self":[{"href":"http:\/\/www.cortesi.ch\/index.php\/wp-json\/wp\/v2\/pages\/381","targetHints":{"allow":["GET"]}}],"collection":[{"href":"http:\/\/www.cortesi.ch\/index.php\/wp-json\/wp\/v2\/pages"}],"about":[{"href":"http:\/\/www.cortesi.ch\/index.php\/wp-json\/wp\/v2\/types\/page"}],"author":[{"embeddable":true,"href":"http:\/\/www.cortesi.ch\/index.php\/wp-json\/wp\/v2\/users\/1"}],"replies":[{"embeddable":true,"href":"http:\/\/www.cortesi.ch\/index.php\/wp-json\/wp\/v2\/comments?post=381"}],"version-history":[{"count":4,"href":"http:\/\/www.cortesi.ch\/index.php\/wp-json\/wp\/v2\/pages\/381\/revisions"}],"predecessor-version":[{"id":589,"href":"http:\/\/www.cortesi.ch\/index.php\/wp-json\/wp\/v2\/pages\/381\/revisions\/589"}],"wp:attachment":[{"href":"http:\/\/www.cortesi.ch\/index.php\/wp-json\/wp\/v2\/media?parent=381"}],"curies":[{"name":"wp","href":"https:\/\/api.w.org\/{rel}","templated":true}]}}