{"id":388,"date":"2023-02-24T15:23:37","date_gmt":"2023-02-24T14:23:37","guid":{"rendered":"http:\/\/www.cortesi.ch\/?page_id=388"},"modified":"2023-02-28T08:31:06","modified_gmt":"2023-02-28T07:31:06","slug":"das-siebte-haus","status":"publish","type":"page","link":"http:\/\/www.cortesi.ch\/index.php\/das-siebte-haus\/","title":{"rendered":"Das siebte Haus"},"content":{"rendered":"\n<h4 class=\"wp-block-heading\">Beziehung und Partnerschaft<\/h4>\n\n\n\n<figure class=\"wp-block-image size-full\"><img loading=\"lazy\" decoding=\"async\" width=\"300\" height=\"310\" src=\"http:\/\/www.cortesi.ch\/wp-content\/uploads\/2023\/02\/sk_Haus07.gif\" alt=\"\" class=\"wp-image-389\"\/><figcaption class=\"wp-element-caption\">\u00a9 FIREBALL Astro-Guide<\/figcaption><\/figure>\n\n\n\n<p>Das siebte Haus entspricht dem\u00a0<a href=\"http:\/\/www.cortesi.ch\/index.php\/das-tierkreiszeichen-waage\/\" data-type=\"page\" data-id=\"349\">Waagezeichen<\/a>.<br>Es symbolisiert die Begegnung mit dem Du, um durch ein Gegen\u00fcber die unbewu\u00dften Seiten des eigenen Wesens zu erkennen. Es steht f\u00fcr das Bestreben, zu anderen Menschen Beziehungen zu schaffen und durch das Verhalten des anderen sich selbst wie in einem Spiegel zu erkennen.<\/p>\n\n\n\n<div style=\"height:10px\" aria-hidden=\"true\" class=\"wp-block-spacer\"><\/div>\n\n\n\n<p><strong>Mit Planeten im siebten Haus werden folgende Lebensbereiche wichtig:<\/strong><\/p>\n\n\n\n<ul class=\"wp-block-list\">\n<li>Man f\u00fchlt sich allein unvollst\u00e4ndig und m\u00f6chte deshalb zu vielen Menschen pers\u00f6nliche Kontakte pflegen. Ebenso scheinen andere Menschen einen aufzufordern, Beziehungen einzugehen.<\/li>\n\n\n\n<li>Man braucht Freunde und Partner mit bestimmten Eigen-schaften, die man daf\u00fcr bewundert (oder sich dar\u00fcber \u00e4rgert) und durch ihr Vorbild immer wieder mit diesen Qualit\u00e4ten in Kontakt kommt. Idealerweise beginnt man eines Tages, die betreffenden Eigenschaften auch selbst auszudr\u00fccken.<\/li>\n\n\n\n<li>Neben Ehe und Partnerschaft k\u00f6nnen auch gesch\u00e4ftliche Beziehungen sowie jede Form des zwischenmenschlichen Kontaktes von Bedeutung sein.<\/li>\n<\/ul>\n\n\n\n<p><a href=\"http:\/\/www.cortesi.ch\/index.php\/verwandtschaften-zwischen-zeichen-planeten-und-haeusern\/\" data-type=\"page\" data-id=\"494\">\u00dcbersicht\u00a0<\/a>\u00fcber Tierkreiszeichen, Planeten und H\u00e4user<\/p>\n","protected":false},"excerpt":{"rendered":"<p>Beziehung und Partnerschaft Das siebte Haus entspricht dem\u00a0Waagezeichen.Es symbolisiert die Begegnung mit dem Du, um durch ein Gegen\u00fcber die unbewu\u00dften Seiten des eigenen Wesens zu erkennen. Es steht f\u00fcr das Bestreben, zu anderen Menschen Beziehungen zu schaffen und durch das Verhalten des anderen sich selbst wie in einem Spiegel zu erkennen. Mit Planeten im siebten [&hellip;]<\/p>\n","protected":false},"author":1,"featured_media":0,"parent":0,"menu_order":0,"comment_status":"closed","ping_status":"closed","template":"","meta":{"footnotes":""},"class_list":["post-388","page","type-page","status-publish","hentry"],"_links":{"self":[{"href":"http:\/\/www.cortesi.ch\/index.php\/wp-json\/wp\/v2\/pages\/388","targetHints":{"allow":["GET"]}}],"collection":[{"href":"http:\/\/www.cortesi.ch\/index.php\/wp-json\/wp\/v2\/pages"}],"about":[{"href":"http:\/\/www.cortesi.ch\/index.php\/wp-json\/wp\/v2\/types\/page"}],"author":[{"embeddable":true,"href":"http:\/\/www.cortesi.ch\/index.php\/wp-json\/wp\/v2\/users\/1"}],"replies":[{"embeddable":true,"href":"http:\/\/www.cortesi.ch\/index.php\/wp-json\/wp\/v2\/comments?post=388"}],"version-history":[{"count":4,"href":"http:\/\/www.cortesi.ch\/index.php\/wp-json\/wp\/v2\/pages\/388\/revisions"}],"predecessor-version":[{"id":593,"href":"http:\/\/www.cortesi.ch\/index.php\/wp-json\/wp\/v2\/pages\/388\/revisions\/593"}],"wp:attachment":[{"href":"http:\/\/www.cortesi.ch\/index.php\/wp-json\/wp\/v2\/media?parent=388"}],"curies":[{"name":"wp","href":"https:\/\/api.w.org\/{rel}","templated":true}]}}