{"id":391,"date":"2023-02-24T15:18:18","date_gmt":"2023-02-24T14:18:18","guid":{"rendered":"http:\/\/www.cortesi.ch\/?page_id=391"},"modified":"2023-02-28T08:34:22","modified_gmt":"2023-02-28T07:34:22","slug":"das-achte-haus","status":"publish","type":"page","link":"http:\/\/www.cortesi.ch\/index.php\/das-achte-haus\/","title":{"rendered":"Das achte Haus"},"content":{"rendered":"\n<h4 class=\"wp-block-heading\">Grenzerfahrungen und Sexualit\u00e4t<\/h4>\n\n\n\n<figure class=\"wp-block-image size-full\"><img loading=\"lazy\" decoding=\"async\" width=\"300\" height=\"310\" src=\"http:\/\/www.cortesi.ch\/wp-content\/uploads\/2023\/02\/sk_Haus08.gif\" alt=\"\" class=\"wp-image-392\"\/><figcaption class=\"wp-element-caption\">\u00a9 FIREBALL Astro-Guide<\/figcaption><\/figure>\n\n\n\n<p>Das achte Haus entspricht dem\u00a0<a href=\"http:\/\/www.cortesi.ch\/index.php\/das-tierkreiszeichen-skorpion\/\" data-type=\"page\" data-id=\"351\">Skorpionzeichen<\/a>.<\/p>\n\n\n\n<p>Es symbolisiert ein Bed\u00fcrfnis nach emotionaler und seelischer Sicherheit, das durch das Aus\u00fcben von Macht in Gesellschaft, Politik oder Sexualit\u00e4t angestrebt wird. Es steht f\u00fcr die Aufforderung, sich kompromi\u00dflos auf Dinge und Menschen einzulassen und zu ergr\u00fcnden, was unter der Oberfl\u00e4che von Kultur, Norm und Anstand liegt.<\/p>\n\n\n\n<div style=\"height:10px\" aria-hidden=\"true\" class=\"wp-block-spacer\"><\/div>\n\n\n\n<p><strong>Mit Planeten im achten Haus werden folgende Lebensbereiche wichtig:<\/strong><\/p>\n\n\n\n<ul class=\"wp-block-list\">\n<li>Das Leben fordert einen auf, sich Macht in Form von Geld, einer beruflichen Stellung, politischem Einflu\u00df oder emotionalen Bindungen zu &#8222;leihen&#8220;, um den Umgang damit zu \u00fcben und sich der Versuchung auszusetzen, sie f\u00fcr egoistische Zwecke zu mi\u00dfbrauchen.<\/li>\n\n\n\n<li>Eine gesellschaftliche Stellung ist von Bedeutung, da man Einflu\u00df aus\u00fcben will. In diesem Sinne sind auch Statussymbole und Dynastiethemen wichtig.<\/li>\n\n\n\n<li>Das Thema des Losla\u00dfens und die Aufforderung zu tiefgreifender Wandlung taucht immer wieder auf, durch Krisen oder als Auseinandersetzung mit Gewalt, Tod, Geburt oder Sexualit\u00e4t.<\/li>\n\n\n\n<li>Durch den intensiven Proze\u00df des Sich-Einla\u00dfens und wieder Losla\u00dfens eignet sich der Betreffende eine au\u00dfergew\u00f6hnliche Regenerationsf\u00e4higkeit an und verf\u00fcgt \u00fcber viele M\u00f6glichkeiten des Neubeginns.<\/li>\n<\/ul>\n\n\n\n<p><a href=\"http:\/\/www.cortesi.ch\/index.php\/verwandtschaften-zwischen-zeichen-planeten-und-haeusern\/\" data-type=\"page\" data-id=\"494\">\u00dcbersicht <\/a>\u00fcber Tierkreiszeichen, Planeten und H\u00e4user<\/p>\n","protected":false},"excerpt":{"rendered":"<p>Grenzerfahrungen und Sexualit\u00e4t Das achte Haus entspricht dem\u00a0Skorpionzeichen. Es symbolisiert ein Bed\u00fcrfnis nach emotionaler und seelischer Sicherheit, das durch das Aus\u00fcben von Macht in Gesellschaft, Politik oder Sexualit\u00e4t angestrebt wird. Es steht f\u00fcr die Aufforderung, sich kompromi\u00dflos auf Dinge und Menschen einzulassen und zu ergr\u00fcnden, was unter der Oberfl\u00e4che von Kultur, Norm und Anstand liegt. [&hellip;]<\/p>\n","protected":false},"author":1,"featured_media":0,"parent":0,"menu_order":0,"comment_status":"closed","ping_status":"closed","template":"","meta":{"footnotes":""},"class_list":["post-391","page","type-page","status-publish","hentry"],"_links":{"self":[{"href":"http:\/\/www.cortesi.ch\/index.php\/wp-json\/wp\/v2\/pages\/391","targetHints":{"allow":["GET"]}}],"collection":[{"href":"http:\/\/www.cortesi.ch\/index.php\/wp-json\/wp\/v2\/pages"}],"about":[{"href":"http:\/\/www.cortesi.ch\/index.php\/wp-json\/wp\/v2\/types\/page"}],"author":[{"embeddable":true,"href":"http:\/\/www.cortesi.ch\/index.php\/wp-json\/wp\/v2\/users\/1"}],"replies":[{"embeddable":true,"href":"http:\/\/www.cortesi.ch\/index.php\/wp-json\/wp\/v2\/comments?post=391"}],"version-history":[{"count":4,"href":"http:\/\/www.cortesi.ch\/index.php\/wp-json\/wp\/v2\/pages\/391\/revisions"}],"predecessor-version":[{"id":595,"href":"http:\/\/www.cortesi.ch\/index.php\/wp-json\/wp\/v2\/pages\/391\/revisions\/595"}],"wp:attachment":[{"href":"http:\/\/www.cortesi.ch\/index.php\/wp-json\/wp\/v2\/media?parent=391"}],"curies":[{"name":"wp","href":"https:\/\/api.w.org\/{rel}","templated":true}]}}