{"id":400,"date":"2023-02-24T15:20:02","date_gmt":"2023-02-24T14:20:02","guid":{"rendered":"http:\/\/www.cortesi.ch\/?page_id=400"},"modified":"2023-02-28T08:40:59","modified_gmt":"2023-02-28T07:40:59","slug":"das-elfte-haus","status":"publish","type":"page","link":"http:\/\/www.cortesi.ch\/index.php\/das-elfte-haus\/","title":{"rendered":"Das elfte Haus"},"content":{"rendered":"\n<h4 class=\"wp-block-heading\">Freundschaft und Weltb\u00fcrgertum<\/h4>\n\n\n\n<figure class=\"wp-block-image size-full\"><img loading=\"lazy\" decoding=\"async\" width=\"300\" height=\"310\" src=\"http:\/\/www.cortesi.ch\/wp-content\/uploads\/2023\/02\/sk_Haus11.gif\" alt=\"\" class=\"wp-image-401\"\/><figcaption class=\"wp-element-caption\">\u00a9 FIREBALL Astro-Guide<\/figcaption><\/figure>\n\n\n\n<p>Das elfte Haus entspricht dem\u00a0<a href=\"http:\/\/www.cortesi.ch\/index.php\/das-tierkreiszeichen-wassermann\/\" data-type=\"page\" data-id=\"357\">Wassermannzeichen<\/a>.<\/p>\n\n\n\n<p>Es symbolisiert die Aufforderung, ein Individuum und gleichzeitig Teil eines gr\u00f6\u00dferen Ganzen zu sein, vergleichbar einer Zelle als selbst\u00e4ndige Einheit und Teil eines viele Zellen umfassenden Organs.<\/p>\n\n\n\n<div style=\"height:10px\" aria-hidden=\"true\" class=\"wp-block-spacer\"><\/div>\n\n\n\n<p><strong>Mit Planeten im elften Haus werden folgende Lebensbereiche wichtig:<\/strong><\/p>\n\n\n\n<ul class=\"wp-block-list\">\n<li>Man wird immer wieder aufgefordert, ganz sich selbst zu sein, sich nicht von gesellschaftlichen Zw\u00e4ngen und anderen Abh\u00e4ngigkeiten einbinden zu lassen, um nach M\u00f6glichkeit das eigene Potential zum Ausdruck bringen zu k\u00f6nnen. Oft finden sich Menschen, die einen dabei unterst\u00fctzen.<\/li>\n\n\n\n<li>Freundschaften, Interessengruppen und Kontakte zu Gleichgesinnten sind oft wichtiger als Familienbande.<\/li>\n\n\n\n<li>Beruflich braucht man viel pers\u00f6nlichen Spielraum oder eine Arbeit im Team. Hierarchische Strukturen schr\u00e4nken die pers\u00f6nlichen Ausdrucksm\u00f6glichkeiten ein. Man ist bestrebt, sein Leben so zu gestalten, da\u00df man unabh\u00e4ngig von gesellschaftlichen Vorgaben als eigenst\u00e4ndiges Individuum akzeptiert wird.<\/li>\n\n\n\n<li>Oft werden Beruf und Privatleben von einer ausgepr\u00e4gten sozialen Einstellung und dem Wunsch nach einer idealen Gesellschaft beeinflu\u00dft. Es besteht eine gro\u00dfe Bereitschaft, sich f\u00fcr zukunftstr\u00e4chtige M\u00f6glichkeiten zu begeistern.<\/li>\n\n\n\n<li>Man wird immer wieder aufgefordert, den \u00dcberblick zu wahren, Ideen zu entwickeln und gewisserma\u00dfen die Rolle eines Vorl\u00e4ufers f\u00fcr eine bessere Zukunft einzunehmen.<\/li>\n<\/ul>\n\n\n\n<p><a href=\"http:\/\/www.cortesi.ch\/index.php\/verwandtschaften-zwischen-zeichen-planeten-und-haeusern\/\" data-type=\"page\" data-id=\"494\">\u00dcbersicht\u00a0<\/a>\u00fcber Tierkreiszeichen, Planeten und H\u00e4user<\/p>\n","protected":false},"excerpt":{"rendered":"<p>Freundschaft und Weltb\u00fcrgertum Das elfte Haus entspricht dem\u00a0Wassermannzeichen. Es symbolisiert die Aufforderung, ein Individuum und gleichzeitig Teil eines gr\u00f6\u00dferen Ganzen zu sein, vergleichbar einer Zelle als selbst\u00e4ndige Einheit und Teil eines viele Zellen umfassenden Organs. Mit Planeten im elften Haus werden folgende Lebensbereiche wichtig: \u00dcbersicht\u00a0\u00fcber Tierkreiszeichen, Planeten und H\u00e4user<\/p>\n","protected":false},"author":1,"featured_media":0,"parent":0,"menu_order":0,"comment_status":"closed","ping_status":"closed","template":"","meta":{"footnotes":""},"class_list":["post-400","page","type-page","status-publish","hentry"],"_links":{"self":[{"href":"http:\/\/www.cortesi.ch\/index.php\/wp-json\/wp\/v2\/pages\/400","targetHints":{"allow":["GET"]}}],"collection":[{"href":"http:\/\/www.cortesi.ch\/index.php\/wp-json\/wp\/v2\/pages"}],"about":[{"href":"http:\/\/www.cortesi.ch\/index.php\/wp-json\/wp\/v2\/types\/page"}],"author":[{"embeddable":true,"href":"http:\/\/www.cortesi.ch\/index.php\/wp-json\/wp\/v2\/users\/1"}],"replies":[{"embeddable":true,"href":"http:\/\/www.cortesi.ch\/index.php\/wp-json\/wp\/v2\/comments?post=400"}],"version-history":[{"count":4,"href":"http:\/\/www.cortesi.ch\/index.php\/wp-json\/wp\/v2\/pages\/400\/revisions"}],"predecessor-version":[{"id":601,"href":"http:\/\/www.cortesi.ch\/index.php\/wp-json\/wp\/v2\/pages\/400\/revisions\/601"}],"wp:attachment":[{"href":"http:\/\/www.cortesi.ch\/index.php\/wp-json\/wp\/v2\/media?parent=400"}],"curies":[{"name":"wp","href":"https:\/\/api.w.org\/{rel}","templated":true}]}}