{"id":403,"date":"2023-02-24T15:35:32","date_gmt":"2023-02-24T14:35:32","guid":{"rendered":"http:\/\/www.cortesi.ch\/?page_id=403"},"modified":"2023-02-28T08:44:29","modified_gmt":"2023-02-28T07:44:29","slug":"das-zwoelfte-haus","status":"publish","type":"page","link":"http:\/\/www.cortesi.ch\/index.php\/das-zwoelfte-haus\/","title":{"rendered":"Das zw\u00f6lfte Haus"},"content":{"rendered":"\n<h4 class=\"wp-block-heading\">Anonymit\u00e4t und \u00dcberpers\u00f6nliches<\/h4>\n\n\n\n<figure class=\"wp-block-image size-full\"><img loading=\"lazy\" decoding=\"async\" width=\"300\" height=\"310\" src=\"http:\/\/www.cortesi.ch\/wp-content\/uploads\/2023\/02\/sk_Haus12.gif\" alt=\"\" class=\"wp-image-404\"\/><figcaption class=\"wp-element-caption\">\u00a9 FIREBALL Astro-Guide<\/figcaption><\/figure>\n\n\n\n<p>Das zw\u00f6lfte Haus entspricht dem\u00a0<a href=\"http:\/\/www.cortesi.ch\/index.php\/das-tierkreiszeichen-fische\/\" data-type=\"page\" data-id=\"359\">Fischezeichen<\/a>.<\/p>\n\n\n\n<p>Es symbolisiert die Sehnsucht nach dem verlorenen Paradies und die Aufforderung, alle Grenzen und Egobed\u00fcrfnisse zu lockern und sich einem gr\u00f6\u00dferen Ganzen hinzugeben.<\/p>\n\n\n\n<p>Planeten im zw\u00f6lften Haus werden in ihrem Ausdruck gebremst. Ihre Kr\u00e4fte werden nach innen und auf kollektive Ziele gelenkt. Dies bewirkt ein Bed\u00fcrfnis nach Eingebettet-Sein in einem gr\u00f6sseren Ganzen und gleichzeitig eine Abwendung vom realen Leben.<\/p>\n\n\n\n<div style=\"height:10px\" aria-hidden=\"true\" class=\"wp-block-spacer\"><\/div>\n\n\n\n<p><strong>Mit Planeten im zw\u00f6lften Haus werden folgende Lebensbereiche wichtig:<\/strong><\/p>\n\n\n\n<ul class=\"wp-block-list\">\n<li>Man hat oft eine Art Heimweh nach dem G\u00f6ttlichen und f\u00fchlt sich zu spirituellen Bereichen hingezogen. Bei einer mangelnden Verankerung in der Realit\u00e4t kann dies negative Formen wie beispielsweise ein Suchtverhalten annehmen.<\/li>\n\n\n\n<li>Hingabe und Mitgef\u00fchl sind wichtige Themen, die in einer Helfert\u00e4tigkeit Ausdruck finden k\u00f6nnen.<\/li>\n\n\n\n<li>Die Grenzen zwischen Ich und Umwelt sollen durchl\u00e4ssig gehalten werden. Dabei hat man M\u00fche, eine fest umrissene Identit\u00e4t zu entwickeln. Um zu erkennen, wer man selbst ist und was man selbst will, ist ein zeitweiser R\u00fcckzug n\u00f6tig, der es einem erm\u00f6glicht, sich ganz auf die eigene innere Welt einzulassen. Auf unbewu\u00dfter Ebene kann eine Krankheit f\u00fcr die notwendige Einsamkeit sorgen.<\/li>\n\n\n\n<li>Wenn in der Kindheit wenig Verst\u00e4ndnis f\u00fcr die innere Traum- und Phantasiewelt des Kindes aufgebracht wurde, besteht eine Tendenz, sich entgegen allen inneren Regungen ganz der realen und materiellen Welt zu verschreiben. Man lebt vorwiegend die Themen des <a href=\"http:\/\/www.cortesi.ch\/index.php\/das-sechste-haus\/\" data-type=\"page\" data-id=\"384\">sechsten Hauses<\/a> und die verdr\u00e4ngten Zw\u00f6lfthausthemen treten in Form von Sucht oder Chaos oder einem entsprechenden Partner in verzerrter Form wieder auf.<\/li>\n<\/ul>\n\n\n\n<p><a href=\"http:\/\/www.cortesi.ch\/index.php\/verwandtschaften-zwischen-zeichen-planeten-und-haeusern\/\" data-type=\"page\" data-id=\"494\">\u00dcbersicht\u00a0<\/a>\u00fcber Tierkreiszeichen, Planeten und H\u00e4user<\/p>\n","protected":false},"excerpt":{"rendered":"<p>Anonymit\u00e4t und \u00dcberpers\u00f6nliches Das zw\u00f6lfte Haus entspricht dem\u00a0Fischezeichen. Es symbolisiert die Sehnsucht nach dem verlorenen Paradies und die Aufforderung, alle Grenzen und Egobed\u00fcrfnisse zu lockern und sich einem gr\u00f6\u00dferen Ganzen hinzugeben. Planeten im zw\u00f6lften Haus werden in ihrem Ausdruck gebremst. Ihre Kr\u00e4fte werden nach innen und auf kollektive Ziele gelenkt. Dies bewirkt ein Bed\u00fcrfnis nach [&hellip;]<\/p>\n","protected":false},"author":1,"featured_media":0,"parent":0,"menu_order":0,"comment_status":"closed","ping_status":"closed","template":"","meta":{"footnotes":""},"class_list":["post-403","page","type-page","status-publish","hentry"],"_links":{"self":[{"href":"http:\/\/www.cortesi.ch\/index.php\/wp-json\/wp\/v2\/pages\/403","targetHints":{"allow":["GET"]}}],"collection":[{"href":"http:\/\/www.cortesi.ch\/index.php\/wp-json\/wp\/v2\/pages"}],"about":[{"href":"http:\/\/www.cortesi.ch\/index.php\/wp-json\/wp\/v2\/types\/page"}],"author":[{"embeddable":true,"href":"http:\/\/www.cortesi.ch\/index.php\/wp-json\/wp\/v2\/users\/1"}],"replies":[{"embeddable":true,"href":"http:\/\/www.cortesi.ch\/index.php\/wp-json\/wp\/v2\/comments?post=403"}],"version-history":[{"count":4,"href":"http:\/\/www.cortesi.ch\/index.php\/wp-json\/wp\/v2\/pages\/403\/revisions"}],"predecessor-version":[{"id":603,"href":"http:\/\/www.cortesi.ch\/index.php\/wp-json\/wp\/v2\/pages\/403\/revisions\/603"}],"wp:attachment":[{"href":"http:\/\/www.cortesi.ch\/index.php\/wp-json\/wp\/v2\/media?parent=403"}],"curies":[{"name":"wp","href":"https:\/\/api.w.org\/{rel}","templated":true}]}}