{"id":406,"date":"2023-02-24T15:42:20","date_gmt":"2023-02-24T14:42:20","guid":{"rendered":"http:\/\/www.cortesi.ch\/?page_id=406"},"modified":"2023-02-28T08:17:02","modified_gmt":"2023-02-28T07:17:02","slug":"die-haeuser","status":"publish","type":"page","link":"http:\/\/www.cortesi.ch\/index.php\/astrologisches\/die-haeuser\/","title":{"rendered":"Die H\u00e4user"},"content":{"rendered":"\n<p>Neben dem\u00a0<a href=\"http:\/\/www.cortesi.ch\/index.php\/astrologisches\/der-tierkreis\/\" data-type=\"page\" data-id=\"309\">Tierkreis\u00a0<\/a>befindet sich im Horoskop eine weitere zw\u00f6lffache Einteilung: die H\u00e4user. Diese zw\u00f6lf H\u00e4user k\u00f6nnen mit verschiedenen Lebensbereichen gleichgestellt werden, in denen ein Mensch Erfahrungen sammelt.<\/p>\n\n\n\n<p>Dar\u00fcber hinaus entsprechen die H\u00e4user den verschiedenen Zeichen des Tierkreises. So symbolisiert beispielsweise das siebte Haus den Lebensbereich &#8222;Beziehung&#8220; und entspricht dem Tierkreiszeichen Waage, das u.a. f\u00fcr Anpassungsf\u00e4higkeit und &#8222;Du-Bezogenheit&#8220; steht. Das neunte Haus entspricht dem Zeichen Sch\u00fctze und steht f\u00fcr Philosophie, Religion und Reisen. Wichtige Eigenschaft des Sch\u00fctze-Zeichens ist das Bed\u00fcrfnis nach einem weiten Horizont.<\/p>\n\n\n\n<p>Mit anderen Worten: Die zw\u00f6lf H\u00e4user bilden ein Bezugssystem zwischen der Person und der Umwelt. Viele Planeten in einem Haus deuten darauf hin, da\u00df der Betreffende sich vor allem im diesem entsprechenden Lebensbereich ausdr\u00fccken bzw. Erfahrungen sammeln wird.<\/p>\n\n\n\n<p>Im Gegensatz zu den zw\u00f6lf Tierkreiszeichen, die sich mit Sonne, Mond und den Planeten einmal t\u00e4glich um uns drehen, sind die Positionen der H\u00e4user feststehend. Ein weiterer Unterschied ist, da\u00df die H\u00e4user &#8211; je nach Jahreszeit, Tageszeit und geographischer Breite &#8211; unterschiedlich gro\u00df sein k\u00f6nnen.<\/p>\n\n\n\n<div style=\"height:10px\" aria-hidden=\"true\" class=\"wp-block-spacer\"><\/div>\n\n\n\n<figure class=\"wp-block-table\"><table><tbody><tr><td><strong><em>Haus<\/em><\/strong><\/td><td><strong><em>Lebensbereich<\/em><\/strong><\/td><td><strong><em>verwandtes Zeichen<\/em><\/strong><\/td><\/tr><tr><td><a href=\"http:\/\/www.cortesi.ch\/index.php\/das-erste-haus\/\" data-type=\"page\" data-id=\"364\">Erstes Haus<\/a><\/td><td>Pers\u00f6nlichkeit und Lebensgef\u00fchl<\/td><td>Widder<\/td><\/tr><tr><td><a href=\"http:\/\/www.cortesi.ch\/index.php\/das-zweite-haus\/\" data-type=\"page\" data-id=\"367\">Zweites Haus<\/a><\/td><td>Selbstwert, Erwerb und Besitz<\/td><td>Stier<\/td><\/tr><tr><td><a href=\"http:\/\/www.cortesi.ch\/index.php\/das-dritte-haus\/\" data-type=\"page\" data-id=\"370\">Drittes Haus<\/a><\/td><td>Kommunikation, Denken und Lernen<\/td><td>Zwillinge<\/td><\/tr><tr><td><a href=\"http:\/\/www.cortesi.ch\/index.php\/das-vierte-haus\/\" data-type=\"page\" data-id=\"377\">Viertes Haus<\/a><\/td><td>emotionale Wurzeln, Herkunft und Familie<\/td><td>Krebs<\/td><\/tr><tr><td><a href=\"http:\/\/www.cortesi.ch\/index.php\/das-fuenfte-haus\/\" data-type=\"page\" data-id=\"381\">F\u00fcnftes Haus<\/a><\/td><td>Kreativit\u00e4t und Vergn\u00fcgen<\/td><td>L\u00f6we<\/td><\/tr><tr><td><a href=\"http:\/\/www.cortesi.ch\/index.php\/das-sechste-haus\/\" data-type=\"page\" data-id=\"384\">Sechstes Haus<\/a><\/td><td>Alltag und Arbeit<\/td><td>Jungfrau<\/td><\/tr><tr><td><a href=\"http:\/\/www.cortesi.ch\/index.php\/das-siebte-haus\/\" data-type=\"page\" data-id=\"388\">Siebtes Haus<\/a><\/td><td>Beziehungen und Partnerschaft<\/td><td>Waage<\/td><\/tr><tr><td><a href=\"http:\/\/www.cortesi.ch\/index.php\/das-achte-haus\/\" data-type=\"page\" data-id=\"391\">Achtes Haus<\/a><\/td><td>Grenzerfahrungen und Sexualit\u00e4t<\/td><td>Skorpion<\/td><\/tr><tr><td><a href=\"http:\/\/www.cortesi.ch\/index.php\/das-neunte-haus\/\" data-type=\"page\" data-id=\"394\">Neuntes Haus<\/a><\/td><td>Weltanschauung und ferne L\u00e4nder<\/td><td>Sch\u00fctze<\/td><\/tr><tr><td><a href=\"http:\/\/www.cortesi.ch\/index.php\/das-zehnte-haus\/\" data-type=\"page\" data-id=\"397\">Zehntes Haus<\/a><\/td><td>Beruf und gesellschaftliche Stellung<\/td><td>Steinbock<\/td><\/tr><tr><td><a href=\"http:\/\/www.cortesi.ch\/index.php\/das-elfte-haus\/\" data-type=\"page\" data-id=\"400\">Elftes Haus<\/a><\/td><td>Freundschaft und Weltb\u00fcrgertum<\/td><td>Wassermann<\/td><\/tr><tr><td><a href=\"http:\/\/www.cortesi.ch\/index.php\/das-zwoelfte-haus\/\" data-type=\"page\" data-id=\"403\">Zw\u00f6lftes Haus<\/a><\/td><td>Anonymit\u00e4t und \u00dcberpers\u00f6nliches<\/td><td>Fische<\/td><\/tr><\/tbody><\/table><\/figure>\n\n\n\n<p>mehr \u00fcber\u00a0<a href=\"http:\/\/www.cortesi.ch\/Astrologie_Wissen\/wi_tkzplanh.htm\">&#8222;<\/a><a href=\"http:\/\/www.cortesi.ch\/index.php\/verwandtschaften-zwischen-zeichen-planeten-und-haeusern\/\" data-type=\"page\" data-id=\"494\">Verwandtschaften<\/a><a href=\"http:\/\/www.cortesi.ch\/Astrologie_Wissen\/wi_tkzplanh.htm\">&#8222;<\/a><\/p>\n","protected":false},"excerpt":{"rendered":"<p>Neben dem\u00a0Tierkreis\u00a0befindet sich im Horoskop eine weitere zw\u00f6lffache Einteilung: die H\u00e4user. Diese zw\u00f6lf H\u00e4user k\u00f6nnen mit verschiedenen Lebensbereichen gleichgestellt werden, in denen ein Mensch Erfahrungen sammelt. Dar\u00fcber hinaus entsprechen die H\u00e4user den verschiedenen Zeichen des Tierkreises. So symbolisiert beispielsweise das siebte Haus den Lebensbereich &#8222;Beziehung&#8220; und entspricht dem Tierkreiszeichen Waage, das u.a. f\u00fcr Anpassungsf\u00e4higkeit und [&hellip;]<\/p>\n","protected":false},"author":1,"featured_media":0,"parent":39,"menu_order":0,"comment_status":"closed","ping_status":"closed","template":"","meta":{"footnotes":""},"class_list":["post-406","page","type-page","status-publish","hentry"],"_links":{"self":[{"href":"http:\/\/www.cortesi.ch\/index.php\/wp-json\/wp\/v2\/pages\/406","targetHints":{"allow":["GET"]}}],"collection":[{"href":"http:\/\/www.cortesi.ch\/index.php\/wp-json\/wp\/v2\/pages"}],"about":[{"href":"http:\/\/www.cortesi.ch\/index.php\/wp-json\/wp\/v2\/types\/page"}],"author":[{"embeddable":true,"href":"http:\/\/www.cortesi.ch\/index.php\/wp-json\/wp\/v2\/users\/1"}],"replies":[{"embeddable":true,"href":"http:\/\/www.cortesi.ch\/index.php\/wp-json\/wp\/v2\/comments?post=406"}],"version-history":[{"count":4,"href":"http:\/\/www.cortesi.ch\/index.php\/wp-json\/wp\/v2\/pages\/406\/revisions"}],"predecessor-version":[{"id":579,"href":"http:\/\/www.cortesi.ch\/index.php\/wp-json\/wp\/v2\/pages\/406\/revisions\/579"}],"up":[{"embeddable":true,"href":"http:\/\/www.cortesi.ch\/index.php\/wp-json\/wp\/v2\/pages\/39"}],"wp:attachment":[{"href":"http:\/\/www.cortesi.ch\/index.php\/wp-json\/wp\/v2\/media?parent=406"}],"curies":[{"name":"wp","href":"https:\/\/api.w.org\/{rel}","templated":true}]}}