{"id":409,"date":"2023-02-24T15:42:50","date_gmt":"2023-02-24T14:42:50","guid":{"rendered":"http:\/\/www.cortesi.ch\/?page_id=409"},"modified":"2023-02-28T08:52:45","modified_gmt":"2023-02-28T07:52:45","slug":"die-planeten","status":"publish","type":"page","link":"http:\/\/www.cortesi.ch\/index.php\/astrologisches\/die-planeten\/","title":{"rendered":"Die Planeten"},"content":{"rendered":"\n<p>Aus astrologischer Sicht z\u00e4hlen zu den Planeten nicht nur die Planeten des Sonnensystems Merkur, Venus, Mars, Jupiter, Saturn, Uranus und Neptun, sondern auch Sonne, Mond und Pluto. Symbolisch entspricht das gesamte Sonnensystem einem Menschen. Dabei verk\u00f6rpern die einzelnen Planeten psychologische Komplexe oder Teilpers\u00f6nlichkeiten dieses Menschen, die f\u00fcr einzelne Lebensbereiche zust\u00e4ndig sind.<\/p>\n\n\n\n<figure class=\"wp-block-table\"><table><tbody><tr><td><strong><em>Planet<\/em><\/strong><\/td><td><strong><em>Symbol<\/em><\/strong><\/td><td><strong><em>Bedeutung<\/em><\/strong><\/td><\/tr><tr><td><a href=\"http:\/\/www.cortesi.ch\/index.php\/die-sonne\/\" data-type=\"page\" data-id=\"421\">Sonne<\/a><\/td><td><img loading=\"lazy\" decoding=\"async\" width=\"49\" height=\"49\" class=\"wp-image-314\" style=\"width: 49px;\" src=\"http:\/\/www.cortesi.ch\/wp-content\/uploads\/2023\/02\/sonne.gif\" alt=\"\"><\/td><td>aktives Prinzip, Symbol f\u00fcr Ich-Bewu\u00dftsein, innerer Kern, Wille, Vaterbild, Partnerbild der Frau<\/td><\/tr><tr><td><a href=\"http:\/\/www.cortesi.ch\/index.php\/der-mond\/\" data-type=\"page\" data-id=\"423\">Mond<\/a><\/td><td><img loading=\"lazy\" decoding=\"async\" width=\"49\" height=\"49\" class=\"wp-image-316\" style=\"width: 49px;\" src=\"http:\/\/www.cortesi.ch\/wp-content\/uploads\/2023\/02\/mond.gif\" alt=\"\"><\/td><td>passives, aufnehmendes Prinzip, Symbol f\u00fcr das Kind-Ich, f\u00fcr Gef\u00fchle, Seele, Bed\u00fcrfnis nach Geborgenheit, emotionale Reaktion, Mutterbild, Partnerbild des Mannes<\/td><\/tr><tr><td><a href=\"http:\/\/www.cortesi.ch\/index.php\/merkur\/\" data-type=\"page\" data-id=\"425\">Merkur<\/a><\/td><td><img loading=\"lazy\" decoding=\"async\" width=\"49\" height=\"49\" class=\"wp-image-317\" style=\"width: 49px;\" src=\"http:\/\/www.cortesi.ch\/wp-content\/uploads\/2023\/02\/merkur.gif\" alt=\"\"><\/td><td>Symbol f\u00fcr Denken, Kommunikation und Lernf\u00e4higkeit<\/td><\/tr><tr><td><a href=\"http:\/\/www.cortesi.ch\/index.php\/venus\/\" data-type=\"page\" data-id=\"427\">Venus<\/a><\/td><td><img loading=\"lazy\" decoding=\"async\" width=\"49\" height=\"49\" class=\"wp-image-410\" style=\"width: 49px;\" src=\"http:\/\/www.cortesi.ch\/wp-content\/uploads\/2023\/02\/venus.gif\" alt=\"\"><\/td><td>Symbol f\u00fcr Harmonie, Ausgleich, N\u00e4he, Beziehung, \u00c4sthetik, Erotik, Rolle als Frau, Partnerbild des Mannes<\/td><\/tr><tr><td><a href=\"http:\/\/www.cortesi.ch\/index.php\/mars\/\" data-type=\"page\" data-id=\"429\">Mars<\/a><\/td><td><img loading=\"lazy\" decoding=\"async\" width=\"49\" height=\"49\" class=\"wp-image-411\" style=\"width: 49px;\" src=\"http:\/\/www.cortesi.ch\/wp-content\/uploads\/2023\/02\/mars.gif\" alt=\"\"><\/td><td>Symbol f\u00fcr M\u00e4nnlichkeit, Durchsetzung, Aktivit\u00e4t, Handlung, Aggression, Sexualit\u00e4t, Partnerbild der Frau<\/td><\/tr><tr><td><a href=\"http:\/\/www.cortesi.ch\/index.php\/jupiter\/\" data-type=\"page\" data-id=\"431\">Jupiter<\/a><\/td><td><img loading=\"lazy\" decoding=\"async\" width=\"49\" height=\"49\" class=\"wp-image-412\" style=\"width: 49px;\" src=\"http:\/\/www.cortesi.ch\/wp-content\/uploads\/2023\/02\/jupiter.gif\" alt=\"\"><\/td><td>erweiterndes Prinzip, Symbol f\u00fcr Wachstum, Expansion, Optimismus, Suche nach Sinn, Gerechtigkeit, Philosophie, Religion<\/td><\/tr><tr><td><a href=\"http:\/\/www.cortesi.ch\/index.php\/saturn\/\" data-type=\"page\" data-id=\"433\">Saturn<\/a><\/td><td><img loading=\"lazy\" decoding=\"async\" width=\"49\" height=\"49\" class=\"wp-image-413\" style=\"width: 49px;\" src=\"http:\/\/www.cortesi.ch\/wp-content\/uploads\/2023\/02\/saturn.gif\" alt=\"\"><\/td><td>Grenzen setzendes einschr\u00e4nkendes Prinzip, &#8222;Schatten&#8220;, &#8222;Sand im Getriebe&#8220;, Symbol f\u00fcr Struktur, Gesetz, Gewissen, Verantwortung, Hemmung<\/td><\/tr><tr><td><a href=\"http:\/\/www.cortesi.ch\/index.php\/uranus\/\" data-type=\"page\" data-id=\"435\">Uranus<\/a><\/td><td><img loading=\"lazy\" decoding=\"async\" width=\"49\" height=\"49\" class=\"wp-image-415\" style=\"width: 49px;\" src=\"http:\/\/www.cortesi.ch\/wp-content\/uploads\/2023\/02\/uranus.gif\" alt=\"\"><\/td><td>Symbol f\u00fcr Freiheit, Ver\u00e4nderung, Individualit\u00e4t, Erkenntnis, Rebellion, Unberechenbarkeit<\/td><\/tr><tr><td><a href=\"http:\/\/www.cortesi.ch\/index.php\/neptun\/\" data-type=\"page\" data-id=\"437\">Neptun<\/a><\/td><td><img loading=\"lazy\" decoding=\"async\" width=\"49\" height=\"49\" class=\"wp-image-414\" style=\"width: 49px;\" src=\"http:\/\/www.cortesi.ch\/wp-content\/uploads\/2023\/02\/neptun.gif\" alt=\"\"><\/td><td>Symbol f\u00fcr Ego-Aufl\u00f6sung, totale Hingabe an ein gr\u00f6\u00dferes Ganzes, Sensibilit\u00e4t, Mystik, Musik, Sucht, Illusion, &#8222;Nebel&#8220;<\/td><\/tr><tr><td><a href=\"http:\/\/www.cortesi.ch\/index.php\/pluto\/\" data-type=\"page\" data-id=\"439\">Pluto<\/a><\/td><td><img loading=\"lazy\" decoding=\"async\" width=\"49\" height=\"49\" class=\"wp-image-416\" style=\"width: 49px;\" src=\"http:\/\/www.cortesi.ch\/wp-content\/uploads\/2023\/02\/pluto.gif\" alt=\"\"><\/td><td>Symbol f\u00fcr &#8222;Schatten&#8220;, unbewu\u00dfte \u00c4ngste, tiefgreifende Wandlung, Macht und Manipulation, psychisches Energiepotential<\/td><\/tr><tr><td><\/td><td><\/td><td><\/td><\/tr><\/tbody><\/table><\/figure>\n\n\n\n<p>Weitere Punkte und Himmelsk\u00f6rper<\/p>\n\n\n\n<figure class=\"wp-block-table\"><table><tbody><tr><td><a href=\"http:\/\/www.cortesi.ch\/index.php\/der-mondknoten\/\" data-type=\"page\" data-id=\"441\">Mondknoten<\/a><\/td><td><img loading=\"lazy\" decoding=\"async\" width=\"49\" height=\"49\" class=\"wp-image-417\" style=\"width: 49px;\" src=\"http:\/\/www.cortesi.ch\/wp-content\/uploads\/2023\/02\/knoten.gif\" alt=\"\"><\/td><td>Symbol f\u00fcr eine wichtige Lebensaufgabe<\/td><\/tr><tr><td><a href=\"http:\/\/www.cortesi.ch\/index.php\/chiron-symbol-fuer-die-persoenliche-schwachstelle\/\" data-type=\"page\" data-id=\"444\">Chiron<\/a><\/td><td><img loading=\"lazy\" decoding=\"async\" width=\"49\" height=\"49\" class=\"wp-image-445\" style=\"width: 49px;\" src=\"http:\/\/www.cortesi.ch\/wp-content\/uploads\/2023\/02\/chiron.gif\" alt=\"\"><\/td><td>Symbolf\u00fcr die pers\u00f6nliche Schwachstelle<\/td><\/tr><tr><td><a href=\"http:\/\/www.cortesi.ch\/index.php\/lilith-der-schwarze-mond\/\" data-type=\"page\" data-id=\"447\">Lilith<\/a><\/td><td><img loading=\"lazy\" decoding=\"async\" width=\"49\" height=\"49\" class=\"wp-image-448\" style=\"width: 49px;\" src=\"http:\/\/www.cortesi.ch\/wp-content\/uploads\/2023\/02\/lilith.gif\" alt=\"\"><\/td><td>Der schwarze Mond &#8211; die weibliche Kraft der Seele<\/td><\/tr><\/tbody><\/table><\/figure>\n\n\n\n<p>&#8222;<a href=\"http:\/\/www.cortesi.ch\/index.php\/verwandtschaften-zwischen-zeichen-planeten-und-haeusern\/\" data-type=\"page\" data-id=\"494\">Verwandtschaften<\/a>&#8220; von Planeten zu Zeichen und H\u00e4usern<\/p>\n","protected":false},"excerpt":{"rendered":"<p>Aus astrologischer Sicht z\u00e4hlen zu den Planeten nicht nur die Planeten des Sonnensystems Merkur, Venus, Mars, Jupiter, Saturn, Uranus und Neptun, sondern auch Sonne, Mond und Pluto. Symbolisch entspricht das gesamte Sonnensystem einem Menschen. Dabei verk\u00f6rpern die einzelnen Planeten psychologische Komplexe oder Teilpers\u00f6nlichkeiten dieses Menschen, die f\u00fcr einzelne Lebensbereiche zust\u00e4ndig sind. Planet Symbol Bedeutung Sonne [&hellip;]<\/p>\n","protected":false},"author":1,"featured_media":0,"parent":39,"menu_order":0,"comment_status":"closed","ping_status":"closed","template":"","meta":{"footnotes":""},"class_list":["post-409","page","type-page","status-publish","hentry"],"_links":{"self":[{"href":"http:\/\/www.cortesi.ch\/index.php\/wp-json\/wp\/v2\/pages\/409","targetHints":{"allow":["GET"]}}],"collection":[{"href":"http:\/\/www.cortesi.ch\/index.php\/wp-json\/wp\/v2\/pages"}],"about":[{"href":"http:\/\/www.cortesi.ch\/index.php\/wp-json\/wp\/v2\/types\/page"}],"author":[{"embeddable":true,"href":"http:\/\/www.cortesi.ch\/index.php\/wp-json\/wp\/v2\/users\/1"}],"replies":[{"embeddable":true,"href":"http:\/\/www.cortesi.ch\/index.php\/wp-json\/wp\/v2\/comments?post=409"}],"version-history":[{"count":6,"href":"http:\/\/www.cortesi.ch\/index.php\/wp-json\/wp\/v2\/pages\/409\/revisions"}],"predecessor-version":[{"id":605,"href":"http:\/\/www.cortesi.ch\/index.php\/wp-json\/wp\/v2\/pages\/409\/revisions\/605"}],"up":[{"embeddable":true,"href":"http:\/\/www.cortesi.ch\/index.php\/wp-json\/wp\/v2\/pages\/39"}],"wp:attachment":[{"href":"http:\/\/www.cortesi.ch\/index.php\/wp-json\/wp\/v2\/media?parent=409"}],"curies":[{"name":"wp","href":"https:\/\/api.w.org\/{rel}","templated":true}]}}