{"id":41,"date":"2022-12-19T09:10:06","date_gmt":"2022-12-19T08:10:06","guid":{"rendered":"http:\/\/www.cortesi.ch\/?page_id=41"},"modified":"2022-12-19T09:10:06","modified_gmt":"2022-12-19T08:10:06","slug":"persoenlichkeitsanalysen","status":"publish","type":"page","link":"http:\/\/www.cortesi.ch\/index.php\/persoenlichkeitsanalysen\/","title":{"rendered":"Pers\u00f6nlichkeitsanalysen"},"content":{"rendered":"\n<p>Beschreibung der Pers\u00f6nlichkeitsstruktur, 15-25 Seiten, Autorin: Anita Cortesi<\/p>\n\n\n\n<figure class=\"wp-block-image aligncenter size-full\"><img loading=\"lazy\" decoding=\"async\" width=\"246\" height=\"225\" src=\"http:\/\/www.cortesi.ch\/wp-content\/uploads\/2022\/12\/hi_OliviaTK.jpg\" alt=\"\" class=\"wp-image-42\"\/><\/figure>\n\n\n\n<p>Die Astrologie ver\u00e4ndert nichts in Ihrem Leben, aber sie gibt Ihnen ein Werkzeug in die Hand, mit dem Sie Ihr Leben freier gestalten k\u00f6nnen.<\/p>\n\n\n\n<p>Wollen Sie mehr wissen \u00fcber Ihre individuellen F\u00e4higkeiten und Neigungen oder \u00fcber Ihre M\u00f6glichkeiten in Beruf oder Partnerschaft?<br><br>Stehen Sie vor einer wichtigen Entscheidung oder zweifeln Sie am Sinn des Lebens?<br><br>Oder m\u00f6chten Sie ein Kind besser verstehen und auf es eingehen k\u00f6nnen?<br><br>Dann k\u00f6nnen Ihnen schriftliche Analysen hilfreiche Impulse geben.<\/p>\n","protected":false},"excerpt":{"rendered":"<p>Beschreibung der Pers\u00f6nlichkeitsstruktur, 15-25 Seiten, Autorin: Anita Cortesi Die Astrologie ver\u00e4ndert nichts in Ihrem Leben, aber sie gibt Ihnen ein Werkzeug in die Hand, mit dem Sie Ihr Leben freier gestalten k\u00f6nnen. Wollen Sie mehr wissen \u00fcber Ihre individuellen F\u00e4higkeiten und Neigungen oder \u00fcber Ihre M\u00f6glichkeiten in Beruf oder Partnerschaft? Stehen Sie vor einer wichtigen [&hellip;]<\/p>\n","protected":false},"author":1,"featured_media":0,"parent":0,"menu_order":0,"comment_status":"closed","ping_status":"closed","template":"","meta":{"footnotes":""},"class_list":["post-41","page","type-page","status-publish","hentry"],"_links":{"self":[{"href":"http:\/\/www.cortesi.ch\/index.php\/wp-json\/wp\/v2\/pages\/41","targetHints":{"allow":["GET"]}}],"collection":[{"href":"http:\/\/www.cortesi.ch\/index.php\/wp-json\/wp\/v2\/pages"}],"about":[{"href":"http:\/\/www.cortesi.ch\/index.php\/wp-json\/wp\/v2\/types\/page"}],"author":[{"embeddable":true,"href":"http:\/\/www.cortesi.ch\/index.php\/wp-json\/wp\/v2\/users\/1"}],"replies":[{"embeddable":true,"href":"http:\/\/www.cortesi.ch\/index.php\/wp-json\/wp\/v2\/comments?post=41"}],"version-history":[{"count":1,"href":"http:\/\/www.cortesi.ch\/index.php\/wp-json\/wp\/v2\/pages\/41\/revisions"}],"predecessor-version":[{"id":43,"href":"http:\/\/www.cortesi.ch\/index.php\/wp-json\/wp\/v2\/pages\/41\/revisions\/43"}],"wp:attachment":[{"href":"http:\/\/www.cortesi.ch\/index.php\/wp-json\/wp\/v2\/media?parent=41"}],"curies":[{"name":"wp","href":"https:\/\/api.w.org\/{rel}","templated":true}]}}