{"id":421,"date":"2023-02-24T15:45:03","date_gmt":"2023-02-24T14:45:03","guid":{"rendered":"http:\/\/www.cortesi.ch\/?page_id=421"},"modified":"2023-02-28T08:56:36","modified_gmt":"2023-02-28T07:56:36","slug":"die-sonne","status":"publish","type":"page","link":"http:\/\/www.cortesi.ch\/index.php\/die-sonne\/","title":{"rendered":"Die Sonne"},"content":{"rendered":"\n<figure class=\"wp-block-image size-full\"><img loading=\"lazy\" decoding=\"async\" width=\"49\" height=\"49\" src=\"http:\/\/www.cortesi.ch\/wp-content\/uploads\/2023\/02\/sonne.gif\" alt=\"\" class=\"wp-image-314\"\/><\/figure>\n\n\n\n<p>Von der Erde aus gesehen durchwandert die Sonne in einem Jahr den Tierkreis gegen den Uhrzeigersinn, was einer relativen Tagesbewegung von ungef\u00e4hr 1\u00b0 entspricht. Bei Tag- und Nachtgleiche am 21. M\u00e4rz steht sie auf 0\u00b0 Widder. Die Sonne durchl\u00e4uft ein Zeichen pro Monat.<\/p>\n\n\n\n<p>So wie die Sonne astronomisch das zentrale Gestirn des Sonnensystems ist, so symbolisiert sie auch in der Astrologie den zentralen Wesenskern eines Menschen. Ihre Stellung im Geburtsbild sagt etwas aus \u00fcber unser Ich-Bewu\u00dftsein, \u00fcber unseren Willen und \u00fcber die Art und Weise, wie wir unser Leben gestalten.<\/p>\n\n\n\n<p>Die Sonne verk\u00f6rpert das Prinzip der Selbstverwirklichung, das Lebenskonzept und den Weg, den wir einschlagen. Sie ist die Instanz in uns, die wir als bewu\u00dftes Ich oder innere Mitte wahrnehmen, und hat die Funktion eines Dirigenten oder Kapit\u00e4ns. Sie bestimmt die langfristigen Ziele und das, was schlie\u00dflich den &#8222;roten Faden&#8220; unseres Lebens ausmacht. Die Sonne vertritt ein m\u00e4nnliches Prinzip, das mit dem archetypischen Bild des Vaters verglichen werden kann.<\/p>\n\n\n\n<p>Im Positiven strahlen wir das aus, was die Sonne in Zeichen, Haus und Aspekten verk\u00f6rpert. Wir sind selbstbewu\u00dft, aber nicht egozentrisch.<\/p>\n\n\n\n<p>Hat die Sonne im Horoskop eine schwache Stellung, so finden wir unser inneres Zentrum nicht ohne weiteres und haben M\u00fche, zu wissen, wer wir sind und was wir im Leben wollen.<\/p>\n\n\n\n<p>Schwierigkeiten k\u00f6nnen auch durch eine allzu starre Ich-Wahrnehmung entstehen. Wir wollen dann im Mittelpunkt stehen und neigen zu Egoismus und einem unnachgiebigen Willen.<\/p>\n\n\n\n<div style=\"height:10px\" aria-hidden=\"true\" class=\"wp-block-spacer\"><\/div>\n\n\n\n<p><strong>Der Sonnenteil in uns fragt:<\/strong><\/p>\n\n\n\n<ul class=\"wp-block-list\">\n<li>Wer bin Ich?<\/li>\n\n\n\n<li>Was will ich verwirklichen?<\/li>\n\n\n\n<li>Was will ich von mir zeigen?<\/li>\n\n\n\n<li>Welche Richtung gebe ich meinem Leben?<\/li>\n<\/ul>\n\n\n\n<p>Das\u00a0<a href=\"http:\/\/www.cortesi.ch\/index.php\/das-tierkreiszeichen-loewe\/\" data-type=\"page\" data-id=\"345\">Zeichen L\u00f6we\u00a0<\/a>und das\u00a0<a href=\"http:\/\/www.cortesi.ch\/index.php\/das-fuenfte-haus\/\" data-type=\"page\" data-id=\"381\">f\u00fcnfte Haus\u00a0<\/a>werden der Sonne zugeordnet.<\/p>\n\n\n\n<p><a href=\"http:\/\/www.cortesi.ch\/index.php\/verwandtschaften-zwischen-zeichen-planeten-und-haeusern\/\" data-type=\"page\" data-id=\"494\">\u00dcbersicht\u00a0<\/a>\u00fcber Tierkreiszeichen, Planeten und H\u00e4user<\/p>\n","protected":false},"excerpt":{"rendered":"<p>Von der Erde aus gesehen durchwandert die Sonne in einem Jahr den Tierkreis gegen den Uhrzeigersinn, was einer relativen Tagesbewegung von ungef\u00e4hr 1\u00b0 entspricht. Bei Tag- und Nachtgleiche am 21. M\u00e4rz steht sie auf 0\u00b0 Widder. Die Sonne durchl\u00e4uft ein Zeichen pro Monat. So wie die Sonne astronomisch das zentrale Gestirn des Sonnensystems ist, so [&hellip;]<\/p>\n","protected":false},"author":1,"featured_media":0,"parent":0,"menu_order":0,"comment_status":"closed","ping_status":"closed","template":"","meta":{"footnotes":""},"class_list":["post-421","page","type-page","status-publish","hentry"],"_links":{"self":[{"href":"http:\/\/www.cortesi.ch\/index.php\/wp-json\/wp\/v2\/pages\/421","targetHints":{"allow":["GET"]}}],"collection":[{"href":"http:\/\/www.cortesi.ch\/index.php\/wp-json\/wp\/v2\/pages"}],"about":[{"href":"http:\/\/www.cortesi.ch\/index.php\/wp-json\/wp\/v2\/types\/page"}],"author":[{"embeddable":true,"href":"http:\/\/www.cortesi.ch\/index.php\/wp-json\/wp\/v2\/users\/1"}],"replies":[{"embeddable":true,"href":"http:\/\/www.cortesi.ch\/index.php\/wp-json\/wp\/v2\/comments?post=421"}],"version-history":[{"count":4,"href":"http:\/\/www.cortesi.ch\/index.php\/wp-json\/wp\/v2\/pages\/421\/revisions"}],"predecessor-version":[{"id":607,"href":"http:\/\/www.cortesi.ch\/index.php\/wp-json\/wp\/v2\/pages\/421\/revisions\/607"}],"wp:attachment":[{"href":"http:\/\/www.cortesi.ch\/index.php\/wp-json\/wp\/v2\/media?parent=421"}],"curies":[{"name":"wp","href":"https:\/\/api.w.org\/{rel}","templated":true}]}}