{"id":423,"date":"2023-02-24T15:45:33","date_gmt":"2023-02-24T14:45:33","guid":{"rendered":"http:\/\/www.cortesi.ch\/?page_id=423"},"modified":"2023-02-28T09:00:03","modified_gmt":"2023-02-28T08:00:03","slug":"der-mond","status":"publish","type":"page","link":"http:\/\/www.cortesi.ch\/index.php\/der-mond\/","title":{"rendered":"Der Mond"},"content":{"rendered":"\n<figure class=\"wp-block-image size-full\"><img loading=\"lazy\" decoding=\"async\" width=\"49\" height=\"49\" src=\"http:\/\/www.cortesi.ch\/wp-content\/uploads\/2023\/02\/mond.gif\" alt=\"\" class=\"wp-image-316\"\/><\/figure>\n\n\n\n<p>Der Mond ist das schnellste Gestirn und durchl\u00e4uft den Tierkreis in nur 28 Tagen. Als unser Erdtrabant steht er uns astronomisch am n\u00e4chsten.<\/p>\n\n\n\n<p>Nach dem uralten Gesetz &#8222;wie oben so unten&#8220; steht uns auch das von ihm verk\u00f6rperte Gef\u00fchlsprinzip am n\u00e4chsten, geh\u00f6ren doch Gef\u00fchle des Wohlseins oder Unbehagens zum ersten, was ein Kind erlebt und auszudr\u00fccken vermag.<\/p>\n\n\n\n<p>Der Mond symbolisiert das emotionale, kindlich-passive und aufnehmende Prinzip. Er steht f\u00fcr den Teil in uns, der gem\u00e4\u00df seinen Gef\u00fchlen leben m\u00f6chte und spontan nach Lust oder Unlust reagiert. In diesem Teil sind wir empfindsam und leicht zu beeindrucken. Wir nehmen Stimmungen wahr und ben\u00f6tigen Geborgenheit und W\u00e4rme. Wir k\u00f6nnen uns diesen Teil wie ein kleines Kind in uns vorstellen, das geliebt sein will, Bed\u00fcrfnisse und W\u00fcnsche hat und spontan auf die Au\u00dfenwelt reagiert. Zeichen, Haus und Aspekte des Mondes beschreiben dieses innere Kind in uns.<\/p>\n\n\n\n<p>Der Mond verk\u00f6rpert ein weibliches Prinzip und steht auch f\u00fcr den Teil in uns, der voll f\u00fcrsorglicher Bereitschaft &#8222;Mutter&#8220; im weitesten Sinne sein m\u00f6chte, f\u00fcr andere sorgt und Geborgenheit schafft. Der Mond entspricht einem archetypischen Mutterbild sowie dem m\u00fctterlichen Aspekt im Frauenbild eines Mannes.<\/p>\n\n\n\n<p>Um die Mondseite in uns zu erkennen, ist eine bewu\u00dfte Anstrengung n\u00f6tig, denn in der Regel beeinflussen die emotionalen Bed\u00fcrfnisse unser Verhalten, ohne da\u00df wir dies wahrnehmen.<\/p>\n\n\n\n<p>Unser Mond-Pers\u00f6nlichkeitsteil oder unser inneres Kind wurde in fr\u00fcher Kindheit gepr\u00e4gt, d.h. wir brauchten in unseren ersten Lebensmonaten eine liebevolle Zuwendung, um Vertrauen in uns und in das Leben entwickeln zu k\u00f6nnen.<\/p>\n\n\n\n<p>Durch die Erfahrung von Geborgenheit und Wohlbefinden in der Kindheit &#8222;wei\u00df&#8220; unser inneres Kind darum, und es wird uns m\u00f6glich, als Erwachsene selbst f\u00fcr die Befriedigung unserer emotionalen Bed\u00fcrfnisse zu sorgen und N\u00e4he und Geborgenheit zu geben und zu nehmen.<\/p>\n\n\n\n<p>Der Mond symbolisiert den spontanen Ausdruck von Freude, Trauer, Wut und Schmerz, der im besten Fall frei und ungehemmt flie\u00dfen kann, in unserer rationalen und technisierten Welt jedoch oft unterdr\u00fcckt und gestaut wird.<\/p>\n\n\n\n<div style=\"height:10px\" aria-hidden=\"true\" class=\"wp-block-spacer\"><\/div>\n\n\n\n<p><strong>Der Mondteil oder das Kind in uns fragt:<\/strong><\/p>\n\n\n\n<ul class=\"wp-block-list\">\n<li>Was brauche ich, um mich total wohl und geborgen zu f\u00fchlen?<\/li>\n\n\n\n<li>Wie kann ich Geborgenheit schaffen und vermitteln?<\/li>\n\n\n\n<li>Wie reagiere ich &#8222;spontan aus dem Bauch&#8220;?<\/li>\n<\/ul>\n\n\n\n<p><br>Das\u00a0<a href=\"http:\/\/www.cortesi.ch\/index.php\/das-tierkreiszeichen-krebs\/\" data-type=\"page\" data-id=\"343\">Zeichen Krebs\u00a0<\/a>und das\u00a0<a href=\"http:\/\/www.cortesi.ch\/index.php\/das-vierte-haus\/\" data-type=\"page\" data-id=\"377\">vierte Haus\u00a0<\/a>werden dem Mond zugeordnet.<\/p>\n\n\n\n<p><a href=\"http:\/\/www.cortesi.ch\/index.php\/verwandtschaften-zwischen-zeichen-planeten-und-haeusern\/\" data-type=\"page\" data-id=\"494\">\u00dcbersicht\u00a0<\/a>\u00fcber Tierkreiszeichen, Planeten und H\u00e4user<\/p>\n","protected":false},"excerpt":{"rendered":"<p>Der Mond ist das schnellste Gestirn und durchl\u00e4uft den Tierkreis in nur 28 Tagen. Als unser Erdtrabant steht er uns astronomisch am n\u00e4chsten. Nach dem uralten Gesetz &#8222;wie oben so unten&#8220; steht uns auch das von ihm verk\u00f6rperte Gef\u00fchlsprinzip am n\u00e4chsten, geh\u00f6ren doch Gef\u00fchle des Wohlseins oder Unbehagens zum ersten, was ein Kind erlebt und [&hellip;]<\/p>\n","protected":false},"author":1,"featured_media":0,"parent":0,"menu_order":0,"comment_status":"closed","ping_status":"closed","template":"","meta":{"footnotes":""},"class_list":["post-423","page","type-page","status-publish","hentry"],"_links":{"self":[{"href":"http:\/\/www.cortesi.ch\/index.php\/wp-json\/wp\/v2\/pages\/423","targetHints":{"allow":["GET"]}}],"collection":[{"href":"http:\/\/www.cortesi.ch\/index.php\/wp-json\/wp\/v2\/pages"}],"about":[{"href":"http:\/\/www.cortesi.ch\/index.php\/wp-json\/wp\/v2\/types\/page"}],"author":[{"embeddable":true,"href":"http:\/\/www.cortesi.ch\/index.php\/wp-json\/wp\/v2\/users\/1"}],"replies":[{"embeddable":true,"href":"http:\/\/www.cortesi.ch\/index.php\/wp-json\/wp\/v2\/comments?post=423"}],"version-history":[{"count":4,"href":"http:\/\/www.cortesi.ch\/index.php\/wp-json\/wp\/v2\/pages\/423\/revisions"}],"predecessor-version":[{"id":609,"href":"http:\/\/www.cortesi.ch\/index.php\/wp-json\/wp\/v2\/pages\/423\/revisions\/609"}],"wp:attachment":[{"href":"http:\/\/www.cortesi.ch\/index.php\/wp-json\/wp\/v2\/media?parent=423"}],"curies":[{"name":"wp","href":"https:\/\/api.w.org\/{rel}","templated":true}]}}