{"id":425,"date":"2023-02-24T15:50:10","date_gmt":"2023-02-24T14:50:10","guid":{"rendered":"http:\/\/www.cortesi.ch\/?page_id=425"},"modified":"2023-03-01T07:05:17","modified_gmt":"2023-03-01T06:05:17","slug":"merkur","status":"publish","type":"page","link":"http:\/\/www.cortesi.ch\/index.php\/merkur\/","title":{"rendered":"Merkur"},"content":{"rendered":"\n<figure class=\"wp-block-image size-full\"><img loading=\"lazy\" decoding=\"async\" width=\"49\" height=\"49\" src=\"http:\/\/www.cortesi.ch\/wp-content\/uploads\/2023\/02\/merkur.gif\" alt=\"\" class=\"wp-image-317\"\/><\/figure>\n\n\n\n<p>Der Planet Merkur steht der Sonne am n\u00e4chsten und umkreist diese in 87 Tagen. Von der Erde aus betrachtet kann er sich wegen seiner nahen Umlaufbahn nie weiter als knapp 30\u00b0 von der Sonne entfernen.<\/p>\n\n\n\n<p>Merkur symbolisiert den Bereich unserer Pers\u00f6nlichkeit, der mit Denken, Information und Kommunikation in Zusammenhang steht. Die Stellung des Merkur in einem Geburtsbild gibt Aufschlu\u00df \u00fcber die Denkweise des Betreffenden, \u00fcber bevorzugte Interessen und Lernmethoden, sowie \u00fcber sprachliche und rhetorische F\u00e4higkeiten.<\/p>\n\n\n\n<p>Durch den Merkurteil in uns wird es m\u00f6glich, zwischen verschiedenen Ebenen zu vermitteln und zu \u00fcbersetzen. Merkur schafft die Verbindung in der Kommunikation zwischen zwei Menschen. Als Symbol f\u00fcr logische Denkf\u00e4higkeit und Vermittler zwischen der Natur als Vorbild und ihrer konkreten Nutzung setzt er die Voraussetzung f\u00fcr Technik, Medizin und viele andere Errungenschaften unseres Jahrhunderts.<\/p>\n\n\n\n<p>Seine br\u00fcckenbauende Funktion zeigt sich auch in der griechischen Mythologie, wo der Merkur die Stellung des G\u00f6tterboten Hermes inne hat, der zwischen G\u00f6ttern und Menschen vermittelt.<\/p>\n\n\n\n<p>Ein positiv gelebter Merkur-Pers\u00f6nlichkeitsteil l\u00e4sst uns unvoreingenommen auf die Umwelt zugehen, diese mit unseren analytischen F\u00e4higkeiten erkennen und begreifen, Neues lernen, die Informationen nach logischen Kriterien ordnen und weitergeben.<\/p>\n\n\n\n<p>Eine Zerrform ist das Unpers\u00f6nliche und geradezu Unmenschliche, das einer \u00fcbertriebenen Sachlichkeit anhaftet.<\/p>\n\n\n\n<div style=\"height:10px\" aria-hidden=\"true\" class=\"wp-block-spacer\"><\/div>\n\n\n\n<p><strong>Die Merkurseite in uns bestimmt:<\/strong><\/p>\n\n\n\n<ul class=\"wp-block-list\">\n<li>Wie nehme ich Informationen auf? Was wei\u00df ich?<\/li>\n\n\n\n<li>Was interssiert mich?<\/li>\n\n\n\n<li>Welche Gedanken besch\u00e4ftigen mich? Wie kann ich sie formulieren und mit anderen austauschen?<\/li>\n<\/ul>\n\n\n\n<p>Die Zeichen\u00a0<a href=\"http:\/\/www.cortesi.ch\/index.php\/das-tierkreiszeichen-zwillinge\/\" data-type=\"page\" data-id=\"341\">Zwillinge\u00a0<\/a>und\u00a0<a href=\"http:\/\/www.cortesi.ch\/index.php\/das-tierkreiszeichen-jungfrau\/\" data-type=\"page\" data-id=\"347\">Jungfrau\u00a0<\/a>sowie das\u00a0<a href=\"http:\/\/www.cortesi.ch\/index.php\/das-dritte-haus\/\" data-type=\"page\" data-id=\"370\">dritte Haus\u00a0<\/a>und das\u00a0<a href=\"http:\/\/www.cortesi.ch\/index.php\/das-sechste-haus\/\" data-type=\"page\" data-id=\"384\">sechste Haus\u00a0<\/a>werden dem Merkur zugeordnet.<\/p>\n\n\n\n<p><a href=\"http:\/\/www.cortesi.ch\/index.php\/verwandtschaften-zwischen-zeichen-planeten-und-haeusern\/\" data-type=\"page\" data-id=\"494\">\u00dcbersicht\u00a0<\/a>\u00fcber Tierkreiszeichen, Planeten und H\u00e4user<\/p>\n","protected":false},"excerpt":{"rendered":"<p>Der Planet Merkur steht der Sonne am n\u00e4chsten und umkreist diese in 87 Tagen. Von der Erde aus betrachtet kann er sich wegen seiner nahen Umlaufbahn nie weiter als knapp 30\u00b0 von der Sonne entfernen. Merkur symbolisiert den Bereich unserer Pers\u00f6nlichkeit, der mit Denken, Information und Kommunikation in Zusammenhang steht. Die Stellung des Merkur in [&hellip;]<\/p>\n","protected":false},"author":1,"featured_media":0,"parent":0,"menu_order":0,"comment_status":"closed","ping_status":"closed","template":"","meta":{"footnotes":""},"class_list":["post-425","page","type-page","status-publish","hentry"],"_links":{"self":[{"href":"http:\/\/www.cortesi.ch\/index.php\/wp-json\/wp\/v2\/pages\/425","targetHints":{"allow":["GET"]}}],"collection":[{"href":"http:\/\/www.cortesi.ch\/index.php\/wp-json\/wp\/v2\/pages"}],"about":[{"href":"http:\/\/www.cortesi.ch\/index.php\/wp-json\/wp\/v2\/types\/page"}],"author":[{"embeddable":true,"href":"http:\/\/www.cortesi.ch\/index.php\/wp-json\/wp\/v2\/users\/1"}],"replies":[{"embeddable":true,"href":"http:\/\/www.cortesi.ch\/index.php\/wp-json\/wp\/v2\/comments?post=425"}],"version-history":[{"count":4,"href":"http:\/\/www.cortesi.ch\/index.php\/wp-json\/wp\/v2\/pages\/425\/revisions"}],"predecessor-version":[{"id":611,"href":"http:\/\/www.cortesi.ch\/index.php\/wp-json\/wp\/v2\/pages\/425\/revisions\/611"}],"wp:attachment":[{"href":"http:\/\/www.cortesi.ch\/index.php\/wp-json\/wp\/v2\/media?parent=425"}],"curies":[{"name":"wp","href":"https:\/\/api.w.org\/{rel}","templated":true}]}}