{"id":431,"date":"2023-02-24T15:46:30","date_gmt":"2023-02-24T14:46:30","guid":{"rendered":"http:\/\/www.cortesi.ch\/?page_id=431"},"modified":"2023-03-01T07:15:00","modified_gmt":"2023-03-01T06:15:00","slug":"jupiter","status":"publish","type":"page","link":"http:\/\/www.cortesi.ch\/index.php\/jupiter\/","title":{"rendered":"Jupiter"},"content":{"rendered":"\n<figure class=\"wp-block-image size-full\"><img loading=\"lazy\" decoding=\"async\" width=\"49\" height=\"49\" src=\"http:\/\/www.cortesi.ch\/wp-content\/uploads\/2023\/02\/jupiter.gif\" alt=\"\" class=\"wp-image-412\"\/><\/figure>\n\n\n\n<p>Der Jupiter ist der gr\u00f6\u00dfte Planet unseres Sonnensystems. Seine Umlaufzeit betr\u00e4gt fast 12 Jahre.<\/p>\n\n\n\n<p>Auch astrologisch hat Jupiter viel mit Gr\u00f6\u00dfe zu tun. Seine Stellung im Geburtsbild gibt Auskunft \u00fcber den Bereich, in dem wir das Gr\u00f6\u00dfte wollen. Dieser Wunsch nach Wachstum kann sich im Geistigen oder Materiellen, als Streben nach Weisheit oder nach mehr Geld und Besitz \u00e4u\u00dfern. Auch auf der K\u00f6rperebene ist seine Manifestation in Form von \u00dcbergewicht nicht selten.<\/p>\n\n\n\n<p>Jupiter symbolisiert den Optimisten in uns, den Teil, der Sinn und Expansion will und manchmal in Ma\u00dflosigkeit \u00fcberbordet. Er l\u00e4\u00dft uns Ausblick halten nach etwas H\u00f6herem und hebt uns \u00fcber die Banalit\u00e4ten des Alltags hinaus. Der Jupiter steht f\u00fcr den Teil in uns, der nach \u00dcberblick und Ganzheit strebt und die M\u00f6glichkeiten in der Zukunft sieht, der glaubt und vertraut und Ideale und Vorstellungen hat.<\/p>\n\n\n\n<p>Ein stark gestellter Jupiter strahlt in seiner positiven Manifestation etwas Bejahendes aus. Er vermittelt eine gute Nase f\u00fcr die richtige Gelegenheit und ein fast unersch\u00fctterliches Selbstvertrauen.<\/p>\n\n\n\n<p>Weniger positive Ausdrucksm\u00f6glichkeiten sind \u00dcbertreibung, Ma\u00dflosigkeit, Selbst\u00fcbersch\u00e4tzung und Arroganz, ein Zuviel des Guten und Wucherung.<\/p>\n\n\n\n<p>Auch k\u00f6nnen allzu idealistische Vorstellungen eine Abspaltung von der Realit\u00e4t nach sich ziehen.<\/p>\n\n\n\n<div style=\"height:10px\" aria-hidden=\"true\" class=\"wp-block-spacer\"><\/div>\n\n\n\n<p><strong>Unsere Jupiter-Seite besch\u00e4ftigt sich mit dem Sinn des Lebens:<\/strong><\/p>\n\n\n\n<ul class=\"wp-block-list\">\n<li>Was finde ich richtig? Woran glaube ich?<\/li>\n\n\n\n<li>Welches sind meine Ideale? Was begeistert mich?<\/li>\n\n\n\n<li>Wo liegt der Sinn meines Lebens?<\/li>\n<\/ul>\n\n\n\n<p>Das Zeichen\u00a0<a href=\"http:\/\/www.cortesi.ch\/index.php\/das-tierkreiszeichen-schuetze\/\" data-type=\"page\" data-id=\"353\">Sch\u00fctze\u00a0<\/a>und das\u00a0<a href=\"http:\/\/www.cortesi.ch\/index.php\/das-neunte-haus\/\" data-type=\"page\" data-id=\"394\">neunte Haus\u00a0<\/a>werden dem Jupiter zugeordnet.<\/p>\n\n\n\n<p><a href=\"http:\/\/www.cortesi.ch\/index.php\/verwandtschaften-zwischen-zeichen-planeten-und-haeusern\/\" data-type=\"page\" data-id=\"494\">\u00dcbersicht\u00a0<\/a>\u00fcber Tierkreiszeichen, Planeten und H\u00e4user<\/p>\n","protected":false},"excerpt":{"rendered":"<p>Der Jupiter ist der gr\u00f6\u00dfte Planet unseres Sonnensystems. Seine Umlaufzeit betr\u00e4gt fast 12 Jahre. Auch astrologisch hat Jupiter viel mit Gr\u00f6\u00dfe zu tun. Seine Stellung im Geburtsbild gibt Auskunft \u00fcber den Bereich, in dem wir das Gr\u00f6\u00dfte wollen. Dieser Wunsch nach Wachstum kann sich im Geistigen oder Materiellen, als Streben nach Weisheit oder nach mehr [&hellip;]<\/p>\n","protected":false},"author":1,"featured_media":0,"parent":0,"menu_order":0,"comment_status":"closed","ping_status":"closed","template":"","meta":{"footnotes":""},"class_list":["post-431","page","type-page","status-publish","hentry"],"_links":{"self":[{"href":"http:\/\/www.cortesi.ch\/index.php\/wp-json\/wp\/v2\/pages\/431","targetHints":{"allow":["GET"]}}],"collection":[{"href":"http:\/\/www.cortesi.ch\/index.php\/wp-json\/wp\/v2\/pages"}],"about":[{"href":"http:\/\/www.cortesi.ch\/index.php\/wp-json\/wp\/v2\/types\/page"}],"author":[{"embeddable":true,"href":"http:\/\/www.cortesi.ch\/index.php\/wp-json\/wp\/v2\/users\/1"}],"replies":[{"embeddable":true,"href":"http:\/\/www.cortesi.ch\/index.php\/wp-json\/wp\/v2\/comments?post=431"}],"version-history":[{"count":4,"href":"http:\/\/www.cortesi.ch\/index.php\/wp-json\/wp\/v2\/pages\/431\/revisions"}],"predecessor-version":[{"id":617,"href":"http:\/\/www.cortesi.ch\/index.php\/wp-json\/wp\/v2\/pages\/431\/revisions\/617"}],"wp:attachment":[{"href":"http:\/\/www.cortesi.ch\/index.php\/wp-json\/wp\/v2\/media?parent=431"}],"curies":[{"name":"wp","href":"https:\/\/api.w.org\/{rel}","templated":true}]}}