{"id":435,"date":"2023-02-24T15:53:29","date_gmt":"2023-02-24T14:53:29","guid":{"rendered":"http:\/\/www.cortesi.ch\/?page_id=435"},"modified":"2023-03-01T07:27:43","modified_gmt":"2023-03-01T06:27:43","slug":"uranus","status":"publish","type":"page","link":"http:\/\/www.cortesi.ch\/index.php\/uranus\/","title":{"rendered":"Uranus"},"content":{"rendered":"\n<figure class=\"wp-block-image size-full\"><img loading=\"lazy\" decoding=\"async\" width=\"49\" height=\"49\" src=\"http:\/\/www.cortesi.ch\/wp-content\/uploads\/2023\/02\/uranus.gif\" alt=\"\" class=\"wp-image-415\"\/><\/figure>\n\n\n\n<p>Der Planet Uranus wurde 1781 entdeckt. Mit einer durchschnittlichen Entfernung von 3 Milliarden Kilometern ist er gut doppelt so weit entfernt wie der Saturn. Er ben\u00f6tigt eine Umlaufzeit von 84 Jahren.<\/p>\n\n\n\n<p>Astrologisch interessant ist der Zeitpunkt seiner Entdeckung kurz vor der Franz\u00f6sischen Revolution, geh\u00f6ren doch die Schlagworte &#8222;Freiheit, Gleichheit, Br\u00fcderlichkeit&#8220; dieser bedeutungsvollen geschichtlichen Episode zur Symbolik des Uranus.<\/p>\n\n\n\n<p>Uranus verk\u00f6rpert den &#8222;Windgeist&#8220; in uns, der durch best\u00e4ndige Ver\u00e4nderung psychisches Wachstum will. Er steht f\u00fcr eine innere Unruhe, die uns immer wieder zu Neuem antreibt, die uns Abwechslung und neue Erfahrungen suchen l\u00e4\u00dft und uns vor dem psychischen und physischen Stillstand bewahrt.<\/p>\n\n\n\n<p>Er bringt Aha-Erlebnisse und Geistesblitze, und wir m\u00f6gen staunen, da\u00df wir nicht schon l\u00e4ngst darauf gekommen sind. Ohne Uranus keine Erfindungen.<\/p>\n\n\n\n<p>Uranus ist der erste transsaturnische oder geistige Planet und gewisserma\u00dfen eine h\u00f6here Oktave des Merkur. Er bringt uns neue Erkenntnisse. Wir k\u00f6nnen den Uranusteil in uns jedoch nie so beherrschen wie die anderen bisher beschriebenen Prinzipien. Wir k\u00f6nnen uns nur diesem Prinzip \u00f6ffnen und die gewonnenen Ideen und Einsichten in unser Leben zu integrieren versuchen.<\/p>\n\n\n\n<p>So sind denn auch utopische Ideen und die Weigerung, sich auf ein konkretes Projekt einzulassen, sich zu verpflichten und dadurch alle anderen M\u00f6glichkeiten auszuschlie\u00dfen, typische Uranus-Zerrformen. Auch innere Unruhe, Rebellion und Ver\u00e4nderung um der Ver\u00e4nderung willen oder &#8211; bei einer eher pragma-tischen Lebenseinstellung &#8211; aufregende und stre\u00dfige Ereignisse geh\u00f6ren zu den negativen Seiten des Uranus-Prinzips.<\/p>\n\n\n\n<p>Im positiven \u00f6ffnet er uns Augen und Sinn f\u00fcr neue M\u00f6glichkeiten sowie f\u00fcr ein kollektives Zusammenleben.<\/p>\n\n\n\n<p>Das Zeichen\u00a0<a href=\"http:\/\/www.cortesi.ch\/index.php\/das-tierkreiszeichen-wassermann\/\" data-type=\"page\" data-id=\"357\">Wassermann\u00a0<\/a>und das\u00a0<a href=\"http:\/\/www.cortesi.ch\/index.php\/das-elfte-haus\/\" data-type=\"page\" data-id=\"400\">elfte Haus\u00a0<\/a>werden dem Uranus zugeordnet.<\/p>\n\n\n\n<p><a href=\"http:\/\/www.cortesi.ch\/index.php\/verwandtschaften-zwischen-zeichen-planeten-und-haeusern\/\" data-type=\"page\" data-id=\"494\">\u00dcbersicht\u00a0<\/a>\u00fcber Tierkreiszeichen, Planeten und H\u00e4user<\/p>\n","protected":false},"excerpt":{"rendered":"<p>Der Planet Uranus wurde 1781 entdeckt. Mit einer durchschnittlichen Entfernung von 3 Milliarden Kilometern ist er gut doppelt so weit entfernt wie der Saturn. Er ben\u00f6tigt eine Umlaufzeit von 84 Jahren. Astrologisch interessant ist der Zeitpunkt seiner Entdeckung kurz vor der Franz\u00f6sischen Revolution, geh\u00f6ren doch die Schlagworte &#8222;Freiheit, Gleichheit, Br\u00fcderlichkeit&#8220; dieser bedeutungsvollen geschichtlichen Episode zur [&hellip;]<\/p>\n","protected":false},"author":1,"featured_media":0,"parent":0,"menu_order":0,"comment_status":"closed","ping_status":"closed","template":"","meta":{"footnotes":""},"class_list":["post-435","page","type-page","status-publish","hentry"],"_links":{"self":[{"href":"http:\/\/www.cortesi.ch\/index.php\/wp-json\/wp\/v2\/pages\/435","targetHints":{"allow":["GET"]}}],"collection":[{"href":"http:\/\/www.cortesi.ch\/index.php\/wp-json\/wp\/v2\/pages"}],"about":[{"href":"http:\/\/www.cortesi.ch\/index.php\/wp-json\/wp\/v2\/types\/page"}],"author":[{"embeddable":true,"href":"http:\/\/www.cortesi.ch\/index.php\/wp-json\/wp\/v2\/users\/1"}],"replies":[{"embeddable":true,"href":"http:\/\/www.cortesi.ch\/index.php\/wp-json\/wp\/v2\/comments?post=435"}],"version-history":[{"count":3,"href":"http:\/\/www.cortesi.ch\/index.php\/wp-json\/wp\/v2\/pages\/435\/revisions"}],"predecessor-version":[{"id":623,"href":"http:\/\/www.cortesi.ch\/index.php\/wp-json\/wp\/v2\/pages\/435\/revisions\/623"}],"wp:attachment":[{"href":"http:\/\/www.cortesi.ch\/index.php\/wp-json\/wp\/v2\/media?parent=435"}],"curies":[{"name":"wp","href":"https:\/\/api.w.org\/{rel}","templated":true}]}}