{"id":441,"date":"2023-02-24T15:36:39","date_gmt":"2023-02-24T14:36:39","guid":{"rendered":"http:\/\/www.cortesi.ch\/?page_id=441"},"modified":"2023-02-24T15:36:39","modified_gmt":"2023-02-24T14:36:39","slug":"der-mondknoten","status":"publish","type":"page","link":"http:\/\/www.cortesi.ch\/index.php\/der-mondknoten\/","title":{"rendered":"Der Mondknoten"},"content":{"rendered":"\n<figure class=\"wp-block-table is-style-stripes\"><table><tbody><tr><td><strong>aufsteigender Mondknoten :<br><\/strong>auch Rahu oder n\u00f6rdlicher Mondknoten genannt<\/td><td><img loading=\"lazy\" decoding=\"async\" width=\"49\" height=\"49\" class=\"wp-image-417\" style=\"width: 49px;\" src=\"http:\/\/www.cortesi.ch\/wp-content\/uploads\/2023\/02\/knoten.gif\" alt=\"\"><\/td><\/tr><tr><td><strong>absteigender Mondknoten:<br><\/strong>auch Ketu oder s\u00fcdlicher Mondknoten genannt<\/td><td><img loading=\"lazy\" decoding=\"async\" width=\"49\" height=\"49\" class=\"wp-image-442\" style=\"width: 49px;\" src=\"http:\/\/www.cortesi.ch\/wp-content\/uploads\/2023\/02\/knoten2.gif\" alt=\"\"><\/td><\/tr><\/tbody><\/table><\/figure>\n\n\n\n<div style=\"height:10px\" aria-hidden=\"true\" class=\"wp-block-spacer\"><\/div>\n\n\n\n<p>Die Mondknotenachse ist kein eigentlicher Himmelsk\u00f6rper, sondern entspricht astronomisch der Schnittgeraden der von Sonne und Erde gebildeten Ebene und der von Erde und Mond gebildeten Ebene. Auf- und absteigender Mondknonten sind die Schnittpunkte der Mondknotenachse mit dem Tierkreis.<\/p>\n\n\n\n<p>Die Mondknotenachse zeigt am&nbsp;<strong>absteigenden Mondknoten<\/strong>&nbsp;ein Thema auf, das dem Horoskopeigner so vertraut ist, da\u00df er fast zwanghaft daran klebt. Sie zeigt&nbsp;<strong>am aufsteigenden Mondknoten<\/strong>&nbsp;auch den Gegenpol, dessen Qualit\u00e4ten zu entwickeln seine Aufgabe ist. Doch dies f\u00e4llt ihm sehr schwer, denn alte Verhaltensmuster halten ihn wie Leim an den Schuhsohlen am Ort fest. Oft braucht er sein ganzes Leben, um sich loszurei\u00dfen. Jedesmal, wenn er einen Schritt weg von seinem altvertrauten Thema wagt, erlebt er eine gro\u00dfe Befriedigung. Bleibt er im Gewohnten sitzen, so frustriert ihn irgend etwas daran. Die Mondknotenachse symbolisiert somit eine innere Instanz, die dauernd zu Wachstum auffordert.<\/p>\n","protected":false},"excerpt":{"rendered":"<p>aufsteigender Mondknoten :auch Rahu oder n\u00f6rdlicher Mondknoten genannt absteigender Mondknoten:auch Ketu oder s\u00fcdlicher Mondknoten genannt Die Mondknotenachse ist kein eigentlicher Himmelsk\u00f6rper, sondern entspricht astronomisch der Schnittgeraden der von Sonne und Erde gebildeten Ebene und der von Erde und Mond gebildeten Ebene. Auf- und absteigender Mondknonten sind die Schnittpunkte der Mondknotenachse mit dem Tierkreis. Die Mondknotenachse [&hellip;]<\/p>\n","protected":false},"author":1,"featured_media":0,"parent":0,"menu_order":0,"comment_status":"closed","ping_status":"closed","template":"","meta":{"footnotes":""},"class_list":["post-441","page","type-page","status-publish","hentry"],"_links":{"self":[{"href":"http:\/\/www.cortesi.ch\/index.php\/wp-json\/wp\/v2\/pages\/441","targetHints":{"allow":["GET"]}}],"collection":[{"href":"http:\/\/www.cortesi.ch\/index.php\/wp-json\/wp\/v2\/pages"}],"about":[{"href":"http:\/\/www.cortesi.ch\/index.php\/wp-json\/wp\/v2\/types\/page"}],"author":[{"embeddable":true,"href":"http:\/\/www.cortesi.ch\/index.php\/wp-json\/wp\/v2\/users\/1"}],"replies":[{"embeddable":true,"href":"http:\/\/www.cortesi.ch\/index.php\/wp-json\/wp\/v2\/comments?post=441"}],"version-history":[{"count":1,"href":"http:\/\/www.cortesi.ch\/index.php\/wp-json\/wp\/v2\/pages\/441\/revisions"}],"predecessor-version":[{"id":443,"href":"http:\/\/www.cortesi.ch\/index.php\/wp-json\/wp\/v2\/pages\/441\/revisions\/443"}],"wp:attachment":[{"href":"http:\/\/www.cortesi.ch\/index.php\/wp-json\/wp\/v2\/media?parent=441"}],"curies":[{"name":"wp","href":"https:\/\/api.w.org\/{rel}","templated":true}]}}