{"id":444,"date":"2023-02-24T15:17:37","date_gmt":"2023-02-24T14:17:37","guid":{"rendered":"http:\/\/www.cortesi.ch\/?page_id=444"},"modified":"2023-02-24T15:17:37","modified_gmt":"2023-02-24T14:17:37","slug":"chiron-symbol-fuer-die-persoenliche-schwachstelle","status":"publish","type":"page","link":"http:\/\/www.cortesi.ch\/index.php\/chiron-symbol-fuer-die-persoenliche-schwachstelle\/","title":{"rendered":"Chiron &#8211; Symbol f\u00fcr die pers\u00f6nliche Schwachstelle"},"content":{"rendered":"\n<figure class=\"wp-block-image size-full\"><img loading=\"lazy\" decoding=\"async\" width=\"49\" height=\"49\" src=\"http:\/\/www.cortesi.ch\/wp-content\/uploads\/2023\/02\/chiron.gif\" alt=\"\" class=\"wp-image-445\"\/><\/figure>\n\n\n\n<p>Chiron ist ein Planetoid, der zwischen Saturn und Uranus die Sonne umkreist. Astronomisch ist er von geringer Bedeutung. Obwohl erst 1977 entdeckt, findet er heute in der Astrologie seinen festen Platz.<\/p>\n\n\n\n<p>Astronomen gaben diesem Himmelk\u00f6rper den Namen &#8222;Chiron&#8220;.<\/p>\n\n\n\n<p>Chiron ist in der griechischen Mythologie ein Kentaur mit einem menschlichen Oberk\u00f6rper und einem Pferdeleib, der an einer unheilbaren Wunde leidet. Trotzdem er sich intensiv mit Heilkr\u00e4utern auseinandersetzt, gelingt es ihm nicht, die eigene Verletzung zu heilen. Er lernt, sie in Demut anzunehmen, und kann seine umfassenden Kenntnisse nun einsetzen und f\u00fcr Menschen und G\u00f6tter zu einem wunderbaren Heiler und Lehrer werden.<\/p>\n\n\n\n<p>Mythologien sind keine zuf\u00e4lligen Geschichten, sondern Spiegel der Menschheit. Deshalb verglichen Astrologen die Geschichte des Kentaurs Chiron mit dem astrologischen Planeten Chiron. Man konnte feststellen, dass seine Stellung im Horoskop einer \u00e4usserst verletzlichen Seite der Pers\u00f6nlichkeit entspricht. Er zeigt im individuellen Horoskop, in welchem Lebensbereich der betreffende Mensch besonders empfindlich reagiert.<\/p>\n\n\n\n<p>Chiron symbolisiert eine pers\u00f6nliche Schwachstelle, die man auch mit grosser Anstrengung nicht beheben kann. Man soll genauso wie Chiron in der Geschichte dar\u00fcber hinauswachsen, indem man die &#8222;Verletzung&#8220; annimmt und dadurch sehr viel Verst\u00e4ndnis f\u00fcr andere mit \u00e4hnlichen Schw\u00e4chen aufbringt.<\/p>\n","protected":false},"excerpt":{"rendered":"<p>Chiron ist ein Planetoid, der zwischen Saturn und Uranus die Sonne umkreist. Astronomisch ist er von geringer Bedeutung. Obwohl erst 1977 entdeckt, findet er heute in der Astrologie seinen festen Platz. Astronomen gaben diesem Himmelk\u00f6rper den Namen &#8222;Chiron&#8220;. Chiron ist in der griechischen Mythologie ein Kentaur mit einem menschlichen Oberk\u00f6rper und einem Pferdeleib, der an [&hellip;]<\/p>\n","protected":false},"author":1,"featured_media":0,"parent":0,"menu_order":0,"comment_status":"closed","ping_status":"closed","template":"","meta":{"footnotes":""},"class_list":["post-444","page","type-page","status-publish","hentry"],"_links":{"self":[{"href":"http:\/\/www.cortesi.ch\/index.php\/wp-json\/wp\/v2\/pages\/444","targetHints":{"allow":["GET"]}}],"collection":[{"href":"http:\/\/www.cortesi.ch\/index.php\/wp-json\/wp\/v2\/pages"}],"about":[{"href":"http:\/\/www.cortesi.ch\/index.php\/wp-json\/wp\/v2\/types\/page"}],"author":[{"embeddable":true,"href":"http:\/\/www.cortesi.ch\/index.php\/wp-json\/wp\/v2\/users\/1"}],"replies":[{"embeddable":true,"href":"http:\/\/www.cortesi.ch\/index.php\/wp-json\/wp\/v2\/comments?post=444"}],"version-history":[{"count":1,"href":"http:\/\/www.cortesi.ch\/index.php\/wp-json\/wp\/v2\/pages\/444\/revisions"}],"predecessor-version":[{"id":446,"href":"http:\/\/www.cortesi.ch\/index.php\/wp-json\/wp\/v2\/pages\/444\/revisions\/446"}],"wp:attachment":[{"href":"http:\/\/www.cortesi.ch\/index.php\/wp-json\/wp\/v2\/media?parent=444"}],"curies":[{"name":"wp","href":"https:\/\/api.w.org\/{rel}","templated":true}]}}