{"id":451,"date":"2023-02-24T15:16:50","date_gmt":"2023-02-24T14:16:50","guid":{"rendered":"http:\/\/www.cortesi.ch\/?page_id=451"},"modified":"2023-03-01T07:38:13","modified_gmt":"2023-03-01T06:38:13","slug":"aspekte","status":"publish","type":"page","link":"http:\/\/www.cortesi.ch\/index.php\/astrologisches\/aspekte\/","title":{"rendered":"Aspekte"},"content":{"rendered":"\n<h4 class=\"wp-block-heading\">Beziehungen der Planeten zu einander<\/h4>\n\n\n\n<p>Vom Mittelpunkt des Horoskopkreises aus betrachtet stehen die Planeten in Winkeln zu einander.<\/p>\n\n\n\n<figure class=\"wp-block-image aligncenter size-full\"><img loading=\"lazy\" decoding=\"async\" width=\"273\" height=\"226\" src=\"http:\/\/www.cortesi.ch\/wp-content\/uploads\/2023\/02\/wi_asp.gif\" alt=\"\" class=\"wp-image-453\"\/><\/figure>\n\n\n\n<p>Im Horoskop werden Aspekte als farbige Linien eingezeichnet. Dabei zeichnet man nur die Verbindung zwischen den Planeten ein und nicht die Linien zum Kreismittelpunkt.<\/p>\n\n\n\n<figure class=\"wp-block-image aligncenter size-full\"><img loading=\"lazy\" decoding=\"async\" width=\"300\" height=\"310\" src=\"http:\/\/www.cortesi.ch\/wp-content\/uploads\/2023\/02\/wi_stepAsp.gif\" alt=\"\" class=\"wp-image-280\"\/><figcaption class=\"wp-element-caption\">\u00a9 FIREBALL Astro-Guide<\/figcaption><\/figure>\n\n\n\n<p>Die Planeten stehen in einem ganz bestimmten Winkel, der einer Zwei-, Drei-, Vier- u.s.w. Teilung des Kreises entspricht. Die zul\u00e4ssigen Abweichungen vom genauen Winkel (Orbis) betragen f\u00fcr psychologische Astrologie mehrere Grade.<\/p>\n\n\n\n<p>Wenn zwei Planeten einen Aspekt zueinander bilden, so kommt dies einer Verbindung zwischen zwei Teilpers\u00f6nlichkeiten des Horoskopeigners gleich.<\/p>\n\n\n\n<p>Beispielsweise bedeutet ein Aspekt zwischen dem Beziehungsplanet Venus und dem f\u00fcr Ver\u00e4nderung und Anregung zust\u00e4ndigen Uranus, dass der Betreffende eine enge Verbindung sp\u00fcrt zwischen dem beziehungsorientierten Teil seines Wesens und dem Teil in sich, der immer wieder etwas Neues und Unbekanntes braucht.<\/p>\n\n\n\n<p>Ist es ein sogenannt harmonischer Aspekt, so mag dies auf anregende und unkonventionelle Beziehungen hinweisen.<\/p>\n\n\n\n<p>Ein Spannungsaspekt legt die Vermutung nahe, dass ein Kr\u00e4ftemessen zwischen dem Be-d\u00fcrfnis nach Harmonie und Zweisamkeit einerseits und dem Bestreben nach Ver\u00e4nderungen andererseits besteht. Der Betreffende ist in sich selbst uneins, welchen Teil er wann und wie zum Zuge kommen lassen soll. Mit grosser Wahrscheinlichkeit versucht er, den einen oder anderen als nicht zu ihm geh\u00f6rend aus seinem Leben zu verbannen, um \u00fcber kurz oder lang festzustellen, dass das Thema in Form von schwierigen Situationen in der Aussenwelt wie-der auf ihn zukommt.<\/p>\n\n\n\n<p>Grunds\u00e4tzlich kann bei der Interpretation davon ausgegangen werden, dass der langsamere Planet den schnelleren beeinflusst, also in unserem Beispiel der langsamere Uranus die schnellere Venus beeinflusst, indem Ver\u00e4nderungen einen frischen Wind in die Partnerschaft einbringen.<\/p>\n\n\n\n<div style=\"height:10px\" aria-hidden=\"true\" class=\"wp-block-spacer\"><\/div>\n\n\n\n<p><strong>Wichtige Aspekte:<\/strong><\/p>\n\n\n\n<figure class=\"wp-block-table\"><table><tbody><tr><td><img loading=\"lazy\" decoding=\"async\" width=\"19\" height=\"16\" class=\"wp-image-455\" style=\"width: 19px;\" src=\"http:\/\/www.cortesi.ch\/wp-content\/uploads\/2023\/02\/kon.gif\" alt=\"\"><\/td><td><a href=\"http:\/\/www.cortesi.ch\/index.php\/konjunktion\/\" data-type=\"page\" data-id=\"475\">Konjunktion<\/a><\/td><td>0\u00b0<\/td><td><\/td><td>Einheit<\/td><\/tr><tr><td><img loading=\"lazy\" decoding=\"async\" width=\"21\" height=\"23\" class=\"wp-image-456\" style=\"width: 21px;\" src=\"http:\/\/www.cortesi.ch\/wp-content\/uploads\/2023\/02\/opp.gif\" alt=\"\"><\/td><td><a href=\"http:\/\/www.cortesi.ch\/index.php\/opposition\/\" data-type=\"page\" data-id=\"479\">Opposition<\/a><\/td><td>180\u00b0<\/td><td>rote Linie<\/td><td>Spannung<\/td><\/tr><tr><td><img loading=\"lazy\" decoding=\"async\" width=\"22\" height=\"18\" class=\"wp-image-457\" style=\"width: 22px;\" src=\"http:\/\/www.cortesi.ch\/wp-content\/uploads\/2023\/02\/qua.gif\" alt=\"\"><\/td><td><a href=\"http:\/\/www.cortesi.ch\/index.php\/quadrat\/\" data-type=\"page\" data-id=\"481\">Quadrat<\/a><\/td><td>90\u00b0<\/td><td>rote Linie<\/td><td>Spannung<\/td><\/tr><tr><td><img loading=\"lazy\" decoding=\"async\" width=\"23\" height=\"19\" class=\"wp-image-458\" style=\"width: 23px;\" src=\"http:\/\/www.cortesi.ch\/wp-content\/uploads\/2023\/02\/tri.gif\" alt=\"\"><\/td><td><a href=\"http:\/\/www.cortesi.ch\/index.php\/trigon\/\" data-type=\"page\" data-id=\"483\">Trigon<\/a><\/td><td>120\u00b0<\/td><td>blaue Linie<\/td><td>Harmonie<\/td><\/tr><tr><td><img loading=\"lazy\" decoding=\"async\" width=\"22\" height=\"19\" class=\"wp-image-459\" style=\"width: 22px;\" src=\"http:\/\/www.cortesi.ch\/wp-content\/uploads\/2023\/02\/sex.gif\" alt=\"\"><\/td><td><a href=\"http:\/\/www.cortesi.ch\/index.php\/sextil\/\" data-type=\"page\" data-id=\"485\">Sextil<\/a><\/td><td>60\u00b0<\/td><td>blaue Linie<\/td><td>Harmonie<\/td><\/tr><\/tbody><\/table><\/figure>\n\n\n\n<p><strong>Schwache<\/strong> Aspekte:<\/p>\n\n\n\n<figure class=\"wp-block-table\"><table><tbody><tr><td>Halbsextil<\/td><td>30\u00b0<\/td><td>gr\u00fcne Linie<\/td><td>Aufgabe<\/td><\/tr><tr><td>Quinkunx<\/td><td>150\u00b0<\/td><td>gr\u00fcne Linie<\/td><td>Sehnsucht<\/td><\/tr><tr><td>Halbquadrat<\/td><td>45\u00b0<\/td><td>rote Linie<\/td><td>leichte Spannung<\/td><\/tr><tr><td>Anderthalbquadrat<\/td><td>135\u00b0<\/td><td>rote Linie<\/td><td>leichte Spannung<\/td><\/tr><\/tbody><\/table><\/figure>\n","protected":false},"excerpt":{"rendered":"<p>Beziehungen der Planeten zu einander Vom Mittelpunkt des Horoskopkreises aus betrachtet stehen die Planeten in Winkeln zu einander. Im Horoskop werden Aspekte als farbige Linien eingezeichnet. Dabei zeichnet man nur die Verbindung zwischen den Planeten ein und nicht die Linien zum Kreismittelpunkt. Die Planeten stehen in einem ganz bestimmten Winkel, der einer Zwei-, Drei-, Vier- [&hellip;]<\/p>\n","protected":false},"author":1,"featured_media":0,"parent":39,"menu_order":0,"comment_status":"closed","ping_status":"closed","template":"","meta":{"footnotes":""},"class_list":["post-451","page","type-page","status-publish","hentry"],"_links":{"self":[{"href":"http:\/\/www.cortesi.ch\/index.php\/wp-json\/wp\/v2\/pages\/451","targetHints":{"allow":["GET"]}}],"collection":[{"href":"http:\/\/www.cortesi.ch\/index.php\/wp-json\/wp\/v2\/pages"}],"about":[{"href":"http:\/\/www.cortesi.ch\/index.php\/wp-json\/wp\/v2\/types\/page"}],"author":[{"embeddable":true,"href":"http:\/\/www.cortesi.ch\/index.php\/wp-json\/wp\/v2\/users\/1"}],"replies":[{"embeddable":true,"href":"http:\/\/www.cortesi.ch\/index.php\/wp-json\/wp\/v2\/comments?post=451"}],"version-history":[{"count":6,"href":"http:\/\/www.cortesi.ch\/index.php\/wp-json\/wp\/v2\/pages\/451\/revisions"}],"predecessor-version":[{"id":629,"href":"http:\/\/www.cortesi.ch\/index.php\/wp-json\/wp\/v2\/pages\/451\/revisions\/629"}],"up":[{"embeddable":true,"href":"http:\/\/www.cortesi.ch\/index.php\/wp-json\/wp\/v2\/pages\/39"}],"wp:attachment":[{"href":"http:\/\/www.cortesi.ch\/index.php\/wp-json\/wp\/v2\/media?parent=451"}],"curies":[{"name":"wp","href":"https:\/\/api.w.org\/{rel}","templated":true}]}}