{"id":47,"date":"2022-12-19T09:24:36","date_gmt":"2022-12-19T08:24:36","guid":{"rendered":"http:\/\/www.cortesi.ch\/?page_id=47"},"modified":"2023-04-24T09:14:47","modified_gmt":"2023-04-24T07:14:47","slug":"ueber-uns","status":"publish","type":"page","link":"http:\/\/www.cortesi.ch\/index.php\/impressum-und-mehr\/ueber-uns\/","title":{"rendered":"\u00dcber uns"},"content":{"rendered":"\n<h5 class=\"wp-block-heading\">Anita Cortesi<\/h5>\n\n\n\n<div class=\"wp-block-columns is-layout-flex wp-container-core-columns-is-layout-28f84493 wp-block-columns-is-layout-flex\">\n<div class=\"wp-block-column is-layout-flow wp-block-column-is-layout-flow\">\n<figure class=\"wp-block-image size-full\"><img loading=\"lazy\" decoding=\"async\" width=\"332\" height=\"384\" src=\"http:\/\/www.cortesi.ch\/wp-content\/uploads\/2023\/04\/PortraitAnita.jpg\" alt=\"\" class=\"wp-image-673\" srcset=\"http:\/\/www.cortesi.ch\/wp-content\/uploads\/2023\/04\/PortraitAnita.jpg 332w, http:\/\/www.cortesi.ch\/wp-content\/uploads\/2023\/04\/PortraitAnita-259x300.jpg 259w\" sizes=\"auto, (max-width: 332px) 100vw, 332px\" \/><\/figure>\n<\/div>\n\n\n\n<div class=\"wp-block-column is-layout-flow wp-block-column-is-layout-flow\">\n<p>Menschen interessieren mich.<br>Warum sind wir, wie wir sind?<br>Wie viel freien Willen haben wir tats\u00e4chlich?<br>Wie finden wir Sinn?<br>Was haben wir gemeinsam und wo f\u00fchlen, denken und reagieren wir unterschiedlich?<\/p>\n<\/div>\n<\/div>\n\n\n\n<p><strong>Werde, was du bist!<\/strong> Dies ist die gr\u00f6sste und spannendste Herausforderung f\u00fcr mich. Gleichzeitig ist es der zentrale Leitsatz meiner Arbeit als Astrologin. In jedem Menschen ist ein g\u00f6ttlicher Funke, der auf eine individuelle Weise zum Leuchten kommen will.<br>Diese ureigene Individualit\u00e4t in jedem einzelnen zu erkennen und zu f\u00f6rdern ist das Ziel meiner Arbeit.<br><br>Die Astrologie ist die Landkarte f\u00fcr diese Suche nach dem &#8222;Wer bin ich?&#8220;. Mein psychologisches Wissen ist das Werkzeug, um die &#8222;kosmische Sprache&#8220; der Astrologie auf den Boden des Alltags von Beziehung, Beruf und Familie zu bringen und Vorstellungen, W\u00fcnsche und \u00c4ngste bewusst zu machen. Ich bin Astrologin aus Leidenschaft; die Arbeit erlebe ich als Beruf und Berufung zugleich.<br><br>Eine wertvolle, unverzichtbare Hilfe ist meine eigene Lebenserfahrung in einer langj\u00e4hrigen Partnerschaft, zwei erwachsene Kinder und zwei Enkel, mehr als 30 Jahre Erfahrung mit der Astrologie und viele Jahre Beratungst\u00e4tigkeit.<br><br><br><strong>Lebenslauf<\/strong><\/p>\n\n\n\n<p>Ich bin 1955 im Zeichen der Waage geboren, Lehrerin und Mutter von zwei erwachsenen Kindern. 1988 kam ich erstmals mit der Astrologie in Ber\u00fchrung und besch\u00e4ftige mich seither intensiv damit. Nach einer fundierten Ausbildung in Psychologischer Astrologie und Psychosynthese begann ich, schriftliche Horoskopanalysen zu erstellen, um schliesslich mein eigenes Computer-Deutungstextprogramm zu verwirklichen. Mein spezielles astrologisches Interesse gilt den Kinderhoroskopen. P\u00e4dagogische und methodische Interessen veranlassten mich, einen Fernlehrgang f\u00fcr Psychologische Astrologie und astrologische Lernsoftware zu schreiben . Mystik, Symbole, M\u00e4rchen und Mythologien faszinieren mich.<\/p>\n\n\n\n<p>2010 erkrankte ich schwer. Seither bin ich im Rollstuhl und fast vollst\u00e4ndig gel\u00e4hmt. Ich bin nur noch sehr beschr\u00e4nkt astrologisch t\u00e4tig. Mein Verst\u00e4ndnis von Astrologie hat sich gewandelt und vertieft. Etwas davon soll in diese Seiten fliessen.<\/p>\n\n\n\n<p>Anita Cortesi<\/p>\n\n\n\n<hr class=\"wp-block-separator has-alpha-channel-opacity is-style-wide\"\/>\n\n\n\n<div style=\"height:50px\" aria-hidden=\"true\" class=\"wp-block-spacer\"><\/div>\n\n\n\n<h5 class=\"wp-block-heading\">Meine Mitarbeiterin und wertvolle unterst\u00fctzung<\/h5>\n\n\n\n<div class=\"wp-block-columns is-layout-flex wp-container-core-columns-is-layout-28f84493 wp-block-columns-is-layout-flex\">\n<div class=\"wp-block-column is-layout-flow wp-block-column-is-layout-flow\">\n<figure class=\"wp-block-image size-full\"><img loading=\"lazy\" decoding=\"async\" width=\"236\" height=\"296\" src=\"http:\/\/www.cortesi.ch\/wp-content\/uploads\/2023\/04\/PortraitEsther.jpg\" alt=\"\" class=\"wp-image-675\"\/><\/figure>\n<\/div>\n\n\n\n<div class=\"wp-block-column is-layout-flow wp-block-column-is-layout-flow\">\n<p>Ich wurde 1958 im Zeichen der Fische geboren. Seit meiner Jugend besteht mein Interesse an Astrologie. Vor mehreren Jahren durfte ich dann meine Ausbildung in Psychologischer Astrologie bei Anita Cortesi machen, was mich in v\u00f6llig neue Bahnen gelenkt hat (vielen Dank Anita). Seit der schweren Erkrankung von Anita Cortesi darf ich nun f\u00fcr sie arbeiten. Malen, Lesen und Stricken sind noch weitere Hobbies neben der Astrologie.<br><br>Esther Brandner<\/p>\n<\/div>\n<\/div>\n","protected":false},"excerpt":{"rendered":"<p>Anita Cortesi Menschen interessieren mich.Warum sind wir, wie wir sind?Wie viel freien Willen haben wir tats\u00e4chlich?Wie finden wir Sinn?Was haben wir gemeinsam und wo f\u00fchlen, denken und reagieren wir unterschiedlich? Werde, was du bist! Dies ist die gr\u00f6sste und spannendste Herausforderung f\u00fcr mich. Gleichzeitig ist es der zentrale Leitsatz meiner Arbeit als Astrologin. In jedem [&hellip;]<\/p>\n","protected":false},"author":1,"featured_media":0,"parent":37,"menu_order":0,"comment_status":"closed","ping_status":"closed","template":"","meta":{"footnotes":""},"class_list":["post-47","page","type-page","status-publish","hentry"],"_links":{"self":[{"href":"http:\/\/www.cortesi.ch\/index.php\/wp-json\/wp\/v2\/pages\/47","targetHints":{"allow":["GET"]}}],"collection":[{"href":"http:\/\/www.cortesi.ch\/index.php\/wp-json\/wp\/v2\/pages"}],"about":[{"href":"http:\/\/www.cortesi.ch\/index.php\/wp-json\/wp\/v2\/types\/page"}],"author":[{"embeddable":true,"href":"http:\/\/www.cortesi.ch\/index.php\/wp-json\/wp\/v2\/users\/1"}],"replies":[{"embeddable":true,"href":"http:\/\/www.cortesi.ch\/index.php\/wp-json\/wp\/v2\/comments?post=47"}],"version-history":[{"count":4,"href":"http:\/\/www.cortesi.ch\/index.php\/wp-json\/wp\/v2\/pages\/47\/revisions"}],"predecessor-version":[{"id":676,"href":"http:\/\/www.cortesi.ch\/index.php\/wp-json\/wp\/v2\/pages\/47\/revisions\/676"}],"up":[{"embeddable":true,"href":"http:\/\/www.cortesi.ch\/index.php\/wp-json\/wp\/v2\/pages\/37"}],"wp:attachment":[{"href":"http:\/\/www.cortesi.ch\/index.php\/wp-json\/wp\/v2\/media?parent=47"}],"curies":[{"name":"wp","href":"https:\/\/api.w.org\/{rel}","templated":true}]}}