{"id":475,"date":"2023-02-24T15:47:04","date_gmt":"2023-02-24T14:47:04","guid":{"rendered":"http:\/\/www.cortesi.ch\/?page_id=475"},"modified":"2023-02-24T15:47:04","modified_gmt":"2023-02-24T14:47:04","slug":"konjunktion","status":"publish","type":"page","link":"http:\/\/www.cortesi.ch\/index.php\/konjunktion\/","title":{"rendered":"Konjunktion"},"content":{"rendered":"\n<figure class=\"wp-block-table is-style-stripes\"><table><tbody><tr><td>Starker Aspekt<br>Entfernung der beteiligten Planeten: 0\u00b0<br>Symbol: <img loading=\"lazy\" decoding=\"async\" width=\"19\" height=\"16\" class=\"wp-image-455\" style=\"width: 19px;\" src=\"http:\/\/www.cortesi.ch\/wp-content\/uploads\/2023\/02\/kon.gif\" alt=\"\"><\/td><td><img loading=\"lazy\" decoding=\"async\" width=\"150\" height=\"89\" class=\"wp-image-476\" style=\"width: 150px;\" src=\"http:\/\/www.cortesi.ch\/wp-content\/uploads\/2023\/02\/wi_kon.gif\" alt=\"\"><\/td><\/tr><\/tbody><\/table><\/figure>\n\n\n\n<p><strong>Die zwei beteiligten Planeten bilden eine Einheit.<\/strong><\/p>\n\n\n\n<p>Bei der Konjunktion stehen zwei Planeten aus der Sicht der Erde fast am selben Ort. Dadurch entsteht eine sehr starke Konzentration von zwei Kr\u00e4ften, die gewisserma\u00dfen zu siamesischen Zwillingen verschmelzen. Die beiden Pers\u00f6nlichkeitsteile k\u00f6nnen nur zusammen auftreten und sind f\u00fcr den Betreffenden untrennbar miteinander verbunden. Dabei gibt es Planetenkombinationen, die sich gegenseitig unterst\u00fctzen (z.B. Mond Konjunktion Venus) und solche, die eher problematische Verbindungen darstellen (z.B. Mars Konjunktion Neptun).<\/p>\n","protected":false},"excerpt":{"rendered":"<p>Starker AspektEntfernung der beteiligten Planeten: 0\u00b0Symbol: Die zwei beteiligten Planeten bilden eine Einheit. Bei der Konjunktion stehen zwei Planeten aus der Sicht der Erde fast am selben Ort. Dadurch entsteht eine sehr starke Konzentration von zwei Kr\u00e4ften, die gewisserma\u00dfen zu siamesischen Zwillingen verschmelzen. Die beiden Pers\u00f6nlichkeitsteile k\u00f6nnen nur zusammen auftreten und sind f\u00fcr den Betreffenden [&hellip;]<\/p>\n","protected":false},"author":1,"featured_media":0,"parent":0,"menu_order":0,"comment_status":"closed","ping_status":"closed","template":"","meta":{"footnotes":""},"class_list":["post-475","page","type-page","status-publish","hentry"],"_links":{"self":[{"href":"http:\/\/www.cortesi.ch\/index.php\/wp-json\/wp\/v2\/pages\/475","targetHints":{"allow":["GET"]}}],"collection":[{"href":"http:\/\/www.cortesi.ch\/index.php\/wp-json\/wp\/v2\/pages"}],"about":[{"href":"http:\/\/www.cortesi.ch\/index.php\/wp-json\/wp\/v2\/types\/page"}],"author":[{"embeddable":true,"href":"http:\/\/www.cortesi.ch\/index.php\/wp-json\/wp\/v2\/users\/1"}],"replies":[{"embeddable":true,"href":"http:\/\/www.cortesi.ch\/index.php\/wp-json\/wp\/v2\/comments?post=475"}],"version-history":[{"count":1,"href":"http:\/\/www.cortesi.ch\/index.php\/wp-json\/wp\/v2\/pages\/475\/revisions"}],"predecessor-version":[{"id":477,"href":"http:\/\/www.cortesi.ch\/index.php\/wp-json\/wp\/v2\/pages\/475\/revisions\/477"}],"wp:attachment":[{"href":"http:\/\/www.cortesi.ch\/index.php\/wp-json\/wp\/v2\/media?parent=475"}],"curies":[{"name":"wp","href":"https:\/\/api.w.org\/{rel}","templated":true}]}}