{"id":483,"date":"2023-02-24T15:32:57","date_gmt":"2023-02-24T14:32:57","guid":{"rendered":"http:\/\/www.cortesi.ch\/?page_id=483"},"modified":"2023-02-24T15:32:57","modified_gmt":"2023-02-24T14:32:57","slug":"trigon","status":"publish","type":"page","link":"http:\/\/www.cortesi.ch\/index.php\/trigon\/","title":{"rendered":"Trigon"},"content":{"rendered":"\n<figure class=\"wp-block-table is-style-stripes\"><table><tbody><tr><td>Starker Aspekt<br>Entfernung der beteiligten Planeten: 120\u00b0<br>Symbol: <img loading=\"lazy\" decoding=\"async\" width=\"23\" height=\"19\" class=\"wp-image-458\" style=\"width: 23px;\" src=\"http:\/\/www.cortesi.ch\/wp-content\/uploads\/2023\/02\/tri.gif\" alt=\"\"><\/td><td><img loading=\"lazy\" decoding=\"async\" width=\"150\" height=\"90\" class=\"wp-image-488\" style=\"width: 150px;\" src=\"http:\/\/www.cortesi.ch\/wp-content\/uploads\/2023\/02\/wi_tri.gif\" alt=\"\"><\/td><\/tr><\/tbody><\/table><\/figure>\n\n\n\n<p><strong>Die zwei beteiligten Planeten stehen in einer harmonischen Beziehung.<\/strong><\/p>\n\n\n\n<p>Das Trigon entspricht einer Dreiteilung des Kreises. Es verbindet Planeten in gleichen Elementen, bzw. \u00e4hnlichen, gut vertr\u00e4glichen Zeichen. Vor allem bei Verbindungen zwischen Sonne, Mond und den Planeten Merkur, Venus und Mars wird es als angenehm und spannungsfrei erlebt. Da es einem in die Wiege gelegten Talent gleichkommt, kann es zu Passivit\u00e4t verleiten. Man sieht sich nicht veranla\u00dft, etwas Besonderes zu tun, sondern genie\u00dft es einfach.<\/p>\n","protected":false},"excerpt":{"rendered":"<p>Starker AspektEntfernung der beteiligten Planeten: 120\u00b0Symbol: Die zwei beteiligten Planeten stehen in einer harmonischen Beziehung. Das Trigon entspricht einer Dreiteilung des Kreises. Es verbindet Planeten in gleichen Elementen, bzw. \u00e4hnlichen, gut vertr\u00e4glichen Zeichen. Vor allem bei Verbindungen zwischen Sonne, Mond und den Planeten Merkur, Venus und Mars wird es als angenehm und spannungsfrei erlebt. Da [&hellip;]<\/p>\n","protected":false},"author":1,"featured_media":0,"parent":0,"menu_order":0,"comment_status":"closed","ping_status":"closed","template":"","meta":{"footnotes":""},"class_list":["post-483","page","type-page","status-publish","hentry"],"_links":{"self":[{"href":"http:\/\/www.cortesi.ch\/index.php\/wp-json\/wp\/v2\/pages\/483","targetHints":{"allow":["GET"]}}],"collection":[{"href":"http:\/\/www.cortesi.ch\/index.php\/wp-json\/wp\/v2\/pages"}],"about":[{"href":"http:\/\/www.cortesi.ch\/index.php\/wp-json\/wp\/v2\/types\/page"}],"author":[{"embeddable":true,"href":"http:\/\/www.cortesi.ch\/index.php\/wp-json\/wp\/v2\/users\/1"}],"replies":[{"embeddable":true,"href":"http:\/\/www.cortesi.ch\/index.php\/wp-json\/wp\/v2\/comments?post=483"}],"version-history":[{"count":2,"href":"http:\/\/www.cortesi.ch\/index.php\/wp-json\/wp\/v2\/pages\/483\/revisions"}],"predecessor-version":[{"id":489,"href":"http:\/\/www.cortesi.ch\/index.php\/wp-json\/wp\/v2\/pages\/483\/revisions\/489"}],"wp:attachment":[{"href":"http:\/\/www.cortesi.ch\/index.php\/wp-json\/wp\/v2\/media?parent=483"}],"curies":[{"name":"wp","href":"https:\/\/api.w.org\/{rel}","templated":true}]}}