{"id":485,"date":"2023-02-24T15:52:54","date_gmt":"2023-02-24T14:52:54","guid":{"rendered":"http:\/\/www.cortesi.ch\/?page_id=485"},"modified":"2023-02-24T15:52:54","modified_gmt":"2023-02-24T14:52:54","slug":"sextil","status":"publish","type":"page","link":"http:\/\/www.cortesi.ch\/index.php\/sextil\/","title":{"rendered":"Sextil"},"content":{"rendered":"\n<figure class=\"wp-block-table is-style-stripes\"><table><tbody><tr><td>Starker Aspekt<br>Entfernung der beteiligten Planeten: 60\u00b0<br>Symbol: <img loading=\"lazy\" decoding=\"async\" width=\"22\" height=\"19\" class=\"wp-image-459\" style=\"width: 22px;\" src=\"http:\/\/www.cortesi.ch\/wp-content\/uploads\/2023\/02\/sex.gif\" alt=\"\"><\/td><td><img loading=\"lazy\" decoding=\"async\" width=\"150\" height=\"87\" class=\"wp-image-486\" style=\"width: 150px;\" src=\"http:\/\/www.cortesi.ch\/wp-content\/uploads\/2023\/02\/wi_sex.gif\" alt=\"\"><\/td><\/tr><\/tbody><\/table><\/figure>\n\n\n\n<p><strong>Die zwei beteiligten Planeten stehen in einer harmonischen Beziehung.<\/strong><\/p>\n\n\n\n<p>Das Sextil entspricht einer Sechsteilung des Kreises. Die durch ein Sextil verbundenen Planeten stehen in zwei introvertierten Yin-Zeichen oder zwei extrovertierten Yang-Zeichen. Eine solche Verbindung wird zwar als angenehm erlebt, fordert einen jedoch trotzdem auf, die beiden Planetenprinzipien oder Pers\u00f6nlichkeits-Anteile zu erforschen und den Umgang damit zu \u00fcben. Auch wenn ein Sextil eine harmonische Verbindung ist, beinhaltet es doch ein inneres Bed\u00fcrfnis, kreative Ausdrucksm\u00f6glichkeiten f\u00fcr das Thema der beiden Planeten zu finden.<\/p>\n","protected":false},"excerpt":{"rendered":"<p>Starker AspektEntfernung der beteiligten Planeten: 60\u00b0Symbol: Die zwei beteiligten Planeten stehen in einer harmonischen Beziehung. Das Sextil entspricht einer Sechsteilung des Kreises. Die durch ein Sextil verbundenen Planeten stehen in zwei introvertierten Yin-Zeichen oder zwei extrovertierten Yang-Zeichen. Eine solche Verbindung wird zwar als angenehm erlebt, fordert einen jedoch trotzdem auf, die beiden Planetenprinzipien oder Pers\u00f6nlichkeits-Anteile [&hellip;]<\/p>\n","protected":false},"author":1,"featured_media":0,"parent":0,"menu_order":0,"comment_status":"closed","ping_status":"closed","template":"","meta":{"footnotes":""},"class_list":["post-485","page","type-page","status-publish","hentry"],"_links":{"self":[{"href":"http:\/\/www.cortesi.ch\/index.php\/wp-json\/wp\/v2\/pages\/485","targetHints":{"allow":["GET"]}}],"collection":[{"href":"http:\/\/www.cortesi.ch\/index.php\/wp-json\/wp\/v2\/pages"}],"about":[{"href":"http:\/\/www.cortesi.ch\/index.php\/wp-json\/wp\/v2\/types\/page"}],"author":[{"embeddable":true,"href":"http:\/\/www.cortesi.ch\/index.php\/wp-json\/wp\/v2\/users\/1"}],"replies":[{"embeddable":true,"href":"http:\/\/www.cortesi.ch\/index.php\/wp-json\/wp\/v2\/comments?post=485"}],"version-history":[{"count":1,"href":"http:\/\/www.cortesi.ch\/index.php\/wp-json\/wp\/v2\/pages\/485\/revisions"}],"predecessor-version":[{"id":487,"href":"http:\/\/www.cortesi.ch\/index.php\/wp-json\/wp\/v2\/pages\/485\/revisions\/487"}],"wp:attachment":[{"href":"http:\/\/www.cortesi.ch\/index.php\/wp-json\/wp\/v2\/media?parent=485"}],"curies":[{"name":"wp","href":"https:\/\/api.w.org\/{rel}","templated":true}]}}