{"id":526,"date":"2023-02-26T11:19:27","date_gmt":"2023-02-26T10:19:27","guid":{"rendered":"http:\/\/www.cortesi.ch\/?page_id=526"},"modified":"2023-02-26T11:19:27","modified_gmt":"2023-02-26T10:19:27","slug":"welche-horoskope-gibt-es","status":"publish","type":"page","link":"http:\/\/www.cortesi.ch\/index.php\/welche-horoskope-gibt-es\/","title":{"rendered":"Welche Horoskope gibt es?"},"content":{"rendered":"\n<p><strong>Die psychologische Astrologie<\/strong>&nbsp;verwendet drei verschiedene Horoskoptypen<\/p>\n\n\n\n<p><strong>1. Geburtshoroskop<\/strong>&nbsp;(Radixhoroskop)<br>Dieses Horoskop wird auf den Zeitpunkt und Ort der Geburt eines Menschen erstellt. Es beschreibt den Charakter, Talente, Anlagen und Probleme eines Menschen und erm\u00f6glicht Aussagen \u00fcber einzelne Lebensbereiche wie Beruf und Partnerschaft. Dasselbe Geburtshoroskop wird f\u00fcr einen Erwachsenen oder ein Kind unterschiedlich gedeutet, da der psychologische Hintergrund ein anderer ist.<\/p>\n\n\n\n<p><strong>2. Partnerhoroskop<\/strong><br>In einem Partnerhoroskop werden die Geburtshoroskope von zwei Menschen verglichen. Aufgrund der Gemeinsamkeiten und Unterschiede in den Geburtshoroskopen lassen sich die Themen und Bereiche beschreiben, die in einer Partnerschaft wichtig sind.<br>Die im Astroguide verwendete sogenannte Synastriemethode arbeitet mit den \u201eKontaktstellen&#8220; zwischen zwei Geburtshoroskopen. Zwei weitere Methoden, Combine und Composite, berechnen aus den Geburtsdaten der Partner ein neues gemeinsames Horoskop.<\/p>\n\n\n\n<p><strong>3. Horoskope f\u00fcr einen bestimmten Zeitraum:<br>Tages-, Monats- oder Jahreshoroskope<\/strong><br>Die Astrologie kann keine konkreten Ereignisse vorhersagen. Sie vermag jedoch in Vergangenheit, Gegenwart und Zukunft wichtige Themenbereiche zu beschreiben, z.B. Umbruchstimmungen, Perioden der Neuorientierung oder des R\u00fcckzugs, intensive Arbeitsperioden oder ruhige Zeiten. Dazu werden das Geburtshoroskop und das Horoskop der betreffenden Zeit mit der sogenannten Transitmethode verglichen. Weitere Methoden sind Progressionen und Solare.<\/p>\n\n\n\n<p><strong>Stundenastrologie<\/strong><br>Im Gegensatz zur psychologischen Astrologie erstellt die Stundenastrologie Horoskope f\u00fcr bestimmte Ereignisse. Diese k\u00f6nnen pers\u00f6nlicher Natur sein &#8211; z.B. ein gl\u00fcckliches oder unerfreuliches Erlebnis &#8211; oder kollektiv, wie politische Ereignisse oder Naturkatastrophen. Zum einen bieten solche Horoskope ausgezeichnetes Lernmaterial, um die astrologische Symbolsprache besser zu verstehen. Zum anderen ist das Ziel eine astrologische Prognose. Die Stundenastrologie berechnet g\u00fcnstige Zeitpunkte f\u00fcr planbare Ereignisse wie Heirat, Umzug oder Gesch\u00e4ftser\u00f6ffnung.<\/p>\n\n\n\n<p><strong>Klassische Astrologie<\/strong><br>Die klassische Astrologie basiert im Unterschied zur modernen psychologischen Astrologie auf Jahrhunderte alten astrologischen Traditionen. Fr\u00fcher hatten Menschen weit weniger M\u00f6glichkeiten als heute, ihr Leben individuell zu gestalten. F\u00fcr Astrologen war es einfacher, konkrete Aussagen zu machen. War z.B. das Thema &#8222;Neuorientierung&#8220; im Horoskop angesagt, so erlaubten die Lebensbedingungen der meisten Menschen kaum gr\u00f6\u00dfere Ver\u00e4nderungen als Heirat oder Krankheit. Man ging davon aus, da\u00df der Mensch nur wenig freien Willen besitzt und sein Leben weitgehend vom Schicksal bestimmt wird. Dieses Weltbild vertritt die klassische Astrologie heute noch. Aus diesem Grund sind die Aussagen der klassischen Astrologie weniger \u201eschwammig&#8220; formuliert als diejenigen der psychologischen Astrologie.<\/p>\n","protected":false},"excerpt":{"rendered":"<p>Die psychologische Astrologie&nbsp;verwendet drei verschiedene Horoskoptypen 1. Geburtshoroskop&nbsp;(Radixhoroskop)Dieses Horoskop wird auf den Zeitpunkt und Ort der Geburt eines Menschen erstellt. Es beschreibt den Charakter, Talente, Anlagen und Probleme eines Menschen und erm\u00f6glicht Aussagen \u00fcber einzelne Lebensbereiche wie Beruf und Partnerschaft. Dasselbe Geburtshoroskop wird f\u00fcr einen Erwachsenen oder ein Kind unterschiedlich gedeutet, da der psychologische Hintergrund [&hellip;]<\/p>\n","protected":false},"author":1,"featured_media":0,"parent":0,"menu_order":0,"comment_status":"closed","ping_status":"closed","template":"","meta":{"footnotes":""},"class_list":["post-526","page","type-page","status-publish","hentry"],"_links":{"self":[{"href":"http:\/\/www.cortesi.ch\/index.php\/wp-json\/wp\/v2\/pages\/526","targetHints":{"allow":["GET"]}}],"collection":[{"href":"http:\/\/www.cortesi.ch\/index.php\/wp-json\/wp\/v2\/pages"}],"about":[{"href":"http:\/\/www.cortesi.ch\/index.php\/wp-json\/wp\/v2\/types\/page"}],"author":[{"embeddable":true,"href":"http:\/\/www.cortesi.ch\/index.php\/wp-json\/wp\/v2\/users\/1"}],"replies":[{"embeddable":true,"href":"http:\/\/www.cortesi.ch\/index.php\/wp-json\/wp\/v2\/comments?post=526"}],"version-history":[{"count":1,"href":"http:\/\/www.cortesi.ch\/index.php\/wp-json\/wp\/v2\/pages\/526\/revisions"}],"predecessor-version":[{"id":527,"href":"http:\/\/www.cortesi.ch\/index.php\/wp-json\/wp\/v2\/pages\/526\/revisions\/527"}],"wp:attachment":[{"href":"http:\/\/www.cortesi.ch\/index.php\/wp-json\/wp\/v2\/media?parent=526"}],"curies":[{"name":"wp","href":"https:\/\/api.w.org\/{rel}","templated":true}]}}