{"id":528,"date":"2023-02-26T11:38:15","date_gmt":"2023-02-26T10:38:15","guid":{"rendered":"http:\/\/www.cortesi.ch\/?page_id=528"},"modified":"2023-03-01T08:17:59","modified_gmt":"2023-03-01T07:17:59","slug":"wie-gut-sind-astrologische-prognosen","status":"publish","type":"page","link":"http:\/\/www.cortesi.ch\/index.php\/wie-gut-sind-astrologische-prognosen\/","title":{"rendered":"Wie gut sind astrologische Prognosen?"},"content":{"rendered":"\n<p>Wer m\u00f6chte nicht gerne wissen, wann er das grosse Los gewinnt und den Traumpartner findet oder etwas bescheidener, ob er das n\u00e4chste Jahr gesund und gl\u00fccklich \u00fcber die Runden bringt.<\/p>\n\n\n\n<p><strong>Die Astrologie gibt darauf keine Antwort.<\/strong><\/p>\n\n\n\n<p>Astrologische Prognosen k\u00f6nnen auch keinen B\u00f6rsencrash und keine Naturkatastrophe vorhersagen.<\/p>\n\n\n\n<p>Astrologische Prognosen beschreiben Tendenzen und Stimmungen. Basieren sie auf einem individuellen Geburtshoroskop, so geben sie Antwort auf Fragen wie:<\/p>\n\n\n\n<ul class=\"wp-block-list\">\n<li>Welche Lebensbereiche (Beruf, Partnerschaft, Familie usw.) nehmen Ihre Aufmerksamkeit wann besonders stark in Anspruch?<\/li>\n\n\n\n<li>Welche Lebenserfahrungen und Grundstimmungen sind f\u00fcr Sie zu welcher Zeit wichtig?<\/li>\n\n\n\n<li>Welche Bed\u00fcrfnisse und W\u00fcnsche melden sich wann?<\/li>\n<\/ul>\n\n\n\n<p>Die Aussagen sind pers\u00f6nlich, d.h. sie beruhen auf einem individuellen Geburtshoroskop und gelten nur f\u00fcr die betreffende Person.<\/p>\n\n\n\n<p>Solche Prognosen helfen, Entscheidungen zu treffen und Gegenwart und Zukunft aktiv zu gestalten. R\u00fcckwirkend betrachtet zeigen sie Zusammenh\u00e4nge auf und unterst\u00fctzen den nach Selbsterkenntnis Suchenden.<\/p>\n\n\n\n<p>Eine astrologische Prognose basiert in der Regel auf\u00a0<a href=\"http:\/\/www.cortesi.ch\/index.php\/was-sind-transite\/\" data-type=\"page\" data-id=\"545\">Transiten<\/a>. Erg\u00e4nzende Prognosemethoden sind Solare und Progressionen.<\/p>\n\n\n\n<p>Eine astrologische Prognose ist nicht von Hellsehen oder anderen parapsychologischen F\u00e4higkeiten abh\u00e4ngig, setzt aber eine sorgf\u00e4ltige Berechnung und Interpretation der Planetenkonstellationen voraus.<\/p>\n\n\n\n<p><strong>Man unterscheidet zwei Ans\u00e4tze der Prognose:<\/strong><\/p>\n\n\n\n<ul class=\"wp-block-list\">\n<li><strong>Individuelle Prognosen:\u00a0<\/strong>ein individuelles Geburtshoroskop wird mit den aktuellen Planetenkonstellationen am Himmel verglichen.\u00a0<a href=\"http:\/\/www.cortesi.ch\/index.php\/persoenlichkeitsanalysen\/jahresanalyse\/\" data-type=\"page\" data-id=\"150\">Jahresanalysen\u00a0<\/a>und\u00a0<a href=\"http:\/\/www.cortesi.ch\/index.php\/persoenlichkeitsanalysen\/12-monatshoroskope\/\" data-type=\"page\" data-id=\"160\">Monatsanalysen\u00a0<\/a>sind solche individuelle Prognosen.<br><\/li>\n\n\n\n<li><strong>Mundane oder kollektive Prognosen:<\/strong>&nbsp;Aus der aktuellen Planetenkonstellation am Himmel l\u00e4sst sich die &#8222;allgemeine Stimmung&#8220; auf der Welt ermitteln. Ein Astrologe kann nicht mit Sicherheit voraussagen, wann z.B. ein Krieg ausbricht, aber schwelende Konflikte versch\u00e4rfen sich zu Zeiten, in denen das Horoskop &#8222;spannungsgeladen&#8220; ist.<\/li>\n<\/ul>\n","protected":false},"excerpt":{"rendered":"<p>Wer m\u00f6chte nicht gerne wissen, wann er das grosse Los gewinnt und den Traumpartner findet oder etwas bescheidener, ob er das n\u00e4chste Jahr gesund und gl\u00fccklich \u00fcber die Runden bringt. Die Astrologie gibt darauf keine Antwort. Astrologische Prognosen k\u00f6nnen auch keinen B\u00f6rsencrash und keine Naturkatastrophe vorhersagen. Astrologische Prognosen beschreiben Tendenzen und Stimmungen. Basieren sie auf [&hellip;]<\/p>\n","protected":false},"author":1,"featured_media":0,"parent":0,"menu_order":0,"comment_status":"closed","ping_status":"closed","template":"","meta":{"footnotes":""},"class_list":["post-528","page","type-page","status-publish","hentry"],"_links":{"self":[{"href":"http:\/\/www.cortesi.ch\/index.php\/wp-json\/wp\/v2\/pages\/528","targetHints":{"allow":["GET"]}}],"collection":[{"href":"http:\/\/www.cortesi.ch\/index.php\/wp-json\/wp\/v2\/pages"}],"about":[{"href":"http:\/\/www.cortesi.ch\/index.php\/wp-json\/wp\/v2\/types\/page"}],"author":[{"embeddable":true,"href":"http:\/\/www.cortesi.ch\/index.php\/wp-json\/wp\/v2\/users\/1"}],"replies":[{"embeddable":true,"href":"http:\/\/www.cortesi.ch\/index.php\/wp-json\/wp\/v2\/comments?post=528"}],"version-history":[{"count":3,"href":"http:\/\/www.cortesi.ch\/index.php\/wp-json\/wp\/v2\/pages\/528\/revisions"}],"predecessor-version":[{"id":635,"href":"http:\/\/www.cortesi.ch\/index.php\/wp-json\/wp\/v2\/pages\/528\/revisions\/635"}],"wp:attachment":[{"href":"http:\/\/www.cortesi.ch\/index.php\/wp-json\/wp\/v2\/media?parent=528"}],"curies":[{"name":"wp","href":"https:\/\/api.w.org\/{rel}","templated":true}]}}