{"id":533,"date":"2023-02-26T11:56:22","date_gmt":"2023-02-26T10:56:22","guid":{"rendered":"http:\/\/www.cortesi.ch\/?page_id=533"},"modified":"2023-03-01T08:20:07","modified_gmt":"2023-03-01T07:20:07","slug":"tierkreiszeichen-oder-sternbilder","status":"publish","type":"page","link":"http:\/\/www.cortesi.ch\/index.php\/tierkreiszeichen-oder-sternbilder\/","title":{"rendered":"Tierkreiszeichen oder Sternbilder"},"content":{"rendered":"\n<p>Da Tierkreiszeichen und Sternbilder dieselben Namen Widder, Stier usw. tragen, werden sie oft verwechselt. Sternbilder sind einzelne Gruppen von Fixsternen. Sie wurden bereits zur Zeit der alten Hochkulturen zur besseren Orientierung zu sogenannten Sternbildern zusammengefasst und benannt: Grosser B\u00e4r, Kleiner Wagen, Cassiopeia usw.<\/p>\n\n\n\n<figure class=\"wp-block-image aligncenter size-full\"><img loading=\"lazy\" decoding=\"async\" width=\"300\" height=\"167\" src=\"http:\/\/www.cortesi.ch\/wp-content\/uploads\/2023\/02\/wi_Sternbild.gif\" alt=\"\" class=\"wp-image-534\"\/><figcaption class=\"wp-element-caption\">\u00a9 FIREBALL Astro-Guide<\/figcaption><\/figure>\n\n\n\n<p>Die in der Astrologie verwendeten\u00a0<a href=\"http:\/\/www.cortesi.ch\/index.php\/astrologisches\/der-tierkreis\/\" data-type=\"page\" data-id=\"309\">Tierkreiszeichen\u00a0<\/a>sind von den Sternbildern auf der Sonnenbahn zu unterscheiden. Die Astrologie arbeitet grunds\u00e4tzlich mit zw\u00f6lf gleich gro\u00dfen Abschnitten der Ekliptik und nicht mit den tats\u00e4chlich am Himmel stehenden Fixsternbildern.<\/p>\n\n\n\n<p>Zur Bl\u00fctezeit der antiken Astrologie (ca. 200 v.Chr.) waren die Tierkreiszeichen und die Sternbilder identisch. Sternbilder und Tierkreiszeichen haben sich jedoch wegen der\u00a0<a href=\"http:\/\/www.cortesi.ch\/index.php\/die-praezession-und-das-wassermannzeitalter\/\" data-type=\"page\" data-id=\"539\">Pr\u00e4zession\u00a0<\/a>der Erdachse im Laufe der Jahrtausende verschoben. Die westliche Astrologie arbeitet nur mit Tierkreiszeichen. Astronomen und Vertreter der Wissenschaft sprechen in der Regel von Sternbildern und werfen den Astrologen zu Unrecht vor, die astronomischen Grundlagen falsch zu berechnen.<\/p>\n","protected":false},"excerpt":{"rendered":"<p>Da Tierkreiszeichen und Sternbilder dieselben Namen Widder, Stier usw. tragen, werden sie oft verwechselt. Sternbilder sind einzelne Gruppen von Fixsternen. Sie wurden bereits zur Zeit der alten Hochkulturen zur besseren Orientierung zu sogenannten Sternbildern zusammengefasst und benannt: Grosser B\u00e4r, Kleiner Wagen, Cassiopeia usw. Die in der Astrologie verwendeten\u00a0Tierkreiszeichen\u00a0sind von den Sternbildern auf der Sonnenbahn zu [&hellip;]<\/p>\n","protected":false},"author":1,"featured_media":0,"parent":0,"menu_order":0,"comment_status":"closed","ping_status":"closed","template":"","meta":{"footnotes":""},"class_list":["post-533","page","type-page","status-publish","hentry"],"_links":{"self":[{"href":"http:\/\/www.cortesi.ch\/index.php\/wp-json\/wp\/v2\/pages\/533","targetHints":{"allow":["GET"]}}],"collection":[{"href":"http:\/\/www.cortesi.ch\/index.php\/wp-json\/wp\/v2\/pages"}],"about":[{"href":"http:\/\/www.cortesi.ch\/index.php\/wp-json\/wp\/v2\/types\/page"}],"author":[{"embeddable":true,"href":"http:\/\/www.cortesi.ch\/index.php\/wp-json\/wp\/v2\/users\/1"}],"replies":[{"embeddable":true,"href":"http:\/\/www.cortesi.ch\/index.php\/wp-json\/wp\/v2\/comments?post=533"}],"version-history":[{"count":4,"href":"http:\/\/www.cortesi.ch\/index.php\/wp-json\/wp\/v2\/pages\/533\/revisions"}],"predecessor-version":[{"id":637,"href":"http:\/\/www.cortesi.ch\/index.php\/wp-json\/wp\/v2\/pages\/533\/revisions\/637"}],"wp:attachment":[{"href":"http:\/\/www.cortesi.ch\/index.php\/wp-json\/wp\/v2\/media?parent=533"}],"curies":[{"name":"wp","href":"https:\/\/api.w.org\/{rel}","templated":true}]}}