{"id":55,"date":"2022-12-19T09:49:33","date_gmt":"2022-12-19T08:49:33","guid":{"rendered":"http:\/\/www.cortesi.ch\/?page_id=55"},"modified":"2026-03-02T16:22:29","modified_gmt":"2026-03-02T15:22:29","slug":"training","status":"publish","type":"page","link":"http:\/\/www.cortesi.ch\/index.php\/training\/","title":{"rendered":"Download \/ Training"},"content":{"rendered":"\n<hr class=\"wp-block-separator has-alpha-channel-opacity is-style-wide\"\/>\n\n\n\n<h5 class=\"wp-block-heading\">Trainingssoftware Radix und Kinderhoroskope<\/h5>\n\n\n\n<div class=\"wp-block-columns is-layout-flex wp-container-core-columns-is-layout-28f84493 wp-block-columns-is-layout-flex\">\n<div class=\"wp-block-column is-layout-flow wp-block-column-is-layout-flow\">\n<p>eine kostenlose \u00dcbungssoftware zur Deutung von Radix und Kinderhoroskopen mit mehreren 100 Fragen, Antworten und M\u00f6glichkeiten, gezielt Wissensl\u00fccken zu f\u00fcllen. <a href=\"http:\/\/www.cortesi.ch\/wp-content\/uploads\/2023\/01\/AstrotrainingFlyer.pdf\" data-type=\"attachment\" data-id=\"233\">mehr&#8230;<\/a><\/p>\n<\/div>\n\n\n\n<div class=\"wp-block-column is-layout-flow wp-block-column-is-layout-flow\">\n<figure class=\"wp-block-image size-full\"><img loading=\"lazy\" decoding=\"async\" width=\"384\" height=\"205\" src=\"http:\/\/www.cortesi.ch\/wp-content\/uploads\/2023\/01\/Microsoft_Astrotraining.jpg\" alt=\"\" class=\"wp-image-204\" srcset=\"http:\/\/www.cortesi.ch\/wp-content\/uploads\/2023\/01\/Microsoft_Astrotraining.jpg 384w, http:\/\/www.cortesi.ch\/wp-content\/uploads\/2023\/01\/Microsoft_Astrotraining-300x160.jpg 300w\" sizes=\"auto, (max-width: 384px) 100vw, 384px\" \/><\/figure>\n<\/div>\n<\/div>\n\n\n\n<div style=\"height:10px\" aria-hidden=\"true\" class=\"wp-block-spacer\"><\/div>\n\n\n\n<div class=\"wp-block-buttons is-content-justification-center is-layout-flex wp-container-core-buttons-is-layout-a89b3969 wp-block-buttons-is-layout-flex\">\n<div class=\"wp-block-button\"><a class=\"wp-block-button__link has-foreground-color has-luminous-vivid-amber-background-color has-text-color has-background wp-element-button\" href=\"http:\/\/www.cortesi.ch\/wp-content\/uploads\/2023\/03\/SetupAstrotraining-3.1.4.zip\">Download<\/a><\/div>\n<\/div>\n\n\n\n<hr class=\"wp-block-separator has-alpha-channel-opacity is-style-wide\"\/>\n\n\n\n<h5 class=\"wp-block-heading\">Kostenlose pdf Downloads zum lesen <\/h5>\n\n\n\n<ul class=\"wp-block-list\">\n<li><a href=\"http:\/\/www.cortesi.ch\/wp-content\/uploads\/2023\/01\/SerieAszendent.zip\" data-type=\"attachment\" data-id=\"213\">Der Aszendent im Tierkteis<\/a> (12-teilige Serie)<\/li>\n\n\n\n<li><a href=\"http:\/\/www.cortesi.ch\/wp-content\/uploads\/2023\/01\/SerieMond.zip\" data-type=\"attachment\" data-id=\"215\">Der Mond im Tierkreis <\/a>(12-teilige Serie)<\/li>\n\n\n\n<li><a href=\"http:\/\/www.cortesi.ch\/wp-content\/uploads\/2023\/01\/SerieMondknoten.zip\" data-type=\"attachment\" data-id=\"216\">Der Mondknoten im Tierkreis <\/a>(12-teilige Serie)<\/li>\n\n\n\n<li><a href=\"http:\/\/www.cortesi.ch\/wp-content\/uploads\/2023\/01\/SerieMaerchen.zip\" data-type=\"attachment\" data-id=\"214\">Zw\u00f6lf M\u00e4rchen gedeutet im Tierkreis <\/a>(12-teilige Serie)<\/li>\n<\/ul>\n\n\n\n<ul class=\"wp-block-list\">\n<li><a href=\"http:\/\/www.cortesi.ch\/wp-content\/uploads\/2023\/01\/Radix.zip\" data-type=\"attachment\" data-id=\"211\">Radix-Deutungstexte <\/a><\/li>\n\n\n\n<li><a href=\"http:\/\/www.cortesi.ch\/wp-content\/uploads\/2023\/01\/Radix_Stichwort.zip\" data-type=\"attachment\" data-id=\"231\">Radix-Stichwortdeutungen<\/a><\/li>\n\n\n\n<li>Kinder-Deutungstexte\n<ul class=\"wp-block-list\">\n<li><a href=\"http:\/\/www.cortesi.ch\/wp-content\/uploads\/2023\/01\/Kindertexte_Junge.zip\" data-type=\"attachment\" data-id=\"227\">Junge<\/a><\/li>\n\n\n\n<li><a href=\"http:\/\/www.cortesi.ch\/wp-content\/uploads\/2023\/01\/Kindertexte_Maedchen.zip\" data-type=\"attachment\" data-id=\"228\">M\u00e4dchen<\/a><\/li>\n<\/ul>\n<\/li>\n\n\n\n<li><a href=\"http:\/\/www.cortesi.ch\/wp-content\/uploads\/2023\/01\/Partnerschaftsbuch.zip\" data-type=\"attachment\" data-id=\"230\">Partnerschafts-Deutungstexte<\/a><\/li>\n\n\n\n<li><a href=\"http:\/\/www.cortesi.ch\/wp-content\/uploads\/2023\/01\/Transitebuch.zip\" data-type=\"attachment\" data-id=\"232\">Transit-Deutungstexte<\/a><\/li>\n\n\n\n<li><a href=\"http:\/\/www.cortesi.ch\/wp-content\/uploads\/2023\/01\/Chironbuch.zip\" data-type=\"attachment\" data-id=\"225\">Chiron-Deutungstexte<\/a><\/li>\n<\/ul>\n\n\n\n<ul class=\"wp-block-list\">\n<li><a href=\"http:\/\/www.cortesi.ch\/wp-content\/uploads\/2023\/01\/LehrheftKinderhoroskope-1.zip\" data-type=\"attachment\" data-id=\"229\">Lehr<\/a>&#8211; <a href=\"http:\/\/www.cortesi.ch\/wp-content\/uploads\/2023\/01\/LehrheftKinderhoroskope-1.zip\" data-type=\"attachment\" data-id=\"229\">und \u00dcbungsheft Kinderhoroskope <\/a>(2010)\n<ul class=\"wp-block-list\">\n<li><\/li>\n<\/ul>\n<\/li>\n<\/ul>\n\n\n\n<hr class=\"wp-block-separator has-alpha-channel-opacity is-style-wide\"\/>\n\n\n\n<h5 class=\"wp-block-heading\">fernlehrgang skripte<\/h5>\n\n\n\n<p>Bitte senden Sie uns ein Mail an <a href=\"mailto:web@cortesi.ch\">web@cortesi.ch<\/a> anstelle des Formulars. Dieses wird nicht korrekt \u00fcbermittelt.<\/p>\n\n\n\n<div class=\"wp-block-contact-form-7-contact-form-selector form-hintergrund\">\n<div class=\"wpcf7 no-js\" id=\"wpcf7-f235-o1\" lang=\"en-US\" dir=\"ltr\" data-wpcf7-id=\"235\">\n<div class=\"screen-reader-response\"><p role=\"status\" aria-live=\"polite\" aria-atomic=\"true\"><\/p> <ul><\/ul><\/div>\n<form action=\"\/index.php\/wp-json\/wp\/v2\/pages\/55#wpcf7-f235-o1\" method=\"post\" class=\"wpcf7-form init\" aria-label=\"Contact form\" novalidate=\"novalidate\" data-status=\"init\">\n<fieldset class=\"hidden-fields-container\"><input type=\"hidden\" name=\"_wpcf7\" value=\"235\" \/><input type=\"hidden\" name=\"_wpcf7_version\" value=\"6.1.5\" \/><input type=\"hidden\" name=\"_wpcf7_locale\" value=\"en_US\" \/><input type=\"hidden\" name=\"_wpcf7_unit_tag\" value=\"wpcf7-f235-o1\" \/><input type=\"hidden\" name=\"_wpcf7_container_post\" value=\"0\" \/><input type=\"hidden\" name=\"_wpcf7_posted_data_hash\" value=\"\" \/><input type=\"hidden\" name=\"_wpcf7_recaptcha_response\" value=\"\" \/>\n<\/fieldset>\n<p><label> Hier bestellen Sie Skripte des Fernlehrganges (ohne Korrektur) <\/label>\n<\/p>\n<p><label> f\u00fcr Euro\/CHF 25.- pro PDF Skript, 10% Rabatt beim Kauf aller 15 Hefte <\/label>\n<\/p>\n<p><label> --- <\/label>\n<\/p>\n<p><label> <span class=\"wpcf7-form-control-wrap\" data-name=\"skript01\"><span class=\"wpcf7-form-control wpcf7-checkbox\"><span class=\"wpcf7-list-item first last\"><input type=\"checkbox\" name=\"skript01[]\" value=\"Lehrheft 1: Die Bausteine der Astrologie: Tierkreiszeichen, Planeten und H\u00e4user\" \/><span class=\"wpcf7-list-item-label\">Lehrheft 1: Die Bausteine der Astrologie: Tierkreiszeichen, Planeten und H\u00e4user<\/span><\/span><\/span><\/span> <\/label>\n<\/p>\n<p><label> <span class=\"wpcf7-form-control-wrap\" data-name=\"skript02\"><span class=\"wpcf7-form-control wpcf7-checkbox\"><span class=\"wpcf7-list-item first last\"><input type=\"checkbox\" name=\"skript02[]\" value=\"Lehrheft 2: Die Elemente Feuer, Erde, Luft und Wasser\" \/><span class=\"wpcf7-list-item-label\">Lehrheft 2: Die Elemente Feuer, Erde, Luft und Wasser<\/span><\/span><\/span><\/span> <\/label>\n<\/p>\n<p><label> <span class=\"wpcf7-form-control-wrap\" data-name=\"skript03\"><span class=\"wpcf7-form-control wpcf7-checkbox\"><span class=\"wpcf7-list-item first last\"><input type=\"checkbox\" name=\"skript03[]\" value=\"Lehrheft 3: Die Deutung der Elemente im Horoskop\" \/><span class=\"wpcf7-list-item-label\">Lehrheft 3: Die Deutung der Elemente im Horoskop<\/span><\/span><\/span><\/span> <\/label>\n<\/p>\n<p><label> <span class=\"wpcf7-form-control-wrap\" data-name=\"skript04\"><span class=\"wpcf7-form-control wpcf7-checkbox\"><span class=\"wpcf7-list-item first last\"><input type=\"checkbox\" name=\"skript04[]\" value=\"Lehrheft 4: Die Tierkreiszeichen Widder bis Waage\" \/><span class=\"wpcf7-list-item-label\">Lehrheft 4: Die Tierkreiszeichen Widder bis Waage<\/span><\/span><\/span><\/span> <\/label>\n<\/p>\n<p><label> <span class=\"wpcf7-form-control-wrap\" data-name=\"skript05\"><span class=\"wpcf7-form-control wpcf7-checkbox\"><span class=\"wpcf7-list-item first last\"><input type=\"checkbox\" name=\"skript05[]\" value=\"Lehrheft 5: Die Tierkreiszeichen Skorpion bis Fische\" \/><span class=\"wpcf7-list-item-label\">Lehrheft 5: Die Tierkreiszeichen Skorpion bis Fische<\/span><\/span><\/span><\/span> <\/label>\n<\/p>\n<p><label> <span class=\"wpcf7-form-control-wrap\" data-name=\"skript06\"><span class=\"wpcf7-form-control wpcf7-checkbox\"><span class=\"wpcf7-list-item first last\"><input type=\"checkbox\" name=\"skript06[]\" value=\"Lehrheft 6: Sonne und Mond und ihre Deutung in den Zeichen\" \/><span class=\"wpcf7-list-item-label\">Lehrheft 6: Sonne und Mond und ihre Deutung in den Zeichen<\/span><\/span><\/span><\/span> <\/label>\n<\/p>\n<p><label> <span class=\"wpcf7-form-control-wrap\" data-name=\"skript07\"><span class=\"wpcf7-form-control wpcf7-checkbox\"><span class=\"wpcf7-list-item first last\"><input type=\"checkbox\" name=\"skript07[]\" value=\"Lehrheft 7: Merkur, Venus und Mars und ihre Deutung in den Zeichen\" \/><span class=\"wpcf7-list-item-label\">Lehrheft 7: Merkur, Venus und Mars und ihre Deutung in den Zeichen<\/span><\/span><\/span><\/span> <\/label>\n<\/p>\n<p><label> <span class=\"wpcf7-form-control-wrap\" data-name=\"skript08\"><span class=\"wpcf7-form-control wpcf7-checkbox\"><span class=\"wpcf7-list-item first last\"><input type=\"checkbox\" name=\"skript08[]\" value=\"Lehrheft 8: Jupiter, Saturn, Aszendent und MC\" \/><span class=\"wpcf7-list-item-label\">Lehrheft 8: Jupiter, Saturn, Aszendent und MC<\/span><\/span><\/span><\/span> <\/label>\n<\/p>\n<p><label> <span class=\"wpcf7-form-control-wrap\" data-name=\"skript09\"><span class=\"wpcf7-form-control wpcf7-checkbox\"><span class=\"wpcf7-list-item first last\"><input type=\"checkbox\" name=\"skript09[]\" value=\"Lehrheft 9: Uranus, Neptun und Pluto\" \/><span class=\"wpcf7-list-item-label\">Lehrheft 9: Uranus, Neptun und Pluto<\/span><\/span><\/span><\/span> <\/label>\n<\/p>\n<p><label> <span class=\"wpcf7-form-control-wrap\" data-name=\"skript10\"><span class=\"wpcf7-form-control wpcf7-checkbox\"><span class=\"wpcf7-list-item first last\"><input type=\"checkbox\" name=\"skript10[]\" value=\"Lehrheft 10: Die astrologischen H\u00e4user 1-6 und die Deutung der Planeten darin\" \/><span class=\"wpcf7-list-item-label\">Lehrheft 10: Die astrologischen H\u00e4user 1-6 und die Deutung der Planeten darin<\/span><\/span><\/span><\/span> <\/label>\n<\/p>\n<p><label> <span class=\"wpcf7-form-control-wrap\" data-name=\"skript11\"><span class=\"wpcf7-form-control wpcf7-checkbox\"><span class=\"wpcf7-list-item first last\"><input type=\"checkbox\" name=\"skript11[]\" value=\"Lehrheft 11: Die astrologischen H\u00e4user 7-12 und die Deutung der Planeten darin\" \/><span class=\"wpcf7-list-item-label\">Lehrheft 11: Die astrologischen H\u00e4user 7-12 und die Deutung der Planeten darin<\/span><\/span><\/span><\/span> <\/label>\n<\/p>\n<p><label> <span class=\"wpcf7-form-control-wrap\" data-name=\"skript12\"><span class=\"wpcf7-form-control wpcf7-checkbox\"><span class=\"wpcf7-list-item first last\"><input type=\"checkbox\" name=\"skript12[]\" value=\"Lehrheft 12: Die Aspekte der Planeten und ihre Deutung\" \/><span class=\"wpcf7-list-item-label\">Lehrheft 12: Die Aspekte der Planeten und ihre Deutung<\/span><\/span><\/span><\/span> <\/label>\n<\/p>\n<p><label> <span class=\"wpcf7-form-control-wrap\" data-name=\"skript13\"><span class=\"wpcf7-form-control wpcf7-checkbox\"><span class=\"wpcf7-list-item first last\"><input type=\"checkbox\" name=\"skript13[]\" value=\"Lehrheft 13: Deutung des gesamten Horoskops\" \/><span class=\"wpcf7-list-item-label\">Lehrheft 13: Deutung des gesamten Horoskops<\/span><\/span><\/span><\/span> <\/label>\n<\/p>\n<p><label> <span class=\"wpcf7-form-control-wrap\" data-name=\"skript14\"><span class=\"wpcf7-form-control wpcf7-checkbox\"><span class=\"wpcf7-list-item first last\"><input type=\"checkbox\" name=\"skript14[]\" value=\"Lehrheft 14: Die Mondknotenachse und nochmals Deutung\" \/><span class=\"wpcf7-list-item-label\">Lehrheft 14: Die Mondknotenachse und nochmals Deutung<\/span><\/span><\/span><\/span> <\/label>\n<\/p>\n<p><label> <span class=\"wpcf7-form-control-wrap\" data-name=\"skript15\"><span class=\"wpcf7-form-control wpcf7-checkbox\"><span class=\"wpcf7-list-item first last\"><input type=\"checkbox\" name=\"skript15[]\" value=\"Lehrheft 15: Chiron, Lilith und nochmals Deutung\" \/><span class=\"wpcf7-list-item-label\">Lehrheft 15: Chiron, Lilith und nochmals Deutung<\/span><\/span><\/span><\/span> <\/label>\n<\/p>\n<p><label> --- <\/label>\n<\/p>\n<p><label> Weitere Lernunterlagen: <\/label>\n<\/p>\n<p><label> <span class=\"wpcf7-form-control-wrap\" data-name=\"deut-train\"><span class=\"wpcf7-form-control wpcf7-checkbox\"><span class=\"wpcf7-list-item first last\"><input type=\"checkbox\" name=\"deut-train[]\" value=\"Deutungstraining (in Anlehnung an Skript 13)\" \/><span class=\"wpcf7-list-item-label\">Deutungstraining (in Anlehnung an Skript 13)<\/span><\/span><\/span><\/span> <\/label>\n<\/p>\n<p><label> --- <\/label>\n<\/p>\n<p><label> PDFs und Rechnung gehen an: <\/label><br \/>\n<span class=\"wpcf7-form-control-wrap\" data-name=\"user-name\"><input size=\"40\" maxlength=\"400\" class=\"wpcf7-form-control wpcf7-text wpcf7-validates-as-required\" aria-required=\"true\" aria-invalid=\"false\" placeholder=\"Vorname, Nachname\" value=\"\" type=\"text\" name=\"user-name\" \/><\/span><br \/>\n<span class=\"wpcf7-form-control-wrap\" data-name=\"user-street\"><input size=\"40\" maxlength=\"400\" class=\"wpcf7-form-control wpcf7-text\" aria-invalid=\"false\" placeholder=\"Strasse, Nr\" value=\"\" type=\"text\" name=\"user-street\" \/><\/span><br \/>\n<span class=\"wpcf7-form-control-wrap\" data-name=\"user-city\"><input size=\"40\" maxlength=\"400\" class=\"wpcf7-form-control wpcf7-text\" aria-invalid=\"false\" placeholder=\"PLZ, Ort, Staat\" value=\"\" type=\"text\" name=\"user-city\" \/><\/span><br \/>\n<span class=\"wpcf7-form-control-wrap\" data-name=\"your-email\"><input size=\"40\" maxlength=\"400\" class=\"wpcf7-form-control wpcf7-email wpcf7-validates-as-required wpcf7-text wpcf7-validates-as-email\" aria-required=\"true\" aria-invalid=\"false\" placeholder=\"E-Mail\" value=\"\" type=\"email\" name=\"your-email\" \/><\/span>\n<\/p>\n<p><input class=\"wpcf7-form-control wpcf7-submit has-spinner\" type=\"submit\" value=\"Senden\" \/>\n<\/p><div class=\"wpcf7-response-output\" aria-hidden=\"true\"><\/div>\n<\/form>\n<\/div>\n<\/div>\n","protected":false},"excerpt":{"rendered":"<p>Trainingssoftware Radix und Kinderhoroskope eine kostenlose \u00dcbungssoftware zur Deutung von Radix und Kinderhoroskopen mit mehreren 100 Fragen, Antworten und M\u00f6glichkeiten, gezielt Wissensl\u00fccken zu f\u00fcllen. mehr&#8230; Kostenlose pdf Downloads zum lesen fernlehrgang skripte Bitte senden Sie uns ein Mail an web@cortesi.ch anstelle des Formulars. Dieses wird nicht korrekt \u00fcbermittelt.<\/p>\n","protected":false},"author":1,"featured_media":0,"parent":0,"menu_order":0,"comment_status":"closed","ping_status":"closed","template":"","meta":{"footnotes":""},"class_list":["post-55","page","type-page","status-publish","hentry"],"_links":{"self":[{"href":"http:\/\/www.cortesi.ch\/index.php\/wp-json\/wp\/v2\/pages\/55","targetHints":{"allow":["GET"]}}],"collection":[{"href":"http:\/\/www.cortesi.ch\/index.php\/wp-json\/wp\/v2\/pages"}],"about":[{"href":"http:\/\/www.cortesi.ch\/index.php\/wp-json\/wp\/v2\/types\/page"}],"author":[{"embeddable":true,"href":"http:\/\/www.cortesi.ch\/index.php\/wp-json\/wp\/v2\/users\/1"}],"replies":[{"embeddable":true,"href":"http:\/\/www.cortesi.ch\/index.php\/wp-json\/wp\/v2\/comments?post=55"}],"version-history":[{"count":20,"href":"http:\/\/www.cortesi.ch\/index.php\/wp-json\/wp\/v2\/pages\/55\/revisions"}],"predecessor-version":[{"id":846,"href":"http:\/\/www.cortesi.ch\/index.php\/wp-json\/wp\/v2\/pages\/55\/revisions\/846"}],"wp:attachment":[{"href":"http:\/\/www.cortesi.ch\/index.php\/wp-json\/wp\/v2\/media?parent=55"}],"curies":[{"name":"wp","href":"https:\/\/api.w.org\/{rel}","templated":true}]}}