{"id":677,"date":"2023-04-24T09:36:39","date_gmt":"2023-04-24T07:36:39","guid":{"rendered":"http:\/\/www.cortesi.ch\/?page_id=677"},"modified":"2023-06-09T08:04:20","modified_gmt":"2023-06-09T06:04:20","slug":"kinderhoroskope","status":"publish","type":"page","link":"http:\/\/www.cortesi.ch\/index.php\/kinderhoroskope\/","title":{"rendered":"Kinderhoroskope"},"content":{"rendered":"\n<ul class=\"wp-block-list\">\n<li><a href=\"http:\/\/www.cortesi.ch\/index.php\/kinder-gezielt-foerdern-mit-astrologie\/\" data-type=\"page\" data-id=\"685\">f\u00fcr Eltern \/ Laien<\/a><\/li>\n\n\n\n<li><a href=\"http:\/\/www.cortesi.ch\/index.php\/astrologie-ein-werkzeug-um-kinder-besser-zu-verstehen\/\" data-type=\"page\" data-id=\"720\">f\u00fcr Astrologen<\/a><\/li>\n\n\n\n<li><a href=\"http:\/\/www.cortesi.ch\/index.php\/kinderhoroskope-deuten-und-verstehen\/\" data-type=\"page\" data-id=\"734\">Buch &#8222;Kinderhoroskope deuten und verstehen&#8220;<\/a><\/li>\n<\/ul>\n\n\n\n<figure class=\"wp-block-image aligncenter size-full\"><img loading=\"lazy\" decoding=\"async\" width=\"275\" height=\"412\" src=\"http:\/\/www.cortesi.ch\/wp-content\/uploads\/2023\/04\/ki_mit_pinsel.jpg\" alt=\"\" class=\"wp-image-682\" srcset=\"http:\/\/www.cortesi.ch\/wp-content\/uploads\/2023\/04\/ki_mit_pinsel.jpg 275w, http:\/\/www.cortesi.ch\/wp-content\/uploads\/2023\/04\/ki_mit_pinsel-200x300.jpg 200w\" sizes=\"auto, (max-width: 275px) 100vw, 275px\" \/><\/figure>\n\n\n\n<p>Ein Kind ist eine unverwechselbare, individuelle Pers\u00f6nlichkeit.<\/p>\n\n\n\n<p>So wie sein Gesicht, so sind auch sein Denken und F\u00fchlen, seine Vorstellungen, W\u00fcnsche und Tr\u00e4ume einmalig. Ein Kind erlebt die Umwelt auf seine ganz spezielle Art. Sein Leben ist der Ausdruck seines Wesens.<\/p>\n\n\n\n<p>Was kann die Astrologie beitragen?<\/p>\n\n\n\n<p>Astrologie kann die individuellen Charakterz\u00fcge eines Kindes beschreiben. Dabei geht die Astrologie nicht davon aus, dass ein Kind bei seiner Geburt von den Sternen gepr\u00e4gt oder beeinflusst wird. Die Konstellationen am Himmel k\u00f6nnen eher als eine Art &#8222;kosmische Uhr&#8220; betrachtet werden, von welcher das Pers\u00f6nlichkeitsprofil eines Menschen abgelesen wird.<\/p>\n\n\n\n<p>Die Astrologie beschreibt die grundlegenden Charakterz\u00fcge eines Kindes und gibt uns damit ein Mittel in die Hand, es bei der Entfaltung seiner Pers\u00f6nlichkeit optimal zu unterst\u00fctzen.<\/p>\n\n\n\n<p>Anita Cortesi<\/p>\n","protected":false},"excerpt":{"rendered":"<p>Ein Kind ist eine unverwechselbare, individuelle Pers\u00f6nlichkeit. So wie sein Gesicht, so sind auch sein Denken und F\u00fchlen, seine Vorstellungen, W\u00fcnsche und Tr\u00e4ume einmalig. Ein Kind erlebt die Umwelt auf seine ganz spezielle Art. Sein Leben ist der Ausdruck seines Wesens. Was kann die Astrologie beitragen? Astrologie kann die individuellen Charakterz\u00fcge eines Kindes beschreiben. Dabei [&hellip;]<\/p>\n","protected":false},"author":1,"featured_media":0,"parent":0,"menu_order":0,"comment_status":"closed","ping_status":"closed","template":"","meta":{"footnotes":""},"class_list":["post-677","page","type-page","status-publish","hentry"],"_links":{"self":[{"href":"http:\/\/www.cortesi.ch\/index.php\/wp-json\/wp\/v2\/pages\/677","targetHints":{"allow":["GET"]}}],"collection":[{"href":"http:\/\/www.cortesi.ch\/index.php\/wp-json\/wp\/v2\/pages"}],"about":[{"href":"http:\/\/www.cortesi.ch\/index.php\/wp-json\/wp\/v2\/types\/page"}],"author":[{"embeddable":true,"href":"http:\/\/www.cortesi.ch\/index.php\/wp-json\/wp\/v2\/users\/1"}],"replies":[{"embeddable":true,"href":"http:\/\/www.cortesi.ch\/index.php\/wp-json\/wp\/v2\/comments?post=677"}],"version-history":[{"count":6,"href":"http:\/\/www.cortesi.ch\/index.php\/wp-json\/wp\/v2\/pages\/677\/revisions"}],"predecessor-version":[{"id":739,"href":"http:\/\/www.cortesi.ch\/index.php\/wp-json\/wp\/v2\/pages\/677\/revisions\/739"}],"wp:attachment":[{"href":"http:\/\/www.cortesi.ch\/index.php\/wp-json\/wp\/v2\/media?parent=677"}],"curies":[{"name":"wp","href":"https:\/\/api.w.org\/{rel}","templated":true}]}}