{"id":734,"date":"2023-06-09T07:57:05","date_gmt":"2023-06-09T05:57:05","guid":{"rendered":"http:\/\/www.cortesi.ch\/?page_id=734"},"modified":"2023-06-09T07:57:05","modified_gmt":"2023-06-09T05:57:05","slug":"kinderhoroskope-deuten-und-verstehen","status":"publish","type":"page","link":"http:\/\/www.cortesi.ch\/index.php\/kinderhoroskope-deuten-und-verstehen\/","title":{"rendered":"Kinderhoroskope deuten und verstehen"},"content":{"rendered":"\n<p>Astrologie als Schl\u00fcssel zum Kinderherzen<\/p>\n\n\n\n<figure class=\"wp-block-image aligncenter size-full\"><img loading=\"lazy\" decoding=\"async\" width=\"292\" height=\"469\" src=\"http:\/\/www.cortesi.ch\/wp-content\/uploads\/2023\/06\/ki_buch.jpg\" alt=\"\" class=\"wp-image-735\" srcset=\"http:\/\/www.cortesi.ch\/wp-content\/uploads\/2023\/06\/ki_buch.jpg 292w, http:\/\/www.cortesi.ch\/wp-content\/uploads\/2023\/06\/ki_buch-187x300.jpg 187w\" sizes=\"auto, (max-width: 292px) 100vw, 292px\" \/><\/figure>\n\n\n\n<p>Ein Buch f\u00fcr Laien und Fachleute von Anita Cortesi<\/p>\n\n\n\n<p>Chiron Verlag (<a href=\"https:\/\/www.astronova.de\/kinder-horoskope-deuten-und-verstehen.html\">astronova<\/a>), T\u00fcbingen,\u00a03. Auflage\u00a02018, 26 \u20ac<\/p>\n\n\n\n<p>Anita Cortest ist als Autorin von Texten zur Horoskopdeutung per Computer (sog. \u00bbCortesi-Texte\u00ab) bereits \u00fcber Fachkreise hinaus bekannt und anerkannt. Gro\u00dfer Beliebtheit erfreuen sich vor allem ihre einf\u00fchlsamen Texte zur Deutung von Kinderhoroskopen. Mit diesem Buch stellt sie ihr profundes Wissen erstmals einem gro\u00dfen Leserkreis zur Verf\u00fcgung.<\/p>\n\n\n\n<p>Selbst Mutter zweier Kinder und ausgestattet mit einem sensiblen Fischeaszendenten, kann Cortesi sich auf wunderbare Weise in die Hoffnungen, Sehns\u00fcchte und Bed\u00fcrfnisse von Kinderherzen einf\u00fchlen und diesen Ausdruck geben. So werden beispielsweise die zw\u00f6lf Archetypen des Tierkreises aus der Sicht des Kindes dargestellt, so als w\u00fcrde das Widder-, Stier-&#8230;Kind direkt zum Leser sprechen. Cortesis Buch ist jedoch keines der \u00fcblichen Sonnenstands-Kinderb\u00fccher, sondern wesentlich astrologischer und psychologischer aufgebaut. Neben einer Einf\u00fchrung in die Entwicklungspsychologie geht die Autorin auch auf den Nutzen und die Gefahren bei der Deutung von Kinderhoroskopen ein, stellt eine ganze Familie mitsamt Horoskopen und Familiendynamik ausf\u00fchrlich dar, schildert Projektionsmechanismen im Familiensystem, und wendet sich somit nicht nur an astrologisch interessierte Eltern, sondern auch an beratend t\u00e4tige Astrologen.<\/p>\n\n\n\n<p>Den Hauptteil des Buches bilden jedoch die einzelnen Kapitel zu den Deutungsbausteinen des Kinderhoroskops, angefangen von den vier Elementen, den zw\u00f6lf Aszendententypen, der Bedeutung der Mondknoten bis hin zu jedem einzelnen der zehn Planeten sowie Chiron. Jede Planetenthematik wird ausf\u00fchrlich und unter Ber\u00fccksichtigung von entwicklungspsychologischen Gesichtspunkten dargestellt.<\/p>\n\n\n\n<p>Anita Cortesis zentrales Anliegen ist es, &#8222;die reichen Sch\u00e4tze der Astrologie f\u00fcr die Deutung von Kinderhoroskopen nutzbar zu machen und so das Verst\u00e4ndnis f\u00fcr Kinder zu f\u00f6rdern.&#8220; (S.17). Dies ist ihr mit ihrem ersten Buch in jeder Hinsicht gelungen. Wer es gelesen hat, der wird sowohl Kinder als auch seine eigene Kindheit mit anderen Augen sehen, seine eventuell vorhandenen \u00c4ngste in bezug auf &#8222;schwierige&#8220; Konstellationen relativieren und den ihm anvertrauten Kindern bzw. Klienten neue Potentiale und Entwicklungsm\u00f6glichkeiten aufzeigen k\u00f6nnen.<\/p>\n\n\n\n<p>Markus Jehle, Meridian Mai\/Juni 1998<\/p>\n","protected":false},"excerpt":{"rendered":"<p>Astrologie als Schl\u00fcssel zum Kinderherzen Ein Buch f\u00fcr Laien und Fachleute von Anita Cortesi Chiron Verlag (astronova), T\u00fcbingen,\u00a03. Auflage\u00a02018, 26 \u20ac Anita Cortest ist als Autorin von Texten zur Horoskopdeutung per Computer (sog. \u00bbCortesi-Texte\u00ab) bereits \u00fcber Fachkreise hinaus bekannt und anerkannt. Gro\u00dfer Beliebtheit erfreuen sich vor allem ihre einf\u00fchlsamen Texte zur Deutung von Kinderhoroskopen. Mit [&hellip;]<\/p>\n","protected":false},"author":1,"featured_media":0,"parent":0,"menu_order":0,"comment_status":"closed","ping_status":"closed","template":"","meta":{"footnotes":""},"class_list":["post-734","page","type-page","status-publish","hentry"],"_links":{"self":[{"href":"http:\/\/www.cortesi.ch\/index.php\/wp-json\/wp\/v2\/pages\/734","targetHints":{"allow":["GET"]}}],"collection":[{"href":"http:\/\/www.cortesi.ch\/index.php\/wp-json\/wp\/v2\/pages"}],"about":[{"href":"http:\/\/www.cortesi.ch\/index.php\/wp-json\/wp\/v2\/types\/page"}],"author":[{"embeddable":true,"href":"http:\/\/www.cortesi.ch\/index.php\/wp-json\/wp\/v2\/users\/1"}],"replies":[{"embeddable":true,"href":"http:\/\/www.cortesi.ch\/index.php\/wp-json\/wp\/v2\/comments?post=734"}],"version-history":[{"count":1,"href":"http:\/\/www.cortesi.ch\/index.php\/wp-json\/wp\/v2\/pages\/734\/revisions"}],"predecessor-version":[{"id":736,"href":"http:\/\/www.cortesi.ch\/index.php\/wp-json\/wp\/v2\/pages\/734\/revisions\/736"}],"wp:attachment":[{"href":"http:\/\/www.cortesi.ch\/index.php\/wp-json\/wp\/v2\/media?parent=734"}],"curies":[{"name":"wp","href":"https:\/\/api.w.org\/{rel}","templated":true}]}}