{"id":351,"date":"2023-02-24T15:26:31","date_gmt":"2023-02-24T14:26:31","guid":{"rendered":"http:\/\/www.cortesi.ch\/?page_id=351"},"modified":"2023-02-27T11:53:36","modified_gmt":"2023-02-27T10:53:36","slug":"das-tierkreiszeichen-skorpion","status":"publish","type":"page","link":"https:\/\/www.cortesi.ch\/index.php\/das-tierkreiszeichen-skorpion\/","title":{"rendered":"Das Tierkreiszeichen Skorpion"},"content":{"rendered":"\n<figure class=\"wp-block-image size-full\"><img loading=\"lazy\" decoding=\"async\" width=\"49\" height=\"49\" src=\"http:\/\/www.cortesi.ch\/wp-content\/uploads\/2023\/02\/Skorpion_f.gif\" alt=\"\" class=\"wp-image-329\"\/><\/figure>\n\n\n\n<p><strong>&#8222;Ich will den Dingen auf den Grund gehen!<br>Ich will Intensit\u00e4t!&#8220;<\/strong><\/p>\n\n\n\n<p><strong>Positive Eigenschaften eines Skorpion-Typs:<\/strong><br>Leidenschaftlich, unergr\u00fcndlich, unerschrocken, z\u00e4h, belastbar, ausdauernd, engagiert, tiefsch\u00fcrfend, forschend, gr\u00fcbelnd, dem Instinkthaften verbunden.<\/p>\n\n\n\n<p>Der Skorpion-Betonte liebt Intensit\u00e4t, will hinter die Dinge blicken und schreckt dabei vor nichts zur\u00fcck. Seine Gef\u00fchle gehen tief. Er ist fasziniert von allem Dunklen und Geheimnisvollen, von Geburt, Tod, Sexualit\u00e4t und Macht. Er kennt alle Abgr\u00fcnde des Lebens, aber keine Halbheiten und Kompromisse. Er durchschaut andere gut, erkennt den wahren Kern und setzt gerne den Finger auf den wunden Punkt, bei sich und bei anderen. Seine Handlungen sind zielgerichtet bis leidenschaftlich und sollen etwas bewirken und in Gang bringen.<\/p>\n\n\n\n<p><strong>Negative Entsprechungen:<\/strong><br>Gerissen, skrupellos, machtgierig, manipulierend, kompromisslos, triebhaft, auf Vorstellungen fixiert, j\u00e4hzornig, misstrauisch, sarkastisch, nachtragend, gr\u00fcblerisch, schwer zug\u00e4nglich, undurchschaubar, eifers\u00fcchtig, rachs\u00fcchtig, verbissen, pessimistisch<\/p>\n\n\n\n<p>Der Skorpion-Typ verachtet Schw\u00e4chen und versucht seine Fehler zu verstecken. Andere macht er gerne seelisch von sich abh\u00e4ngig und zieht sie, vor allem im erotisch-sexuellen Bereich, in seinen Bann. Bezugspersonen werden zu Objekten, mit denen er experimentiert.<\/p>\n\n\n\n<p><br>Dem Skorpion-Zeichen werden der\u00a0<a href=\"http:\/\/www.cortesi.ch\/index.php\/pluto\/\" data-type=\"page\" data-id=\"439\">Pluto\u00a0<\/a>und das\u00a0<a href=\"http:\/\/www.cortesi.ch\/index.php\/das-achte-haus\/\" data-type=\"page\" data-id=\"391\">achte Haus\u00a0<\/a>zugeordnet.<\/p>\n\n\n\n<p><a href=\"http:\/\/www.cortesi.ch\/index.php\/verwandtschaften-zwischen-zeichen-planeten-und-haeusern\/\" data-type=\"page\" data-id=\"494\">\u00dcbersicht\u00a0<\/a>\u00fcber Tierkreiszeichen, Planeten und H\u00e4user<\/p>\n","protected":false},"excerpt":{"rendered":"<p>&#8222;Ich will den Dingen auf den Grund gehen!Ich will Intensit\u00e4t!&#8220; Positive Eigenschaften eines Skorpion-Typs:Leidenschaftlich, unergr\u00fcndlich, unerschrocken, z\u00e4h, belastbar, ausdauernd, engagiert, tiefsch\u00fcrfend, forschend, gr\u00fcbelnd, dem Instinkthaften verbunden. Der Skorpion-Betonte liebt Intensit\u00e4t, will hinter die Dinge blicken und schreckt dabei vor nichts zur\u00fcck. Seine Gef\u00fchle gehen tief. Er ist fasziniert von allem Dunklen und Geheimnisvollen, von Geburt, [&hellip;]<\/p>\n","protected":false},"author":1,"featured_media":0,"parent":0,"menu_order":0,"comment_status":"closed","ping_status":"closed","template":"","meta":{"footnotes":""},"class_list":["post-351","page","type-page","status-publish","hentry"],"_links":{"self":[{"href":"https:\/\/www.cortesi.ch\/index.php\/wp-json\/wp\/v2\/pages\/351","targetHints":{"allow":["GET"]}}],"collection":[{"href":"https:\/\/www.cortesi.ch\/index.php\/wp-json\/wp\/v2\/pages"}],"about":[{"href":"https:\/\/www.cortesi.ch\/index.php\/wp-json\/wp\/v2\/types\/page"}],"author":[{"embeddable":true,"href":"https:\/\/www.cortesi.ch\/index.php\/wp-json\/wp\/v2\/users\/1"}],"replies":[{"embeddable":true,"href":"https:\/\/www.cortesi.ch\/index.php\/wp-json\/wp\/v2\/comments?post=351"}],"version-history":[{"count":3,"href":"https:\/\/www.cortesi.ch\/index.php\/wp-json\/wp\/v2\/pages\/351\/revisions"}],"predecessor-version":[{"id":566,"href":"https:\/\/www.cortesi.ch\/index.php\/wp-json\/wp\/v2\/pages\/351\/revisions\/566"}],"wp:attachment":[{"href":"https:\/\/www.cortesi.ch\/index.php\/wp-json\/wp\/v2\/media?parent=351"}],"curies":[{"name":"wp","href":"https:\/\/api.w.org\/{rel}","templated":true}]}}