{"id":429,"date":"2023-02-24T15:49:45","date_gmt":"2023-02-24T14:49:45","guid":{"rendered":"http:\/\/www.cortesi.ch\/?page_id=429"},"modified":"2023-03-01T07:12:19","modified_gmt":"2023-03-01T06:12:19","slug":"mars","status":"publish","type":"page","link":"https:\/\/www.cortesi.ch\/index.php\/mars\/","title":{"rendered":"Mars"},"content":{"rendered":"\n<figure class=\"wp-block-image size-full\"><img loading=\"lazy\" decoding=\"async\" width=\"49\" height=\"49\" src=\"http:\/\/www.cortesi.ch\/wp-content\/uploads\/2023\/02\/mars.gif\" alt=\"\" class=\"wp-image-411\"\/><\/figure>\n\n\n\n<p>Der Mars ist der erste Planet au\u00dferhalb der Erdumlaufbahn und umkreist die Sonne in knapp zwei Jahren. Auffallend ist seine r\u00f6tliche Farbe.<\/p>\n\n\n\n<p>Astrologisch gilt er als Gegenpol oder Erg\u00e4nzung der Venus.<\/p>\n\n\n\n<p>Mars symbolisiert M\u00e4nnlichkeit, physische Kraft, sowie Handlungs- und Durchsetzungsf\u00e4higkeit. Er steht f\u00fcr jenen Teil unserer Pers\u00f6nlichkeit, der in der Au\u00dfenwelt aktiv sein und etwas bewirken will, der sich entscheidet und einfach tut, ohne zu fragen, und der weder Kampf noch Konfrontation scheut. Pa\u00dft uns etwas nicht, so ist es dieser Teil in uns, der sich zur Wehr setzt und gegebenenfalls mit Aggression und Wut reagiert.<\/p>\n\n\n\n<p>In der Mythologie gilt Mars als Kriegsgott, und wir k\u00f6nnen die durch ihn symbolisierte Teilpers\u00f6nlichkeit in uns denn auch als Macher, Krieger und Verteidiger bezeichnen.<\/p>\n\n\n\n<p>Auch das archetypische Mannesbild einer Frau wird neben der Sonne dem Mars zugesprochen. Mars ist M\u00e4nnlichkeit schlechthin, sowohl im Partnerbild der Frau wie auch im Empfinden des Mannes.<\/p>\n\n\n\n<p>Im positiven l\u00e4\u00dft uns Mars tatkr\u00e4ftig handeln, Hindernisse aus dem Weg r\u00e4umen und unsere Anliegen durchsetzen. Er wird gest\u00e4rkt durch Widerstand und vermittelt in seinem direkten Ausdruck Lebensfreude und Lebendigkeit.<\/p>\n\n\n\n<p>Weniger angenehm sind die Zerrformen des Mars wie Aggression, Wut, R\u00fccksichtslosigkeit, Streit und Kampf. Ebenfalls belastend wirkt sich ein schwach gestelltes Mars-Prinzip aus. Wir k\u00f6nnen uns dann nicht wehren, setzen uns zuwenig oder nur im Verborgenen durch und erleben Wut und Aggression oft durch andere Menschen, die uns angreifen.<\/p>\n\n\n\n<div style=\"height:10px\" aria-hidden=\"true\" class=\"wp-block-spacer\"><\/div>\n\n\n\n<p><strong>Was bewirkt der Mars-Teil in uns:<\/strong><\/p>\n\n\n\n<ul class=\"wp-block-list\">\n<li>Wie handle ich?<\/li>\n\n\n\n<li>Wie setze ich mich durch?<\/li>\n\n\n\n<li>Wie treffe ich Entscheidungen?<\/li>\n\n\n\n<li>Wo gibt es Unterschiede und Herausforderung? (Venus: Wo gibt es \u00c4hnlichkeiten?)<\/li>\n<\/ul>\n\n\n\n<p><br>Das Zeichen\u00a0<a href=\"http:\/\/www.cortesi.ch\/index.php\/das-tierkreiszeichen-widder\/\" data-type=\"page\" data-id=\"335\">Widder\u00a0<\/a>und das\u00a0<a href=\"http:\/\/www.cortesi.ch\/index.php\/das-erste-haus\/\" data-type=\"page\" data-id=\"364\">erste Haus\u00a0<\/a>werden dem Mars zugeordnet.<\/p>\n\n\n\n<p><a href=\"http:\/\/www.cortesi.ch\/index.php\/verwandtschaften-zwischen-zeichen-planeten-und-haeusern\/\" data-type=\"page\" data-id=\"494\">\u00dcbersicht\u00a0<\/a>\u00fcber Tierkreiszeichen, Planeten und H\u00e4user<\/p>\n","protected":false},"excerpt":{"rendered":"<p>Der Mars ist der erste Planet au\u00dferhalb der Erdumlaufbahn und umkreist die Sonne in knapp zwei Jahren. Auffallend ist seine r\u00f6tliche Farbe. Astrologisch gilt er als Gegenpol oder Erg\u00e4nzung der Venus. Mars symbolisiert M\u00e4nnlichkeit, physische Kraft, sowie Handlungs- und Durchsetzungsf\u00e4higkeit. Er steht f\u00fcr jenen Teil unserer Pers\u00f6nlichkeit, der in der Au\u00dfenwelt aktiv sein und etwas [&hellip;]<\/p>\n","protected":false},"author":1,"featured_media":0,"parent":0,"menu_order":0,"comment_status":"closed","ping_status":"closed","template":"","meta":{"footnotes":""},"class_list":["post-429","page","type-page","status-publish","hentry"],"_links":{"self":[{"href":"https:\/\/www.cortesi.ch\/index.php\/wp-json\/wp\/v2\/pages\/429","targetHints":{"allow":["GET"]}}],"collection":[{"href":"https:\/\/www.cortesi.ch\/index.php\/wp-json\/wp\/v2\/pages"}],"about":[{"href":"https:\/\/www.cortesi.ch\/index.php\/wp-json\/wp\/v2\/types\/page"}],"author":[{"embeddable":true,"href":"https:\/\/www.cortesi.ch\/index.php\/wp-json\/wp\/v2\/users\/1"}],"replies":[{"embeddable":true,"href":"https:\/\/www.cortesi.ch\/index.php\/wp-json\/wp\/v2\/comments?post=429"}],"version-history":[{"count":4,"href":"https:\/\/www.cortesi.ch\/index.php\/wp-json\/wp\/v2\/pages\/429\/revisions"}],"predecessor-version":[{"id":615,"href":"https:\/\/www.cortesi.ch\/index.php\/wp-json\/wp\/v2\/pages\/429\/revisions\/615"}],"wp:attachment":[{"href":"https:\/\/www.cortesi.ch\/index.php\/wp-json\/wp\/v2\/media?parent=429"}],"curies":[{"name":"wp","href":"https:\/\/api.w.org\/{rel}","templated":true}]}}